{"id":9217,"date":"2018-07-31T16:28:18","date_gmt":"2018-07-31T16:28:18","guid":{"rendered":"http:\/\/www.elliott-tool.com\/?page_id=9217"},"modified":"2019-11-25T14:08:41","modified_gmt":"2019-11-25T14:08:41","slug":"herramientas-de-apoyos","status":"publish","type":"page","link":"https:\/\/www.elliott-tool.com\/es\/herramientas-de-apoyos\/","title":{"rendered":"Herramientas de Apoyos"},"content":{"rendered":"<div class=\"fusion-fullwidth fullwidth-box fusion-builder-row-1 hundred-percent-fullwidth non-hundred-percent-height-scrolling\" style=\"--awb-border-radius-top-left:0px;--awb-border-radius-top-right:0px;--awb-border-radius-bottom-right:0px;--awb-border-radius-bottom-left:0px;--awb-padding-right:0px;--awb-padding-left:0px;--awb-margin-top:40px;\" ><div class=\"fusion-builder-row fusion-row\"><div class=\"fusion-layout-column fusion_builder_column fusion-builder-column-0 fusion_builder_column_1_1 1_1 fusion-one-full fusion-column-first fusion-column-last\" style=\"--awb-bg-size:cover;\"><div class=\"fusion-column-wrapper fusion-flex-column-wrapper-legacy\"><div class=\"fusion-column-content-centered\"><div class=\"fusion-column-content\"><div class=\"fusion-title title fusion-title-1 sep-underline sep-solid fusion-title-center fusion-title-text fusion-title-size-two\"><h2 class=\"title-heading-center fusion-responsive-typography-calculated\" style=\"margin:0;--fontSize:34;line-height:1.5;\">Herramientas de Apoyos<\/h2><\/div><\/div><\/div><div class=\"fusion-clearfix\"><\/div><\/div><\/div><\/div><\/div><div class=\"fusion-fullwidth fullwidth-box fusion-builder-row-2 nonhundred-percent-fullwidth non-hundred-percent-height-scrolling\" style=\"--awb-border-radius-top-left:0px;--awb-border-radius-top-right:0px;--awb-border-radius-bottom-right:0px;--awb-border-radius-bottom-left:0px;\" ><div class=\"fusion-builder-row fusion-row\"><div class=\"fusion-layout-column fusion_builder_column fusion-builder-column-1 fusion_builder_column_1_1 1_1 fusion-one-full fusion-column-first fusion-column-last\" style=\"--awb-bg-size:cover;\"><div class=\"fusion-column-wrapper fusion-flex-column-wrapper-legacy\">\n\n<div class=\"table-1\">\n<table width=\"100%\">\n<thead>\n<tr>\n<th style=\"text-align: center;\" align=\"center\">Art\u00edculo<\/th>\n<th style=\"text-align: center;\" align=\"center\">Descripci\u00f3n<\/th>\n<\/tr>\n<\/thead>\n<tbody>\n<tr>\n<td align=\"center\"><a href=\"\/media\/tools\/Basic-Principles-of-Tube-Expanding.pdf\">Basic Principles Of Tube Expanding<\/a><\/td>\n<td align=\"center\"><span style=\"font-weight: 400;\">Expandir el Tubo es el arte de reducir una pared del tubo por comprimir el DE del tubo contra un contenedor fijo. \u00a0Se puede usar la siguiente tabla para determinar la reducci\u00f3n correcta de la pared del tubo. <\/span><\/td>\n<\/tr>\n<tr>\n<td align=\"center\"><a href=\"\/media\/tools\/Expander-Design-And-Usage.pdf\/\">Tube Expander Design &amp; Usage<\/a><\/td>\n<td align=\"center\"><span style=\"font-weight: 400;\">C\u00f3mo escoger el mejor expansor de tubos que le conviene<\/span>.<\/td>\n<\/tr>\n<tr>\n<td align=\"center\"><a href=\"\/media\/tools\/Expansion-Calculation-Spreadsheet.xls\/\">La Hoja de c\u00e1lculo del C\u00e1lculo de la Expansi\u00f3n<\/a><\/td>\n<td align=\"center\"><span style=\"font-weight: 400;\">Asegurar los sellos adecuados del tubo a la placa y configuraciones correctas de la <\/span><span style=\"font-weight: 400;\">caja de torsi\u00f3n <\/span><span style=\"font-weight: 400;\">con la ayuda de esta hoja de c\u00e1lculo<\/span>.<\/td>\n<\/tr>\n<tr>\n<td align=\"center\"><a href=\"\/media\/tools\/BWG-Calculator.xls\">Calculadora de medidor de tubo<\/a><\/td>\n<td align=\"center\"><span style=\"font-weight: 400;\">Determinar el espesor de su tubo utilizando el DE, DI, y espesor de pared.<\/span><\/td>\n<\/tr>\n<\/tbody>\n<\/table>\n<\/div>\n<div class=\"fusion-text fusion-text-1\"><\/div>\n<div class=\"fusion-clearfix\"><\/div><\/div><\/div><\/div><\/div><div class=\"fusion-fullwidth fullwidth-box fusion-builder-row-3 hundred-percent-fullwidth non-hundred-percent-height-scrolling\" style=\"--awb-border-radius-top-left:0px;--awb-border-radius-top-right:0px;--awb-border-radius-bottom-right:0px;--awb-border-radius-bottom-left:0px;--awb-padding-top:20px;--awb-padding-left:0px;--awb-margin-top:40px;--awb-background-color:#cccccc;\" ><div class=\"fusion-builder-row fusion-row\"><div class=\"fusion-layout-column fusion_builder_column fusion-builder-column-2 fusion_builder_column_1_1 1_1 fusion-one-full fusion-column-first fusion-column-last\" style=\"--awb-bg-size:cover;\"><div class=\"fusion-column-wrapper fusion-flex-column-wrapper-legacy\"><div class=\"fusion-button-wrapper\"><a class=\"fusion-button button-flat button-medium button-custom fusion-button-default button-1 fusion-button-default-span fusion-button-default-type\" style=\"--button_accent_color:#ffffff;--button_accent_hover_color:#ffffff;--button_border_hover_color:#ffffff;--button_gradient_top_color:#bf000d;--button_gradient_bottom_color:#bf000d;--button_gradient_top_color_hover:#545454;--button_gradient_bottom_color_hover:#545454;\" target=\"_self\" href=\"\/es\/contactenos\/\"><span class=\"fusion-button-text\">Contactarnos por m\u00e1s informaci\u00f3n o para pedir una cotizaci\u00f3n.<\/span><\/a><\/div><div class=\"fusion-clearfix\"><\/div><\/div><\/div><\/div><\/div>\n","protected":false},"excerpt":{"rendered":"Herramientas de Apoyos Art\u00edculo Descripci\u00f3n Basic Principles Of Tube Expanding Expandir el Tubo es el arte de reducir una pared del tubo por comprimir el DE del [...]","protected":false},"author":2,"featured_media":7711,"parent":0,"menu_order":0,"comment_status":"closed","ping_status":"closed","template":"","meta":{"content-type":"","footnotes":""},"yoast_head":"<!-- This site is optimized with the Yoast SEO plugin v23.1 - https:\/\/yoast.com\/wordpress\/plugins\/seo\/ -->\n<title>Herramientas de Apoyos - Elliott Tool Technologies<\/title>\n<meta name=\"robots\" content=\"index, follow, max-snippet:-1, max-image-preview:large, max-video-preview:-1\" \/>\n<link rel=\"canonical\" href=\"https:\/\/www.elliott-tool.com\/es\/herramientas-de-apoyos\/\" \/>\n<meta property=\"og:locale\" content=\"es_ES\" \/>\n<meta property=\"og:type\" content=\"article\" \/>\n<meta property=\"og:title\" content=\"Herramientas de Apoyos - Elliott Tool Technologies\" \/>\n<meta property=\"og:url\" content=\"https:\/\/www.elliott-tool.com\/es\/herramientas-de-apoyos\/\" \/>\n<meta property=\"og:site_name\" content=\"Elliott Tool Technologies\" \/>\n<meta property=\"article:publisher\" content=\"https:\/\/www.facebook.com\/elliotttool\" \/>\n<meta property=\"article:modified_time\" content=\"2019-11-25T14:08:41+00:00\" \/>\n<meta property=\"og:image\" content=\"https:\/\/www.elliott-tool.com\/wp-content\/uploads\/2017\/06\/ETTLogo.Search.png\" \/>\n\t<meta property=\"og:image:width\" content=\"320\" \/>\n\t<meta property=\"og:image:height\" content=\"200\" \/>\n\t<meta property=\"og:image:type\" content=\"image\/png\" \/>\n<meta name=\"twitter:card\" content=\"summary_large_image\" \/>\n<meta name=\"twitter:label1\" content=\"Tiempo de lectura\" \/>\n\t<meta name=\"twitter:data1\" content=\"4 minutos\" \/>\n<script type=\"application\/ld+json\" class=\"yoast-schema-graph\">{\"@context\":\"https:\/\/schema.org\",\"@graph\":[{\"@type\":\"WebPage\",\"@id\":\"https:\/\/www.elliott-tool.com\/es\/herramientas-de-apoyos\/\",\"url\":\"https:\/\/www.elliott-tool.com\/es\/herramientas-de-apoyos\/\",\"name\":\"Herramientas de Apoyos - Elliott Tool Technologies\",\"isPartOf\":{\"@id\":\"https:\/\/www.elliott-tool.com\/#website\"},\"primaryImageOfPage\":{\"@id\":\"https:\/\/www.elliott-tool.com\/es\/herramientas-de-apoyos\/#primaryimage\"},\"image\":{\"@id\":\"https:\/\/www.elliott-tool.com\/es\/herramientas-de-apoyos\/#primaryimage\"},\"thumbnailUrl\":\"https:\/\/www.elliott-tool.com\/wp-content\/uploads\/2017\/06\/ETTLogo.Search.png\",\"datePublished\":\"2018-07-31T16:28:18+00:00\",\"dateModified\":\"2019-11-25T14:08:41+00:00\",\"breadcrumb\":{\"@id\":\"https:\/\/www.elliott-tool.com\/es\/herramientas-de-apoyos\/#breadcrumb\"},\"inLanguage\":\"es\",\"potentialAction\":[{\"@type\":\"ReadAction\",\"target\":[\"https:\/\/www.elliott-tool.com\/es\/herramientas-de-apoyos\/\"]}]},{\"@type\":\"ImageObject\",\"inLanguage\":\"es\",\"@id\":\"https:\/\/www.elliott-tool.com\/es\/herramientas-de-apoyos\/#primaryimage\",\"url\":\"https:\/\/www.elliott-tool.com\/wp-content\/uploads\/2017\/06\/ETTLogo.Search.png\",\"contentUrl\":\"https:\/\/www.elliott-tool.com\/wp-content\/uploads\/2017\/06\/ETTLogo.Search.png\",\"width\":320,\"height\":200},{\"@type\":\"BreadcrumbList\",\"@id\":\"https:\/\/www.elliott-tool.com\/es\/herramientas-de-apoyos\/#breadcrumb\",\"itemListElement\":[{\"@type\":\"ListItem\",\"position\":1,\"name\":\"Home\",\"item\":\"https:\/\/www.elliott-tool.com\/es\/\"},{\"@type\":\"ListItem\",\"position\":2,\"name\":\"Herramientas de Apoyos\"}]},{\"@type\":\"WebSite\",\"@id\":\"https:\/\/www.elliott-tool.com\/#website\",\"url\":\"https:\/\/www.elliott-tool.com\/\",\"name\":\"Elliott Tool Technologies\",\"description\":\"Quality Tube Tools For An &quot;I Need It Yesterday World&quot;.\",\"alternateName\":\"Elliott Tool\",\"potentialAction\":[{\"@type\":\"SearchAction\",\"target\":{\"@type\":\"EntryPoint\",\"urlTemplate\":\"https:\/\/www.elliott-tool.com\/?s={search_term_string}\"},\"query-input\":\"required name=search_term_string\"}],\"inLanguage\":\"es\"}]}<\/script>\n<!-- \/ Yoast SEO plugin. -->","yoast_head_json":{"title":"Herramientas de Apoyos - Elliott Tool Technologies","robots":{"index":"index","follow":"follow","max-snippet":"max-snippet:-1","max-image-preview":"max-image-preview:large","max-video-preview":"max-video-preview:-1"},"canonical":"https:\/\/www.elliott-tool.com\/es\/herramientas-de-apoyos\/","og_locale":"es_ES","og_type":"article","og_title":"Herramientas de Apoyos - Elliott Tool Technologies","og_url":"https:\/\/www.elliott-tool.com\/es\/herramientas-de-apoyos\/","og_site_name":"Elliott Tool Technologies","article_publisher":"https:\/\/www.facebook.com\/elliotttool","article_modified_time":"2019-11-25T14:08:41+00:00","og_image":[{"width":320,"height":200,"url":"https:\/\/www.elliott-tool.com\/wp-content\/uploads\/2017\/06\/ETTLogo.Search.png","type":"image\/png"}],"twitter_card":"summary_large_image","twitter_misc":{"Tiempo de lectura":"4 minutos"},"schema":{"@context":"https:\/\/schema.org","@graph":[{"@type":"WebPage","@id":"https:\/\/www.elliott-tool.com\/es\/herramientas-de-apoyos\/","url":"https:\/\/www.elliott-tool.com\/es\/herramientas-de-apoyos\/","name":"Herramientas de Apoyos - Elliott Tool Technologies","isPartOf":{"@id":"https:\/\/www.elliott-tool.com\/#website"},"primaryImageOfPage":{"@id":"https:\/\/www.elliott-tool.com\/es\/herramientas-de-apoyos\/#primaryimage"},"image":{"@id":"https:\/\/www.elliott-tool.com\/es\/herramientas-de-apoyos\/#primaryimage"},"thumbnailUrl":"https:\/\/www.elliott-tool.com\/wp-content\/uploads\/2017\/06\/ETTLogo.Search.png","datePublished":"2018-07-31T16:28:18+00:00","dateModified":"2019-11-25T14:08:41+00:00","breadcrumb":{"@id":"https:\/\/www.elliott-tool.com\/es\/herramientas-de-apoyos\/#breadcrumb"},"inLanguage":"es","potentialAction":[{"@type":"ReadAction","target":["https:\/\/www.elliott-tool.com\/es\/herramientas-de-apoyos\/"]}]},{"@type":"ImageObject","inLanguage":"es","@id":"https:\/\/www.elliott-tool.com\/es\/herramientas-de-apoyos\/#primaryimage","url":"https:\/\/www.elliott-tool.com\/wp-content\/uploads\/2017\/06\/ETTLogo.Search.png","contentUrl":"https:\/\/www.elliott-tool.com\/wp-content\/uploads\/2017\/06\/ETTLogo.Search.png","width":320,"height":200},{"@type":"BreadcrumbList","@id":"https:\/\/www.elliott-tool.com\/es\/herramientas-de-apoyos\/#breadcrumb","itemListElement":[{"@type":"ListItem","position":1,"name":"Home","item":"https:\/\/www.elliott-tool.com\/es\/"},{"@type":"ListItem","position":2,"name":"Herramientas de Apoyos"}]},{"@type":"WebSite","@id":"https:\/\/www.elliott-tool.com\/#website","url":"https:\/\/www.elliott-tool.com\/","name":"Elliott Tool Technologies","description":"Quality Tube Tools For An &quot;I Need It Yesterday World&quot;.","alternateName":"Elliott Tool","potentialAction":[{"@type":"SearchAction","target":{"@type":"EntryPoint","urlTemplate":"https:\/\/www.elliott-tool.com\/?s={search_term_string}"},"query-input":"required name=search_term_string"}],"inLanguage":"es"}]}},"_links":{"self":[{"href":"https:\/\/www.elliott-tool.com\/es\/wp-json\/wp\/v2\/pages\/9217"}],"collection":[{"href":"https:\/\/www.elliott-tool.com\/es\/wp-json\/wp\/v2\/pages"}],"about":[{"href":"https:\/\/www.elliott-tool.com\/es\/wp-json\/wp\/v2\/types\/page"}],"author":[{"embeddable":true,"href":"https:\/\/www.elliott-tool.com\/es\/wp-json\/wp\/v2\/users\/2"}],"replies":[{"embeddable":true,"href":"https:\/\/www.elliott-tool.com\/es\/wp-json\/wp\/v2\/comments?post=9217"}],"version-history":[{"count":3,"href":"https:\/\/www.elliott-tool.com\/es\/wp-json\/wp\/v2\/pages\/9217\/revisions"}],"predecessor-version":[{"id":10536,"href":"https:\/\/www.elliott-tool.com\/es\/wp-json\/wp\/v2\/pages\/9217\/revisions\/10536"}],"wp:featuredmedia":[{"embeddable":true,"href":"https:\/\/www.elliott-tool.com\/es\/wp-json\/wp\/v2\/media\/7711"}],"wp:attachment":[{"href":"https:\/\/www.elliott-tool.com\/es\/wp-json\/wp\/v2\/media?parent=9217"}],"curies":[{"name":"wp","href":"https:\/\/api.w.org\/{rel}","templated":true}]}}