{"id":5899,"date":"2017-10-12T20:58:18","date_gmt":"2017-10-12T20:58:18","guid":{"rendered":"http:\/\/www.elliott-tool.com\/super-extractor-de-tubos\/"},"modified":"2019-11-25T14:08:53","modified_gmt":"2019-11-25T14:08:53","slug":"super-extractor-tubos","status":"publish","type":"page","link":"https:\/\/www.elliott-tool.com\/es\/super-extractor-tubos\/","title":{"rendered":"Super Extractor De Tubos"},"content":{"rendered":"<div class=\"fusion-fullwidth fullwidth-box fusion-builder-row-1 nonhundred-percent-fullwidth non-hundred-percent-height-scrolling\" style=\"--awb-border-radius-top-left:0px;--awb-border-radius-top-right:0px;--awb-border-radius-bottom-right:0px;--awb-border-radius-bottom-left:0px;--awb-padding-right:20%;--awb-padding-left:20%;\" ><div class=\"fusion-builder-row fusion-row\"><div class=\"fusion-layout-column fusion_builder_column fusion-builder-column-0 fusion_builder_column_1_2 1_2 fusion-one-half fusion-column-first\" style=\"--awb-bg-size:cover;width:50%;width:calc(50% - ( ( 4% ) * 0.5 ) );margin-right: 4%;\"><div class=\"fusion-column-wrapper fusion-flex-column-wrapper-legacy\"><div class=\"fusion-text fusion-text-1\"><h4 style=\"text-align: left;\">Super Extractor De Tubos<\/h4>\n<\/div><div class=\"fusion-text fusion-text-2\"><h5>Poderoso Sistema Hidr\u00e1ulico Continuo De Extracci\u00f3n De Tubos<\/h5>\n<\/div><div class=\"fusion-clearfix\"><\/div><\/div><\/div><div class=\"fusion-layout-column fusion_builder_column fusion-builder-column-1 fusion_builder_column_1_2 1_2 fusion-one-half fusion-column-last\" style=\"--awb-bg-size:cover;width:50%;width:calc(50% - ( ( 4% ) * 0.5 ) );\"><div class=\"fusion-column-wrapper fusion-flex-column-wrapper-legacy\"><div class=\"fusion-text fusion-text-3\"><p style=\"text-align: right;\"><a href=\"\/es\/super-extractor-tubos\/\">Descripci\u00f3n<\/a>\u00a0 \u00a0 \u00a0 <a href=\"\/es\/super-extractor-tubos\/especificaciones\/\">Especificaciones<\/a>\u00a0 \u00a0 \u00a0 <a href=\"\/media\/TM-42 Super Tube Tugger.pdf\">Manuales de Funcionamiento<\/a><\/p>\n<\/div><div class=\"fusion-clearfix\"><\/div><\/div><\/div><div class=\"fusion-layout-column fusion_builder_column fusion-builder-column-2 fusion_builder_column_1_1 1_1 fusion-one-full fusion-column-first fusion-column-last\" style=\"--awb-bg-size:cover;\"><div class=\"fusion-column-wrapper fusion-flex-column-wrapper-legacy\"><div class=\"fusion-sep-clear\"><\/div><div class=\"fusion-separator fusion-full-width-sep\" style=\"margin-left: auto;margin-right: auto;width:100%;\"><div class=\"fusion-separator-border sep-single sep-solid\" style=\"--awb-height:20px;--awb-amount:20px;border-color:#e0dede;border-top-width:1px;\"><\/div><\/div><div class=\"fusion-sep-clear\"><\/div><div class=\"fusion-clearfix\"><\/div><\/div><\/div><\/div><\/div><div class=\"fusion-fullwidth fullwidth-box fusion-builder-row-2 nonhundred-percent-fullwidth non-hundred-percent-height-scrolling\" style=\"--awb-border-radius-top-left:0px;--awb-border-radius-top-right:0px;--awb-border-radius-bottom-right:0px;--awb-border-radius-bottom-left:0px;--awb-margin-top:30px;--awb-margin-bottom:20px;\" ><div class=\"fusion-builder-row fusion-row\"><div class=\"fusion-layout-column fusion_builder_column fusion-builder-column-3 fusion_builder_column_1_1 1_1 fusion-one-full fusion-column-first fusion-column-last\" style=\"--awb-bg-size:cover;\"><div class=\"fusion-column-wrapper fusion-flex-column-wrapper-legacy\"><div class=\"fusion-title title fusion-title-1 fusion-sep-none fusion-title-center fusion-title-text fusion-title-size-two\"><h2 class=\"title-heading-center fusion-responsive-typography-calculated\" style=\"margin:0;--fontSize:34;line-height:1.5;\"><h1 class=\"ett-red\">Acci\u00f3n de Arrastre para M\u00e1xima Productividad.<\/h1><\/h2><\/div><div class=\"fusion-text fusion-text-4\"><h4 style=\"text-align: center;\">Con sus 60 toneladas de capacidad de arrastre, el Super Extractor de Elliott rompe las juntas de conexi\u00f3n expandidas en la placa. Entonces el extractor jala el tubo continuamente a\u00fan cuando se encuentra con obstrucciones en el camino.<\/h4>\n<\/div><div class=\"fusion-clearfix\"><\/div><\/div><\/div><div class=\"fusion-layout-column fusion_builder_column fusion-builder-column-4 fusion_builder_column_2_3 2_3 fusion-two-third fusion-column-first\" style=\"--awb-bg-size:cover;width:66.666666666667%;width:calc(66.666666666667% - ( ( 4% ) * 0.66666666666667 ) );margin-right: 4%;\"><div class=\"fusion-column-wrapper fusion-flex-column-wrapper-legacy\"><div class=\"fusion-image-element fusion-image-align-center in-legacy-container\" style=\"text-align:center;--awb-caption-title-font-family:var(--h2_typography-font-family);--awb-caption-title-font-weight:var(--h2_typography-font-weight);--awb-caption-title-font-style:var(--h2_typography-font-style);--awb-caption-title-size:var(--h2_typography-font-size);--awb-caption-title-transform:var(--h2_typography-text-transform);--awb-caption-title-line-height:var(--h2_typography-line-height);--awb-caption-title-letter-spacing:var(--h2_typography-letter-spacing);\"><div class=\"imageframe-align-center\"><span class=\" fusion-imageframe imageframe-none imageframe-1 hover-type-none fusion-animated\" data-animationType=\"slideInLeft\" data-animationDuration=\"0.3\" data-animationOffset=\"top-mid-of-view\" class=\"image-magnify\" class=\"image-scroll\"><img decoding=\"async\" alt=\"Super Tube Tugger\" src=\"data:image\/gif;base64,R0lGODlhAQABAAAAACH5BAEKAAEALAAAAAABAAEAAAICTAEAOw==\" data-orig-src=\"\/images\/products\/Super-Tube-Tugger.png\" class=\"lazyload img-responsive\"\/><\/span><\/div><\/div><div class=\"fusion-clearfix\"><\/div><\/div><\/div><div class=\"fusion-layout-column fusion_builder_column fusion-builder-column-5 fusion_builder_column_1_3 1_3 fusion-one-third fusion-column-last\" style=\"--awb-bg-size:cover;width:33.333333333333%;width:calc(33.333333333333% - ( ( 4% ) * 0.33333333333333 ) );\"><div class=\"fusion-column-wrapper fusion-flex-column-wrapper-legacy\"><ul style=\"--awb-size:13px;--awb-line-height:22.1px;--awb-icon-width:22.1px;--awb-icon-height:22.1px;--awb-icon-margin:9.1px;--awb-content-margin:31.2px;--awb-circlecolor:#aa0500;--awb-circle-yes-font-size:11.44px;\" class=\"fusion-checklist fusion-checklist-1 fusion-checklist-default type-icons\"><li class=\"fusion-li-item\" style=\"\"><span class=\"icon-wrapper circle-yes\"><i class=\"fusion-li-icon fa fa-check\" aria-hidden=\"true\"><\/i><\/span><div class=\"fusion-li-item-content\">\n<h3 class=\"ett-dark-gray\" data-fontsize=\"22\" data-lineheight=\"33\">Medida del Tubo: 1.500\u201d a 2.000\u201d (38.1 \u201350.8mm) DE<\/h3>\n<\/div><\/li><li class=\"fusion-li-item\" style=\"\"><span class=\"icon-wrapper circle-yes\"><i class=\"fusion-li-icon fa fa-check\" aria-hidden=\"true\"><\/i><\/span><div class=\"fusion-li-item-content\">\n<h3 class=\"ett-dark-gray\" data-fontsize=\"22\" data-lineheight=\"33\">Tipo:\u00a0Extractor de Tubos<\/h3>\n<\/div><\/li><li class=\"fusion-li-item\" style=\"\"><span class=\"icon-wrapper circle-yes\"><i class=\"fusion-li-icon fa fa-check\" aria-hidden=\"true\"><\/i><\/span><div class=\"fusion-li-item-content\">\n<h3 class=\"ett-dark-gray\" data-fontsize=\"22\" data-lineheight=\"33\">Aplicaci\u00f3n:\u00a0Calderas y condensadores de superficie<\/h3>\n<\/div><\/li><li class=\"fusion-li-item\" style=\"\"><span class=\"icon-wrapper circle-yes\"><i class=\"fusion-li-icon fa fa-check\" aria-hidden=\"true\"><\/i><\/span><div class=\"fusion-li-item-content\">\n<h3 class=\"ett-dark-gray\" data-fontsize=\"22\" data-lineheight=\"33\">Capacidad:\u00a060 Toneladas<\/h3>\n<\/div><\/li><li class=\"fusion-li-item\" style=\"\"><span class=\"icon-wrapper circle-yes\"><i class=\"fusion-li-icon fa fa-check\" aria-hidden=\"true\"><\/i><\/span><div class=\"fusion-li-item-content\">\n<h3 class=\"ett-dark-gray\" data-fontsize=\"22\" data-lineheight=\"33\">Golpe:\u00a04&#8243; (101mm)<\/h3>\n<\/div><\/li><\/ul><div class=\"fusion-clearfix\"><\/div><\/div><\/div><\/div><\/div><div class=\"fusion-fullwidth fullwidth-box fusion-builder-row-3 hundred-percent-fullwidth non-hundred-percent-height-scrolling\" style=\"--awb-border-radius-top-left:0px;--awb-border-radius-top-right:0px;--awb-border-radius-bottom-right:0px;--awb-border-radius-bottom-left:0px;--awb-padding-top:40px;--awb-padding-right:0px;--awb-padding-bottom:20px;--awb-padding-left:0px;--awb-background-color:#8e8e8e;\" ><div class=\"fusion-builder-row fusion-row\"><div class=\"fusion-layout-column fusion_builder_column fusion-builder-column-6 fusion_builder_column_1_1 1_1 fusion-one-full fusion-column-first fusion-column-last\" style=\"--awb-padding-right:20px;--awb-padding-left:20px;--awb-bg-size:cover;\"><div class=\"fusion-column-wrapper fusion-flex-column-wrapper-legacy\"><div class=\"fusion-title title fusion-title-2 fusion-sep-none fusion-title-center fusion-title-text fusion-title-size-two\"><h2 class=\"title-heading-center fusion-responsive-typography-calculated\" style=\"margin:0;--fontSize:34;line-height:1.5;\"><h2 class=\"ett-white\">Poderoso sistema de extracci\u00f3n de tubos<\/h2><\/h2><\/div><div class=\"fusion-text fusion-text-5\"><h4 class=\"ett-white\" style=\"text-align: center;\">El Super Extractor de Elliott es un poderoso sistema de extracci\u00f3n hidr\u00e1ulica continua, para remover casi sin esfuerzo tubos de cualquier material en calderas y condensadores de superficie.<\/h4>\n<\/div><div class=\"fusion-clearfix\"><\/div><\/div><\/div><\/div><\/div><div class=\"fusion-fullwidth fullwidth-box fusion-builder-row-4 hundred-percent-fullwidth non-hundred-percent-height-scrolling\" style=\"--awb-border-radius-top-left:0px;--awb-border-radius-top-right:0px;--awb-border-radius-bottom-right:0px;--awb-border-radius-bottom-left:0px;--awb-padding-left:0px;\" ><div class=\"fusion-builder-row fusion-row\"><div class=\"fusion-layout-column fusion_builder_column fusion-builder-column-7 fusion_builder_column_1_1 1_1 fusion-one-full fusion-column-first fusion-column-last\" style=\"--awb-bg-size:cover;--awb-margin-bottom:0px;\"><div class=\"fusion-column-wrapper fusion-flex-column-wrapper-legacy\"><div class=\"fusion-section-separator section-separator triangle fusion-section-separator-1\" style=\"--awb-border-bottom:11px solid #8e8e8e;--awb-spacer-height:11px;--awb-svg-margin-left:0;--awb-svg-margin-right:0;--awb-icon-color:#ffffff;--awb-icon-top:auto;--awb-icon-bottom:-21px;\"><div class=\"fusion-section-separator-svg\"><div class=\"divider-candy-arrow bottom\" style=\"top:11px;border-top-color: #8e8e8e;\"><\/div><div class=\"divider-candy bottom\" style=\"bottom:-31px;border-bottom:1px solid #8e8e8e;border-left:1px solid #8e8e8e;\"><\/div><\/div><div class=\"fusion-section-separator-spacer\"><div class=\"fusion-section-separator-spacer-height\"><\/div><\/div><\/div><div class=\"fusion-clearfix\"><\/div><\/div><\/div><\/div><\/div><div class=\"fusion-fullwidth fullwidth-box fusion-builder-row-5 hundred-percent-fullwidth non-hundred-percent-height-scrolling\" style=\"--awb-border-radius-top-left:0px;--awb-border-radius-top-right:0px;--awb-border-radius-bottom-right:0px;--awb-border-radius-bottom-left:0px;--awb-padding-left:0px;--awb-margin-bottom:20px;--awb-background-color:#ffffff;\" ><div class=\"fusion-builder-row fusion-row\"><div class=\"fusion-layout-column fusion_builder_column fusion-builder-column-8 fusion_builder_column_1_3 1_3 fusion-one-third fusion-column-first\" style=\"--awb-bg-size:cover;--awb-margin-top:125px;width:33.333333333333%;width:calc(33.333333333333% - ( ( 4% + 4% ) * 0.33333333333333 ) );margin-right: 4%;\"><div class=\"fusion-column-wrapper fusion-flex-column-wrapper-legacy\"><div class=\"fusion-fa-align-center\"><i class=\"fb-icon-element-1 fb-icon-element fontawesome-icon fa fa-road circle-no\" style=\"--awb-iconcolor:#bf000d;--awb-iconcolor-hover:#bf000d;--awb-font-size:50px;\"><\/i><\/div><div class=\"fusion-sep-clear\"><\/div><div class=\"fusion-separator fusion-full-width-sep\" style=\"margin-left: auto;margin-right: auto;margin-top:10px;width:100%;\"><\/div><div class=\"fusion-sep-clear\"><\/div><div class=\"fusion-text fusion-text-6\"><h3 style=\"text-align: center;\">F\u00e1cil de Mover<\/h3>\n<\/div><div class=\"fusion-text fusion-text-7\"><p style=\"text-align: center;\">Bomba y cilindro port\u00e1tiles f\u00e1cil de maniobrar en espacios cerrados.<\/p>\n<\/div><div class=\"fusion-clearfix\"><\/div><\/div><\/div><div class=\"fusion-layout-column fusion_builder_column fusion-builder-column-9 fusion_builder_column_1_3 1_3 fusion-one-third\" style=\"--awb-bg-size:cover;--awb-margin-top:125px;width:33.333333333333%;width:calc(33.333333333333% - ( ( 4% + 4% ) * 0.33333333333333 ) );margin-right: 4%;\"><div class=\"fusion-column-wrapper fusion-flex-column-wrapper-legacy\"><div class=\"fusion-fa-align-center\"><i class=\"fb-icon-element-2 fb-icon-element fontawesome-icon fa fa-user circle-no\" style=\"--awb-iconcolor:#bf000d;--awb-iconcolor-hover:#bf000d;--awb-font-size:50px;\"><\/i><\/div><div class=\"fusion-sep-clear\"><\/div><div class=\"fusion-separator fusion-full-width-sep\" style=\"margin-left: auto;margin-right: auto;margin-top:10px;width:100%;\"><\/div><div class=\"fusion-sep-clear\"><\/div><div class=\"fusion-text fusion-text-8\"><h3 style=\"text-align: center;\">Reduce el costo de mano de obra<\/h3>\n<\/div><div class=\"fusion-text fusion-text-9\"><p style=\"text-align: center;\">Acci\u00f3n de arrastre de alta producci\u00f3n.<\/p>\n<\/div><div class=\"fusion-clearfix\"><\/div><\/div><\/div><div class=\"fusion-layout-column fusion_builder_column fusion-builder-column-10 fusion_builder_column_1_3 1_3 fusion-one-third fusion-column-last\" style=\"--awb-bg-size:cover;--awb-margin-top:125px;width:33.333333333333%;width:calc(33.333333333333% - ( ( 4% + 4% ) * 0.33333333333333 ) );\"><div class=\"fusion-column-wrapper fusion-flex-column-wrapper-legacy\"><div class=\"fusion-fa-align-center\"><i class=\"fb-icon-element-3 fb-icon-element fontawesome-icon fa fa-usd circle-no\" style=\"--awb-iconcolor:#bf000d;--awb-iconcolor-hover:#bf000d;--awb-font-size:60px;\"><\/i><\/div><div class=\"fusion-sep-clear\"><\/div><div class=\"fusion-separator fusion-full-width-sep\" style=\"margin-left: auto;margin-right: auto;margin-top:10px;width:100%;\"><\/div><div class=\"fusion-sep-clear\"><\/div><div class=\"fusion-text fusion-text-10\"><h3 style=\"text-align: center;\">Mejor Valor<\/h3>\n<\/div><div class=\"fusion-text fusion-text-11\"><p style=\"text-align: center;\">Alto tonelaje hace que los trabajos dif\u00edciles sean f\u00e1ciles de realizar.<\/p>\n<\/div><div class=\"fusion-clearfix\"><\/div><\/div><\/div><\/div><\/div><div class=\"fusion-fullwidth fullwidth-box fusion-builder-row-6 hundred-percent-fullwidth non-hundred-percent-height-scrolling\" style=\"--awb-border-radius-top-left:0px;--awb-border-radius-top-right:0px;--awb-border-radius-bottom-right:0px;--awb-border-radius-bottom-left:0px;--awb-padding-top:20px;--awb-padding-left:0px;--awb-background-color:#cccccc;\" ><div class=\"fusion-builder-row fusion-row\"><div class=\"fusion-layout-column fusion_builder_column fusion-builder-column-11 fusion_builder_column_1_1 1_1 fusion-one-full fusion-column-first fusion-column-last\" style=\"--awb-bg-size:cover;\"><div class=\"fusion-column-wrapper fusion-flex-column-wrapper-legacy\"><div class=\"fusion-button-wrapper\"><a class=\"fusion-button button-flat button-medium button-custom fusion-button-default button-1 fusion-button-default-span fusion-button-default-type\" style=\"--button_accent_color:#ffffff;--button_accent_hover_color:#ffffff;--button_border_hover_color:#ffffff;--button_gradient_top_color:#bf000d;--button_gradient_bottom_color:#bf000d;--button_gradient_top_color_hover:#545454;--button_gradient_bottom_color_hover:#545454;\" target=\"_self\" href=\"\/es\/contactenos\/\"><span class=\"fusion-button-text\">Contactarnos por m\u00e1s informaci\u00f3n o para pedir una cotizaci\u00f3n<\/span><\/a><\/div><div class=\"fusion-clearfix\"><\/div><\/div><\/div><\/div><\/div>\n","protected":false},"excerpt":{"rendered":"<p>El Super Extractor Modelo 80-40200 de Elliott es un poderoso sistema de extracci\u00f3n hidr\u00e1ulica continua, para remover casi sin esfuerzo tubos de cualquier material en calderas y condensadores de superficie.<\/p>\n","protected":false},"author":2,"featured_media":2855,"parent":0,"menu_order":0,"comment_status":"closed","ping_status":"closed","template":"","meta":{"content-type":"","footnotes":""},"yoast_head":"<!-- This site is optimized with the Yoast SEO plugin v23.1 - https:\/\/yoast.com\/wordpress\/plugins\/seo\/ -->\n<title>Super Extractor De Tubos Poderoso Sistema Hidr\u00e1ulico Continuo De Extracci\u00f3n De Tubos - Elliott Tool Technologies<\/title>\n<meta name=\"description\" content=\"El Super Extractor Modelo 80-40200 de Elliott es un poderoso sistema de extracci\u00f3n hidr\u00e1ulica continua, para remover casi sin esfuerzo tubos de cualquier material en calderas y condensadores de superficie.\" \/>\n<meta name=\"robots\" content=\"index, follow, max-snippet:-1, max-image-preview:large, max-video-preview:-1\" \/>\n<link rel=\"canonical\" href=\"https:\/\/www.elliott-tool.com\/es\/super-extractor-tubos\/\" \/>\n<meta property=\"og:locale\" content=\"es_ES\" \/>\n<meta property=\"og:type\" content=\"article\" \/>\n<meta property=\"og:title\" content=\"Super Extractor De Tubos Poderoso Sistema Hidr\u00e1ulico Continuo De Extracci\u00f3n De Tubos - Elliott Tool Technologies\" \/>\n<meta property=\"og:description\" content=\"El Super Extractor Modelo 80-40200 de Elliott es un poderoso sistema de extracci\u00f3n hidr\u00e1ulica continua, para remover casi sin esfuerzo tubos de cualquier material en calderas y condensadores de superficie.\" \/>\n<meta property=\"og:url\" content=\"https:\/\/www.elliott-tool.com\/es\/super-extractor-tubos\/\" \/>\n<meta property=\"og:site_name\" content=\"Elliott Tool Technologies\" \/>\n<meta property=\"article:publisher\" content=\"https:\/\/www.facebook.com\/elliotttool\" \/>\n<meta property=\"article:modified_time\" content=\"2019-11-25T14:08:53+00:00\" \/>\n<meta property=\"og:image\" content=\"https:\/\/www.elliott-tool.com\/wp-content\/uploads\/2017\/09\/Super-Tube-Tugger.Search.png\" \/>\n\t<meta property=\"og:image:width\" content=\"320\" \/>\n\t<meta property=\"og:image:height\" content=\"200\" \/>\n\t<meta property=\"og:image:type\" content=\"image\/png\" \/>\n<meta name=\"twitter:card\" content=\"summary_large_image\" \/>\n<meta name=\"twitter:label1\" content=\"Tiempo de lectura\" \/>\n\t<meta name=\"twitter:data1\" content=\"11 minutos\" \/>\n<script type=\"application\/ld+json\" class=\"yoast-schema-graph\">{\"@context\":\"https:\/\/schema.org\",\"@graph\":[{\"@type\":\"WebPage\",\"@id\":\"https:\/\/www.elliott-tool.com\/es\/super-extractor-tubos\/\",\"url\":\"https:\/\/www.elliott-tool.com\/es\/super-extractor-tubos\/\",\"name\":\"Super Extractor De Tubos Poderoso Sistema Hidr\u00e1ulico Continuo De Extracci\u00f3n De Tubos - Elliott Tool Technologies\",\"isPartOf\":{\"@id\":\"https:\/\/www.elliott-tool.com\/#website\"},\"primaryImageOfPage\":{\"@id\":\"https:\/\/www.elliott-tool.com\/es\/super-extractor-tubos\/#primaryimage\"},\"image\":{\"@id\":\"https:\/\/www.elliott-tool.com\/es\/super-extractor-tubos\/#primaryimage\"},\"thumbnailUrl\":\"https:\/\/www.elliott-tool.com\/wp-content\/uploads\/2017\/09\/Super-Tube-Tugger.Search.png\",\"datePublished\":\"2017-10-12T20:58:18+00:00\",\"dateModified\":\"2019-11-25T14:08:53+00:00\",\"description\":\"El Super Extractor Modelo 80-40200 de Elliott es un poderoso sistema de extracci\u00f3n hidr\u00e1ulica continua, para remover casi sin esfuerzo tubos de cualquier material en calderas y condensadores de superficie.\",\"breadcrumb\":{\"@id\":\"https:\/\/www.elliott-tool.com\/es\/super-extractor-tubos\/#breadcrumb\"},\"inLanguage\":\"es\",\"potentialAction\":[{\"@type\":\"ReadAction\",\"target\":[\"https:\/\/www.elliott-tool.com\/es\/super-extractor-tubos\/\"]}]},{\"@type\":\"ImageObject\",\"inLanguage\":\"es\",\"@id\":\"https:\/\/www.elliott-tool.com\/es\/super-extractor-tubos\/#primaryimage\",\"url\":\"https:\/\/www.elliott-tool.com\/wp-content\/uploads\/2017\/09\/Super-Tube-Tugger.Search.png\",\"contentUrl\":\"https:\/\/www.elliott-tool.com\/wp-content\/uploads\/2017\/09\/Super-Tube-Tugger.Search.png\",\"width\":320,\"height\":200},{\"@type\":\"BreadcrumbList\",\"@id\":\"https:\/\/www.elliott-tool.com\/es\/super-extractor-tubos\/#breadcrumb\",\"itemListElement\":[{\"@type\":\"ListItem\",\"position\":1,\"name\":\"Home\",\"item\":\"https:\/\/www.elliott-tool.com\/es\/\"},{\"@type\":\"ListItem\",\"position\":2,\"name\":\"Super Extractor De Tubos\"}]},{\"@type\":\"WebSite\",\"@id\":\"https:\/\/www.elliott-tool.com\/#website\",\"url\":\"https:\/\/www.elliott-tool.com\/\",\"name\":\"Elliott Tool Technologies\",\"description\":\"Quality Tube Tools For An &quot;I Need It Yesterday World&quot;.\",\"alternateName\":\"Elliott Tool\",\"potentialAction\":[{\"@type\":\"SearchAction\",\"target\":{\"@type\":\"EntryPoint\",\"urlTemplate\":\"https:\/\/www.elliott-tool.com\/?s={search_term_string}\"},\"query-input\":\"required name=search_term_string\"}],\"inLanguage\":\"es\"}]}<\/script>\n<!-- \/ Yoast SEO plugin. -->","yoast_head_json":{"title":"Super Extractor De Tubos Poderoso Sistema Hidr\u00e1ulico Continuo De Extracci\u00f3n De Tubos - Elliott Tool Technologies","description":"El Super Extractor Modelo 80-40200 de Elliott es un poderoso sistema de extracci\u00f3n hidr\u00e1ulica continua, para remover casi sin esfuerzo tubos de cualquier material en calderas y condensadores de superficie.","robots":{"index":"index","follow":"follow","max-snippet":"max-snippet:-1","max-image-preview":"max-image-preview:large","max-video-preview":"max-video-preview:-1"},"canonical":"https:\/\/www.elliott-tool.com\/es\/super-extractor-tubos\/","og_locale":"es_ES","og_type":"article","og_title":"Super Extractor De Tubos Poderoso Sistema Hidr\u00e1ulico Continuo De Extracci\u00f3n De Tubos - Elliott Tool Technologies","og_description":"El Super Extractor Modelo 80-40200 de Elliott es un poderoso sistema de extracci\u00f3n hidr\u00e1ulica continua, para remover casi sin esfuerzo tubos de cualquier material en calderas y condensadores de superficie.","og_url":"https:\/\/www.elliott-tool.com\/es\/super-extractor-tubos\/","og_site_name":"Elliott Tool Technologies","article_publisher":"https:\/\/www.facebook.com\/elliotttool","article_modified_time":"2019-11-25T14:08:53+00:00","og_image":[{"width":320,"height":200,"url":"https:\/\/www.elliott-tool.com\/wp-content\/uploads\/2017\/09\/Super-Tube-Tugger.Search.png","type":"image\/png"}],"twitter_card":"summary_large_image","twitter_misc":{"Tiempo de lectura":"11 minutos"},"schema":{"@context":"https:\/\/schema.org","@graph":[{"@type":"WebPage","@id":"https:\/\/www.elliott-tool.com\/es\/super-extractor-tubos\/","url":"https:\/\/www.elliott-tool.com\/es\/super-extractor-tubos\/","name":"Super Extractor De Tubos Poderoso Sistema Hidr\u00e1ulico Continuo De Extracci\u00f3n De Tubos - Elliott Tool Technologies","isPartOf":{"@id":"https:\/\/www.elliott-tool.com\/#website"},"primaryImageOfPage":{"@id":"https:\/\/www.elliott-tool.com\/es\/super-extractor-tubos\/#primaryimage"},"image":{"@id":"https:\/\/www.elliott-tool.com\/es\/super-extractor-tubos\/#primaryimage"},"thumbnailUrl":"https:\/\/www.elliott-tool.com\/wp-content\/uploads\/2017\/09\/Super-Tube-Tugger.Search.png","datePublished":"2017-10-12T20:58:18+00:00","dateModified":"2019-11-25T14:08:53+00:00","description":"El Super Extractor Modelo 80-40200 de Elliott es un poderoso sistema de extracci\u00f3n hidr\u00e1ulica continua, para remover casi sin esfuerzo tubos de cualquier material en calderas y condensadores de superficie.","breadcrumb":{"@id":"https:\/\/www.elliott-tool.com\/es\/super-extractor-tubos\/#breadcrumb"},"inLanguage":"es","potentialAction":[{"@type":"ReadAction","target":["https:\/\/www.elliott-tool.com\/es\/super-extractor-tubos\/"]}]},{"@type":"ImageObject","inLanguage":"es","@id":"https:\/\/www.elliott-tool.com\/es\/super-extractor-tubos\/#primaryimage","url":"https:\/\/www.elliott-tool.com\/wp-content\/uploads\/2017\/09\/Super-Tube-Tugger.Search.png","contentUrl":"https:\/\/www.elliott-tool.com\/wp-content\/uploads\/2017\/09\/Super-Tube-Tugger.Search.png","width":320,"height":200},{"@type":"BreadcrumbList","@id":"https:\/\/www.elliott-tool.com\/es\/super-extractor-tubos\/#breadcrumb","itemListElement":[{"@type":"ListItem","position":1,"name":"Home","item":"https:\/\/www.elliott-tool.com\/es\/"},{"@type":"ListItem","position":2,"name":"Super Extractor De Tubos"}]},{"@type":"WebSite","@id":"https:\/\/www.elliott-tool.com\/#website","url":"https:\/\/www.elliott-tool.com\/","name":"Elliott Tool Technologies","description":"Quality Tube Tools For An &quot;I Need It Yesterday World&quot;.","alternateName":"Elliott Tool","potentialAction":[{"@type":"SearchAction","target":{"@type":"EntryPoint","urlTemplate":"https:\/\/www.elliott-tool.com\/?s={search_term_string}"},"query-input":"required name=search_term_string"}],"inLanguage":"es"}]}},"_links":{"self":[{"href":"https:\/\/www.elliott-tool.com\/es\/wp-json\/wp\/v2\/pages\/5899"}],"collection":[{"href":"https:\/\/www.elliott-tool.com\/es\/wp-json\/wp\/v2\/pages"}],"about":[{"href":"https:\/\/www.elliott-tool.com\/es\/wp-json\/wp\/v2\/types\/page"}],"author":[{"embeddable":true,"href":"https:\/\/www.elliott-tool.com\/es\/wp-json\/wp\/v2\/users\/2"}],"replies":[{"embeddable":true,"href":"https:\/\/www.elliott-tool.com\/es\/wp-json\/wp\/v2\/comments?post=5899"}],"version-history":[{"count":23,"href":"https:\/\/www.elliott-tool.com\/es\/wp-json\/wp\/v2\/pages\/5899\/revisions"}],"predecessor-version":[{"id":10576,"href":"https:\/\/www.elliott-tool.com\/es\/wp-json\/wp\/v2\/pages\/5899\/revisions\/10576"}],"wp:featuredmedia":[{"embeddable":true,"href":"https:\/\/www.elliott-tool.com\/es\/wp-json\/wp\/v2\/media\/2855"}],"wp:attachment":[{"href":"https:\/\/www.elliott-tool.com\/es\/wp-json\/wp\/v2\/media?parent=5899"}],"curies":[{"name":"wp","href":"https:\/\/api.w.org\/{rel}","templated":true}]}}