{"id":5748,"date":"2017-10-12T19:37:45","date_gmt":"2017-10-12T19:37:45","guid":{"rendered":"http:\/\/www.elliott-tool.com\/acabado-de-metales\/unidad-de-rebajo-interno\/"},"modified":"2024-01-11T14:38:08","modified_gmt":"2024-01-11T19:38:08","slug":"unidad-rebajo-interno","status":"publish","type":"page","link":"https:\/\/www.elliott-tool.com\/es\/acabado-de-metales\/unidad-rebajo-interno\/","title":{"rendered":"Unidad de Rebajo Interno"},"content":{"rendered":"<div class=\"fusion-fullwidth fullwidth-box fusion-builder-row-1 nonhundred-percent-fullwidth non-hundred-percent-height-scrolling\" style=\"--awb-border-radius-top-left:0px;--awb-border-radius-top-right:0px;--awb-border-radius-bottom-right:0px;--awb-border-radius-bottom-left:0px;--awb-padding-right:20%;--awb-padding-left:20%;\" ><div class=\"fusion-builder-row fusion-row\"><div class=\"fusion-layout-column fusion_builder_column fusion-builder-column-0 fusion_builder_column_1_2 1_2 fusion-one-half fusion-column-first\" style=\"--awb-bg-size:cover;width:50%;width:calc(50% - ( ( 4% ) * 0.5 ) );margin-right: 4%;\"><div class=\"fusion-column-wrapper fusion-flex-column-wrapper-legacy\"><div class=\"fusion-text fusion-text-1\"><h4 style=\"text-align: left;\">Unidad de Rebajo Interno<\/h4>\n<\/div><div class=\"fusion-text fusion-text-2\"><h5>Herramientas de Precisi\u00f3n para Acabado de Metales<\/h5>\n<\/div><div class=\"fusion-clearfix\"><\/div><\/div><\/div><div class=\"fusion-layout-column fusion_builder_column fusion-builder-column-1 fusion_builder_column_1_2 1_2 fusion-one-half fusion-column-last\" style=\"--awb-bg-size:cover;width:50%;width:calc(50% - ( ( 4% ) * 0.5 ) );\"><div class=\"fusion-column-wrapper fusion-flex-column-wrapper-legacy\"><div class=\"fusion-text fusion-text-3\"><p style=\"text-align: right;\"><a href=\"\/es\/acabado-de-metales\/unidad-rebajo-interno\/\">Descripci\u00f3n<\/a>\u00a0\u00a0 \u00a0 \u00a0<a href=\"\/es\/acabado-de-metales\/unidad-rebajo-interno\/especificaciones\/\">Especificaciones<\/a>\u00a0 \u00a0 \u00a0 <a href=\"https:\/\/monaghantooling.com\/internal-recessing-unit\/\">Panfleto<\/a><\/p>\n<\/div><div class=\"fusion-clearfix\"><\/div><\/div><\/div><div class=\"fusion-layout-column fusion_builder_column fusion-builder-column-2 fusion_builder_column_1_1 1_1 fusion-one-full fusion-column-first fusion-column-last\" style=\"--awb-bg-size:cover;\"><div class=\"fusion-column-wrapper fusion-flex-column-wrapper-legacy\"><div class=\"fusion-sep-clear\"><\/div><div class=\"fusion-separator fusion-full-width-sep\" style=\"margin-left: auto;margin-right: auto;width:100%;\"><div class=\"fusion-separator-border sep-single sep-solid\" style=\"--awb-height:20px;--awb-amount:20px;border-color:#e0dede;border-top-width:1px;\"><\/div><\/div><div class=\"fusion-sep-clear\"><\/div><div class=\"fusion-clearfix\"><\/div><\/div><\/div><\/div><\/div><div class=\"fusion-fullwidth fullwidth-box fusion-builder-row-2 nonhundred-percent-fullwidth non-hundred-percent-height-scrolling\" style=\"--awb-border-radius-top-left:0px;--awb-border-radius-top-right:0px;--awb-border-radius-bottom-right:0px;--awb-border-radius-bottom-left:0px;--awb-margin-top:30px;--awb-margin-bottom:20px;\" ><div class=\"fusion-builder-row fusion-row\"><div class=\"fusion-layout-column fusion_builder_column fusion-builder-column-3 fusion_builder_column_1_1 1_1 fusion-one-full fusion-column-first fusion-column-last\" style=\"--awb-bg-size:cover;\"><div class=\"fusion-column-wrapper fusion-flex-column-wrapper-legacy\"><div class=\"fusion-title title fusion-title-1 fusion-sep-none fusion-title-center fusion-title-text fusion-title-size-two\"><h2 class=\"title-heading-center fusion-responsive-typography-calculated\" style=\"margin:0;--fontSize:34;line-height:1.5;\"><h1 class=\"ett-red\">El M\u00e9todo m\u00e1s Eficiente para Mecanizadar Ranuras Internas en Una Operaci\u00f3n.<\/h1><\/h2><\/div><div class=\"fusion-text fusion-text-4\"><h4 style=\"text-align: center;\">La Unidad de Rebajo Interno de Elliott ofrece el mecanizado r\u00e1pido, eficiente y uniforme de ranuras internas conc\u00e9ntricas en los agujeros. Minimice el tiempo del ciclo al mismo tiempo que elimina la curvatura y garantiza la repetibilidad.<\/h4>\n<\/div><div class=\"fusion-clearfix\"><\/div><\/div><\/div><div class=\"fusion-layout-column fusion_builder_column fusion-builder-column-4 fusion_builder_column_2_3 2_3 fusion-two-third fusion-column-first\" style=\"--awb-bg-size:cover;width:66.666666666667%;width:calc(66.666666666667% - ( ( 4% ) * 0.66666666666667 ) );margin-right: 4%;\"><div class=\"fusion-column-wrapper fusion-flex-column-wrapper-legacy\"><div class=\"fusion-image-element fusion-image-align-center in-legacy-container\" style=\"text-align:center;--awb-caption-title-font-family:var(--h2_typography-font-family);--awb-caption-title-font-weight:var(--h2_typography-font-weight);--awb-caption-title-font-style:var(--h2_typography-font-style);--awb-caption-title-size:var(--h2_typography-font-size);--awb-caption-title-transform:var(--h2_typography-text-transform);--awb-caption-title-line-height:var(--h2_typography-line-height);--awb-caption-title-letter-spacing:var(--h2_typography-letter-spacing);\"><div class=\"imageframe-align-center\"><span class=\" fusion-imageframe imageframe-none imageframe-1 hover-type-none fusion-animated\" data-animationType=\"slideInLeft\" data-animationDuration=\"0.3\" data-animationOffset=\"top-mid-of-view\" class=\"image-magnify\" class=\"image-scroll\"><img decoding=\"async\" alt=\"Internal Recessing\" src=\"data:image\/gif;base64,R0lGODlhAQABAAAAACH5BAEKAAEALAAAAAABAAEAAAICTAEAOw==\" data-orig-src=\"\/images\/products\/Internal-Recessing.jpg\" class=\"lazyload img-responsive\"\/><\/span><\/div><\/div><div class=\"fusion-clearfix\"><\/div><\/div><\/div><div class=\"fusion-layout-column fusion_builder_column fusion-builder-column-5 fusion_builder_column_1_3 1_3 fusion-one-third fusion-column-last\" style=\"--awb-bg-size:cover;width:33.333333333333%;width:calc(33.333333333333% - ( ( 4% ) * 0.33333333333333 ) );\"><div class=\"fusion-column-wrapper fusion-flex-column-wrapper-legacy\"><ul style=\"--awb-size:13px;--awb-line-height:22.1px;--awb-icon-width:22.1px;--awb-icon-height:22.1px;--awb-icon-margin:9.1px;--awb-content-margin:31.2px;--awb-circlecolor:#aa0500;--awb-circle-yes-font-size:11.44px;\" class=\"fusion-checklist fusion-checklist-1 fusion-checklist-default type-icons\"><li class=\"fusion-li-item\" style=\"\"><span class=\"icon-wrapper circle-yes\"><i class=\"fusion-li-icon fa fa-check\" aria-hidden=\"true\"><\/i><\/span><div class=\"fusion-li-item-content\">\n<h3 class=\"ett-dark-gray\" data-fontsize=\"22\" data-lineheight=\"33\">Repetible y Preciso<\/h3>\n<\/div><\/li><li class=\"fusion-li-item\" style=\"\"><span class=\"icon-wrapper circle-yes\"><i class=\"fusion-li-icon fa fa-check\" aria-hidden=\"true\"><\/i><\/span><div class=\"fusion-li-item-content\">\n<h3 class=\"ett-dark-gray\" data-fontsize=\"22\" data-lineheight=\"33\">Elimina la Curvatura y el Traqueteo<\/h3>\n<\/div><\/li><li class=\"fusion-li-item\" style=\"\"><span class=\"icon-wrapper circle-yes\"><i class=\"fusion-li-icon fa fa-check\" aria-hidden=\"true\"><\/i><\/span><div class=\"fusion-li-item-content\">\n<h3 class=\"ett-dark-gray\" data-fontsize=\"22\" data-lineheight=\"33\">Econ\u00f3mica y Eficiente<\/h3>\n<\/div><\/li><li class=\"fusion-li-item\" style=\"\"><span class=\"icon-wrapper circle-yes\"><i class=\"fusion-li-icon fa fa-check\" aria-hidden=\"true\"><\/i><\/span><div class=\"fusion-li-item-content\">\n<h3 class=\"ett-dark-gray\" data-fontsize=\"22\" data-lineheight=\"33\">F\u00e1cil de Usar<\/h3>\n<\/div><\/li><\/ul><div class=\"fusion-clearfix\"><\/div><\/div><\/div><\/div><\/div><div class=\"fusion-fullwidth fullwidth-box fusion-builder-row-3 nonhundred-percent-fullwidth non-hundred-percent-height-scrolling\" style=\"--awb-border-radius-top-left:0px;--awb-border-radius-top-right:0px;--awb-border-radius-bottom-right:0px;--awb-border-radius-bottom-left:0px;--awb-padding-top:30px;--awb-padding-bottom:30px;--awb-background-color:#bf000d;\" ><div class=\"fusion-builder-row fusion-row\"><div class=\"fusion-layout-column fusion_builder_column fusion-builder-column-6 fusion_builder_column_1_1 1_1 fusion-one-full fusion-column-first fusion-column-last\" style=\"--awb-bg-size:cover;\"><div class=\"fusion-column-wrapper fusion-flex-column-wrapper-legacy\"><div class=\"fusion-title title fusion-title-2 sep-underline sep-dashed fusion-title-text fusion-title-size-four\" style=\"--awb-sep-color:#fffcfc;\"><h4 class=\"title-heading-left fusion-responsive-typography-calculated\" style=\"margin:0;--fontSize:22;--minFontSize:22;line-height:1.5;\"><h4 class=\"ett-white\">V\u00e9ala en Acci\u00f3n!<\/h4><\/h4><\/div><div class=\"fusion-clearfix\"><\/div><\/div><\/div><div class=\"fusion-layout-column fusion_builder_column fusion-builder-column-7 fusion_builder_column_1_1 1_1 fusion-one-full fusion-column-first fusion-column-last\" style=\"--awb-bg-size:cover;\"><div class=\"fusion-column-wrapper fusion-flex-column-wrapper-legacy\"><div class=\"fusion-video fusion-youtube\" style=\"--awb-max-width:600px;--awb-max-height:338px;\"><div class=\"video-shortcode\"><div class=\"fluid-width-video-wrapper\" style=\"padding-top:56.33%;\" ><iframe title=\"YouTube video player 1\" src=\"https:\/\/www.youtube.com\/embed\/TH2aqHJCjsA?wmode=transparent&autoplay=0\" width=\"600\" height=\"338\" allowfullscreen allow=\"autoplay; fullscreen\"><\/iframe><\/div><\/div><\/div><div class=\"fusion-clearfix\"><\/div><\/div><\/div><\/div><\/div><div class=\"fusion-fullwidth fullwidth-box fusion-builder-row-4 hundred-percent-fullwidth non-hundred-percent-height-scrolling\" style=\"--awb-border-radius-top-left:0px;--awb-border-radius-top-right:0px;--awb-border-radius-bottom-right:0px;--awb-border-radius-bottom-left:0px;--awb-padding-top:40px;--awb-padding-right:0px;--awb-padding-bottom:20px;--awb-padding-left:0px;--awb-background-color:#8e8e8e;\" ><div class=\"fusion-builder-row fusion-row\"><div class=\"fusion-layout-column fusion_builder_column fusion-builder-column-8 fusion_builder_column_1_1 1_1 fusion-one-full fusion-column-first fusion-column-last\" style=\"--awb-padding-right:20px;--awb-padding-left:20px;--awb-bg-size:cover;\"><div class=\"fusion-column-wrapper fusion-flex-column-wrapper-legacy\"><div class=\"fusion-title title fusion-title-3 fusion-sep-none fusion-title-center fusion-title-text fusion-title-size-two\"><h2 class=\"title-heading-center fusion-responsive-typography-calculated\" style=\"margin:0;--fontSize:34;line-height:1.5;\"><h2 class=\"ett-white\">Repetible y Preciso<\/h2><\/h2><\/div><div class=\"fusion-text fusion-text-5\"><h4 class=\"ett-white\" style=\"text-align: center;\">El m\u00e9todo m\u00e1s eficiente para mecanizar ranuras en una operaci\u00f3n donde las tolerancias peque\u00f1as y el acabado son cruciales. Repetible y preciso en cuanto al di\u00e1metro y la posici\u00f3n axial de las ranuras y estr\u00edas (+\/- 0.002&#8243;)<\/h4>\n<\/div><div class=\"fusion-clearfix\"><\/div><\/div><\/div><\/div><\/div><div class=\"fusion-fullwidth fullwidth-box fusion-builder-row-5 hundred-percent-fullwidth non-hundred-percent-height-scrolling\" style=\"--awb-border-radius-top-left:0px;--awb-border-radius-top-right:0px;--awb-border-radius-bottom-right:0px;--awb-border-radius-bottom-left:0px;--awb-padding-top:40px;--awb-padding-left:0px;--awb-background-color:#e0e0e0;\" ><div class=\"fusion-builder-row fusion-row\"><div class=\"fusion-layout-column fusion_builder_column fusion-builder-column-9 fusion_builder_column_1_1 1_1 fusion-one-full fusion-column-first fusion-column-last\" style=\"--awb-padding-right:20px;--awb-padding-left:20px;--awb-bg-size:cover;\"><div class=\"fusion-column-wrapper fusion-flex-column-wrapper-legacy\"><div class=\"fusion-title title fusion-title-4 fusion-sep-none fusion-title-center fusion-title-text fusion-title-size-two\"><h2 class=\"title-heading-center fusion-responsive-typography-calculated\" style=\"margin:0;--fontSize:34;line-height:1.5;\"><h2>Elimina la Curvatura y el Traqueteo<\/h2><\/h2><\/div><div class=\"fusion-text fusion-text-6\"><h4 style=\"text-align: center;\">La Unidad de Rebajo Interno (IRU) est\u00e1 dise\u00f1ada para soportar la cortadora a lo largo de toda su longitud, eliminando la curvatura y creando mecanizados precisos. El sistema IRU gu\u00eda dentro del agujero, ofreciendo una concentricidad perfecta. La rigidez y la precisi\u00f3n se garantizan mediante la ubicaci\u00f3n estrat\u00e9gica de las levas para sostener los dientes de corte.<\/h4>\n<\/div><div class=\"fusion-clearfix\"><\/div><\/div><\/div><\/div><\/div><div class=\"fusion-fullwidth fullwidth-box fusion-builder-row-6 nonhundred-percent-fullwidth non-hundred-percent-height-scrolling\" style=\"--awb-border-radius-top-left:0px;--awb-border-radius-top-right:0px;--awb-border-radius-bottom-right:0px;--awb-border-radius-bottom-left:0px;--awb-padding-top:30px;--awb-padding-bottom:30px;--awb-background-color:#bf000d;\" ><div class=\"fusion-builder-row fusion-row\"><div class=\"fusion-layout-column fusion_builder_column fusion-builder-column-10 fusion_builder_column_1_1 1_1 fusion-one-full fusion-column-first fusion-column-last\" style=\"--awb-padding-right:20px;--awb-padding-left:20px;--awb-bg-size:cover;\"><div class=\"fusion-column-wrapper fusion-flex-column-wrapper-legacy\"><div class=\"fusion-title title fusion-title-5 fusion-sep-none fusion-title-center fusion-title-text fusion-title-size-two\"><h2 class=\"title-heading-center fusion-responsive-typography-calculated\" style=\"margin:0;--fontSize:34;line-height:1.5;\"><h2 class=\"ett-white\">Econ\u00f3mica y Eficiente<\/h2><\/h2><\/div><div class=\"fusion-text fusion-text-7\"><h4 class=\"ett-white\" style=\"text-align: center;\">Tornea ranuras internas en una operaci\u00f3n. Tiempo de ciclo r\u00e1pido: el tiempo del ciclo usual es menos de 15 segundos. Las cortadoras de carburo se pueden volver a afilar de 2 a 5 veces y tambi\u00e9n se pueden reemplazar.<\/h4>\n<\/div><div class=\"fusion-clearfix\"><\/div><\/div><\/div><\/div><\/div><div class=\"fusion-fullwidth fullwidth-box fusion-builder-row-7 hundred-percent-fullwidth non-hundred-percent-height-scrolling\" style=\"--awb-border-radius-top-left:0px;--awb-border-radius-top-right:0px;--awb-border-radius-bottom-right:0px;--awb-border-radius-bottom-left:0px;--awb-padding-top:40px;--awb-padding-right:0px;--awb-padding-bottom:20px;--awb-padding-left:0px;--awb-background-color:#8e8e8e;\" ><div class=\"fusion-builder-row fusion-row\"><div class=\"fusion-layout-column fusion_builder_column fusion-builder-column-11 fusion_builder_column_1_1 1_1 fusion-one-full fusion-column-first fusion-column-last\" style=\"--awb-padding-right:20px;--awb-padding-left:20px;--awb-bg-size:cover;\"><div class=\"fusion-column-wrapper fusion-flex-column-wrapper-legacy\"><div class=\"fusion-title title fusion-title-6 fusion-sep-none fusion-title-center fusion-title-text fusion-title-size-two\"><h2 class=\"title-heading-center fusion-responsive-typography-calculated\" style=\"margin:0;--fontSize:34;line-height:1.5;\"><h2 class=\"ett-white\">F\u00e1cil de Usar<\/h2><\/h2><\/div><div class=\"fusion-text fusion-text-8\"><h4 class=\"ett-white\" style=\"text-align: center;\">\u00a1F\u00e1cil de configurar y usar! Solo hay dos ajustes requeridos en la IRU de Elliott:<\/h4>\n<\/div><div class=\"fusion-clearfix\"><\/div><\/div><\/div><\/div><\/div><div class=\"fusion-fullwidth fullwidth-box fusion-builder-row-8 nonhundred-percent-fullwidth non-hundred-percent-height-scrolling\" style=\"--awb-border-radius-top-left:0px;--awb-border-radius-top-right:0px;--awb-border-radius-bottom-right:0px;--awb-border-radius-bottom-left:0px;--awb-margin-top:30px;--awb-margin-bottom:30px;\" ><div class=\"fusion-builder-row fusion-row\"><div class=\"fusion-layout-column fusion_builder_column fusion-builder-column-12 fusion_builder_column_1_1 1_1 fusion-one-full fusion-column-first fusion-column-last\" style=\"--awb-bg-size:cover;\"><div class=\"fusion-column-wrapper fusion-flex-column-wrapper-legacy\"><div class=\"fusion-text fusion-text-9\"><h2 class=\"ett-red\">1)Ubicaci\u00f3n posicional<\/h2>\n<p>(utilizando el collar de tope ajustable de la herramienta)<\/p>\n<h2 class=\"ett-red\">2)Di\u00e1metro de la ranura<\/h2>\n<h4>M\u00e1quina manual: ajustar la tuerca limitadora; m\u00e1quina alimentada con corriente\/CNC, programada.<\/h4>\n<h4>Programar su CNC es f\u00e1cil: el movimiento axial se traduce en la elevaci\u00f3n de la cortadora radial a raz\u00f3n de 1:1 en el di\u00e1metro.<\/h4>\n<h4>Se puede usar en centros de mecanizado CNC, m\u00e1quinas especiales, m\u00e1quinas de transferencia y prensas de taladro.<\/h4>\n<\/div><div class=\"fusion-clearfix\"><\/div><\/div><\/div><\/div><\/div>\n","protected":false},"excerpt":{"rendered":"<p>La Unidad de Rebajo Interno de Elliott ofrece el mecanizado r\u00e1pido, eficiente y uniforme de ranuras internas conc\u00e9ntricas en los agujeros. Minimice el tiempo del ciclo al mismo tiempo que elimina la curvatura y garantiza la repetibilidad.<\/p>\n","protected":false},"author":2,"featured_media":3143,"parent":503,"menu_order":0,"comment_status":"closed","ping_status":"closed","template":"","meta":{"content-type":"","footnotes":""},"yoast_head":"<!-- This site is optimized with the Yoast SEO plugin v23.1 - https:\/\/yoast.com\/wordpress\/plugins\/seo\/ -->\n<title>Unidad de Rebajo Interno - Elliott Tool Technologies<\/title>\n<meta name=\"description\" content=\"La Unidad de Rebajo Interno de Elliott ofrece el mecanizado r\u00e1pido, eficiente y uniforme de ranuras internas conc\u00e9ntricas en los agujeros. Minimice el tiempo del ciclo al mismo tiempo que elimina la curvatura y garantiza la repetibilidad.\" \/>\n<meta name=\"robots\" content=\"index, follow, max-snippet:-1, max-image-preview:large, max-video-preview:-1\" \/>\n<link rel=\"canonical\" href=\"https:\/\/www.elliott-tool.com\/es\/acabado-de-metales\/unidad-rebajo-interno\/\" \/>\n<meta property=\"og:locale\" content=\"es_ES\" \/>\n<meta property=\"og:type\" content=\"article\" \/>\n<meta property=\"og:title\" content=\"Unidad de Rebajo Interno - Elliott Tool Technologies\" \/>\n<meta property=\"og:description\" content=\"La Unidad de Rebajo Interno de Elliott ofrece el mecanizado r\u00e1pido, eficiente y uniforme de ranuras internas conc\u00e9ntricas en los agujeros. Minimice el tiempo del ciclo al mismo tiempo que elimina la curvatura y garantiza la repetibilidad.\" \/>\n<meta property=\"og:url\" content=\"https:\/\/www.elliott-tool.com\/es\/acabado-de-metales\/unidad-rebajo-interno\/\" \/>\n<meta property=\"og:site_name\" content=\"Elliott Tool Technologies\" \/>\n<meta property=\"article:publisher\" content=\"https:\/\/www.facebook.com\/elliotttool\" \/>\n<meta property=\"article:modified_time\" content=\"2024-01-11T19:38:08+00:00\" \/>\n<meta property=\"og:image\" content=\"https:\/\/www.elliott-tool.com\/wp-content\/uploads\/2017\/06\/Internal-Recessing.Search.jpg\" \/>\n\t<meta property=\"og:image:width\" content=\"320\" \/>\n\t<meta property=\"og:image:height\" content=\"200\" \/>\n\t<meta property=\"og:image:type\" content=\"image\/jpeg\" \/>\n<meta name=\"twitter:card\" content=\"summary_large_image\" \/>\n<meta name=\"twitter:label1\" content=\"Tiempo de lectura\" \/>\n\t<meta name=\"twitter:data1\" content=\"7 minutos\" \/>\n<script type=\"application\/ld+json\" class=\"yoast-schema-graph\">{\"@context\":\"https:\/\/schema.org\",\"@graph\":[{\"@type\":\"WebPage\",\"@id\":\"https:\/\/www.elliott-tool.com\/es\/acabado-de-metales\/unidad-rebajo-interno\/\",\"url\":\"https:\/\/www.elliott-tool.com\/es\/acabado-de-metales\/unidad-rebajo-interno\/\",\"name\":\"Unidad de Rebajo Interno - Elliott Tool Technologies\",\"isPartOf\":{\"@id\":\"https:\/\/www.elliott-tool.com\/#website\"},\"primaryImageOfPage\":{\"@id\":\"https:\/\/www.elliott-tool.com\/es\/acabado-de-metales\/unidad-rebajo-interno\/#primaryimage\"},\"image\":{\"@id\":\"https:\/\/www.elliott-tool.com\/es\/acabado-de-metales\/unidad-rebajo-interno\/#primaryimage\"},\"thumbnailUrl\":\"https:\/\/www.elliott-tool.com\/wp-content\/uploads\/2017\/06\/Internal-Recessing.Search.jpg\",\"datePublished\":\"2017-10-12T19:37:45+00:00\",\"dateModified\":\"2024-01-11T19:38:08+00:00\",\"description\":\"La Unidad de Rebajo Interno de Elliott ofrece el mecanizado r\u00e1pido, eficiente y uniforme de ranuras internas conc\u00e9ntricas en los agujeros. Minimice el tiempo del ciclo al mismo tiempo que elimina la curvatura y garantiza la repetibilidad.\",\"breadcrumb\":{\"@id\":\"https:\/\/www.elliott-tool.com\/es\/acabado-de-metales\/unidad-rebajo-interno\/#breadcrumb\"},\"inLanguage\":\"es\",\"potentialAction\":[{\"@type\":\"ReadAction\",\"target\":[\"https:\/\/www.elliott-tool.com\/es\/acabado-de-metales\/unidad-rebajo-interno\/\"]}]},{\"@type\":\"ImageObject\",\"inLanguage\":\"es\",\"@id\":\"https:\/\/www.elliott-tool.com\/es\/acabado-de-metales\/unidad-rebajo-interno\/#primaryimage\",\"url\":\"https:\/\/www.elliott-tool.com\/wp-content\/uploads\/2017\/06\/Internal-Recessing.Search.jpg\",\"contentUrl\":\"https:\/\/www.elliott-tool.com\/wp-content\/uploads\/2017\/06\/Internal-Recessing.Search.jpg\",\"width\":320,\"height\":200},{\"@type\":\"BreadcrumbList\",\"@id\":\"https:\/\/www.elliott-tool.com\/es\/acabado-de-metales\/unidad-rebajo-interno\/#breadcrumb\",\"itemListElement\":[{\"@type\":\"ListItem\",\"position\":1,\"name\":\"Home\",\"item\":\"https:\/\/www.elliott-tool.com\/es\/\"},{\"@type\":\"ListItem\",\"position\":2,\"name\":\"Acabado de Metales\",\"item\":\"https:\/\/www.elliott-tool.com\/es\/acabado-de-metales\/\"},{\"@type\":\"ListItem\",\"position\":3,\"name\":\"Unidad de Rebajo Interno\"}]},{\"@type\":\"WebSite\",\"@id\":\"https:\/\/www.elliott-tool.com\/#website\",\"url\":\"https:\/\/www.elliott-tool.com\/\",\"name\":\"Elliott Tool Technologies\",\"description\":\"Quality Tube Tools For An &quot;I Need It Yesterday World&quot;.\",\"alternateName\":\"Elliott Tool\",\"potentialAction\":[{\"@type\":\"SearchAction\",\"target\":{\"@type\":\"EntryPoint\",\"urlTemplate\":\"https:\/\/www.elliott-tool.com\/?s={search_term_string}\"},\"query-input\":\"required name=search_term_string\"}],\"inLanguage\":\"es\"}]}<\/script>\n<!-- \/ Yoast SEO plugin. -->","yoast_head_json":{"title":"Unidad de Rebajo Interno - Elliott Tool Technologies","description":"La Unidad de Rebajo Interno de Elliott ofrece el mecanizado r\u00e1pido, eficiente y uniforme de ranuras internas conc\u00e9ntricas en los agujeros. Minimice el tiempo del ciclo al mismo tiempo que elimina la curvatura y garantiza la repetibilidad.","robots":{"index":"index","follow":"follow","max-snippet":"max-snippet:-1","max-image-preview":"max-image-preview:large","max-video-preview":"max-video-preview:-1"},"canonical":"https:\/\/www.elliott-tool.com\/es\/acabado-de-metales\/unidad-rebajo-interno\/","og_locale":"es_ES","og_type":"article","og_title":"Unidad de Rebajo Interno - Elliott Tool Technologies","og_description":"La Unidad de Rebajo Interno de Elliott ofrece el mecanizado r\u00e1pido, eficiente y uniforme de ranuras internas conc\u00e9ntricas en los agujeros. Minimice el tiempo del ciclo al mismo tiempo que elimina la curvatura y garantiza la repetibilidad.","og_url":"https:\/\/www.elliott-tool.com\/es\/acabado-de-metales\/unidad-rebajo-interno\/","og_site_name":"Elliott Tool Technologies","article_publisher":"https:\/\/www.facebook.com\/elliotttool","article_modified_time":"2024-01-11T19:38:08+00:00","og_image":[{"width":320,"height":200,"url":"https:\/\/www.elliott-tool.com\/wp-content\/uploads\/2017\/06\/Internal-Recessing.Search.jpg","type":"image\/jpeg"}],"twitter_card":"summary_large_image","twitter_misc":{"Tiempo de lectura":"7 minutos"},"schema":{"@context":"https:\/\/schema.org","@graph":[{"@type":"WebPage","@id":"https:\/\/www.elliott-tool.com\/es\/acabado-de-metales\/unidad-rebajo-interno\/","url":"https:\/\/www.elliott-tool.com\/es\/acabado-de-metales\/unidad-rebajo-interno\/","name":"Unidad de Rebajo Interno - Elliott Tool Technologies","isPartOf":{"@id":"https:\/\/www.elliott-tool.com\/#website"},"primaryImageOfPage":{"@id":"https:\/\/www.elliott-tool.com\/es\/acabado-de-metales\/unidad-rebajo-interno\/#primaryimage"},"image":{"@id":"https:\/\/www.elliott-tool.com\/es\/acabado-de-metales\/unidad-rebajo-interno\/#primaryimage"},"thumbnailUrl":"https:\/\/www.elliott-tool.com\/wp-content\/uploads\/2017\/06\/Internal-Recessing.Search.jpg","datePublished":"2017-10-12T19:37:45+00:00","dateModified":"2024-01-11T19:38:08+00:00","description":"La Unidad de Rebajo Interno de Elliott ofrece el mecanizado r\u00e1pido, eficiente y uniforme de ranuras internas conc\u00e9ntricas en los agujeros. Minimice el tiempo del ciclo al mismo tiempo que elimina la curvatura y garantiza la repetibilidad.","breadcrumb":{"@id":"https:\/\/www.elliott-tool.com\/es\/acabado-de-metales\/unidad-rebajo-interno\/#breadcrumb"},"inLanguage":"es","potentialAction":[{"@type":"ReadAction","target":["https:\/\/www.elliott-tool.com\/es\/acabado-de-metales\/unidad-rebajo-interno\/"]}]},{"@type":"ImageObject","inLanguage":"es","@id":"https:\/\/www.elliott-tool.com\/es\/acabado-de-metales\/unidad-rebajo-interno\/#primaryimage","url":"https:\/\/www.elliott-tool.com\/wp-content\/uploads\/2017\/06\/Internal-Recessing.Search.jpg","contentUrl":"https:\/\/www.elliott-tool.com\/wp-content\/uploads\/2017\/06\/Internal-Recessing.Search.jpg","width":320,"height":200},{"@type":"BreadcrumbList","@id":"https:\/\/www.elliott-tool.com\/es\/acabado-de-metales\/unidad-rebajo-interno\/#breadcrumb","itemListElement":[{"@type":"ListItem","position":1,"name":"Home","item":"https:\/\/www.elliott-tool.com\/es\/"},{"@type":"ListItem","position":2,"name":"Acabado de Metales","item":"https:\/\/www.elliott-tool.com\/es\/acabado-de-metales\/"},{"@type":"ListItem","position":3,"name":"Unidad de Rebajo Interno"}]},{"@type":"WebSite","@id":"https:\/\/www.elliott-tool.com\/#website","url":"https:\/\/www.elliott-tool.com\/","name":"Elliott Tool Technologies","description":"Quality Tube Tools For An &quot;I Need It Yesterday World&quot;.","alternateName":"Elliott Tool","potentialAction":[{"@type":"SearchAction","target":{"@type":"EntryPoint","urlTemplate":"https:\/\/www.elliott-tool.com\/?s={search_term_string}"},"query-input":"required name=search_term_string"}],"inLanguage":"es"}]}},"_links":{"self":[{"href":"https:\/\/www.elliott-tool.com\/es\/wp-json\/wp\/v2\/pages\/5748"}],"collection":[{"href":"https:\/\/www.elliott-tool.com\/es\/wp-json\/wp\/v2\/pages"}],"about":[{"href":"https:\/\/www.elliott-tool.com\/es\/wp-json\/wp\/v2\/types\/page"}],"author":[{"embeddable":true,"href":"https:\/\/www.elliott-tool.com\/es\/wp-json\/wp\/v2\/users\/2"}],"replies":[{"embeddable":true,"href":"https:\/\/www.elliott-tool.com\/es\/wp-json\/wp\/v2\/comments?post=5748"}],"version-history":[{"count":30,"href":"https:\/\/www.elliott-tool.com\/es\/wp-json\/wp\/v2\/pages\/5748\/revisions"}],"predecessor-version":[{"id":18450,"href":"https:\/\/www.elliott-tool.com\/es\/wp-json\/wp\/v2\/pages\/5748\/revisions\/18450"}],"up":[{"embeddable":true,"href":"https:\/\/www.elliott-tool.com\/es\/wp-json\/wp\/v2\/pages\/503"}],"wp:featuredmedia":[{"embeddable":true,"href":"https:\/\/www.elliott-tool.com\/es\/wp-json\/wp\/v2\/media\/3143"}],"wp:attachment":[{"href":"https:\/\/www.elliott-tool.com\/es\/wp-json\/wp\/v2\/media?parent=5748"}],"curies":[{"name":"wp","href":"https:\/\/api.w.org\/{rel}","templated":true}]}}