{"id":529,"date":"2017-07-06T12:43:57","date_gmt":"2017-07-06T12:43:57","guid":{"rendered":"http:\/\/www.elliott-tool.com\/?page_id=529\/"},"modified":"2022-03-14T10:31:28","modified_gmt":"2022-03-14T15:31:28","slug":"por-que-elegir-elliott","status":"publish","type":"page","link":"https:\/\/www.elliott-tool.com\/es\/por-que-elegir-elliott\/","title":{"rendered":"Por Qu\u00e9 Elegir Elliott?"},"content":{"rendered":"<div class=\"fusion-fullwidth fullwidth-box fusion-builder-row-1 nonhundred-percent-fullwidth non-hundred-percent-height-scrolling\" style=\"--awb-border-radius-top-left:0px;--awb-border-radius-top-right:0px;--awb-border-radius-bottom-right:0px;--awb-border-radius-bottom-left:0px;--awb-margin-top:10px;\" ><div class=\"fusion-builder-row fusion-row\"><div class=\"fusion-layout-column fusion_builder_column fusion-builder-column-0 fusion_builder_column_1_1 1_1 fusion-one-full fusion-column-first fusion-column-last\" style=\"--awb-bg-size:cover;\"><div class=\"fusion-column-wrapper fusion-flex-column-wrapper-legacy\"><div class=\"fusion-image-element fusion-image-align-center in-legacy-container\" style=\"text-align:center;--awb-caption-title-font-family:var(--h2_typography-font-family);--awb-caption-title-font-weight:var(--h2_typography-font-weight);--awb-caption-title-font-style:var(--h2_typography-font-style);--awb-caption-title-size:var(--h2_typography-font-size);--awb-caption-title-transform:var(--h2_typography-text-transform);--awb-caption-title-line-height:var(--h2_typography-line-height);--awb-caption-title-letter-spacing:var(--h2_typography-letter-spacing);\"><div class=\"imageframe-align-center\"><span class=\" fusion-imageframe imageframe-none imageframe-1 hover-type-none\" class=\"image-magnify\" class=\"image-scroll\"><img decoding=\"async\" width=\"2000\" height=\"750\" title=\"WhyElliott-ESP\" src=\"https:\/\/www.elliott-tool.com\/wp-content\/uploads\/2022\/03\/WhyElliott-ESP.jpg\" data-orig-src=\"https:\/\/www.elliott-tool.com\/wp-content\/uploads\/2022\/03\/WhyElliott-ESP.jpg\" alt class=\"lazyload img-responsive wp-image-14909\" srcset=\"data:image\/svg+xml,%3Csvg%20xmlns%3D%27http%3A%2F%2Fwww.w3.org%2F2000%2Fsvg%27%20width%3D%272000%27%20height%3D%27750%27%20viewBox%3D%270%200%202000%20750%27%3E%3Crect%20width%3D%272000%27%20height%3D%27750%27%20fill-opacity%3D%220%22%2F%3E%3C%2Fsvg%3E\" data-srcset=\"https:\/\/www.elliott-tool.com\/wp-content\/uploads\/2022\/03\/WhyElliott-ESP-200x75.jpg 200w, https:\/\/www.elliott-tool.com\/wp-content\/uploads\/2022\/03\/WhyElliott-ESP-400x150.jpg 400w, https:\/\/www.elliott-tool.com\/wp-content\/uploads\/2022\/03\/WhyElliott-ESP-600x225.jpg 600w, https:\/\/www.elliott-tool.com\/wp-content\/uploads\/2022\/03\/WhyElliott-ESP-800x300.jpg 800w, https:\/\/www.elliott-tool.com\/wp-content\/uploads\/2022\/03\/WhyElliott-ESP-1200x450.jpg 1200w, https:\/\/www.elliott-tool.com\/wp-content\/uploads\/2022\/03\/WhyElliott-ESP.jpg 2000w\" data-sizes=\"auto\" data-orig-sizes=\"(max-width: 800px) 100vw, 2000px\" \/><\/span><\/div><\/div><div class=\"fusion-clearfix\"><\/div><\/div><\/div><div class=\"fusion-layout-column fusion_builder_column fusion-builder-column-1 fusion_builder_column_1_1 1_1 fusion-one-full fusion-column-first fusion-column-last\" style=\"--awb-bg-size:cover;\"><div class=\"fusion-column-wrapper fusion-flex-column-wrapper-legacy\"><div class=\"fusion-title title fusion-title-1 fusion-title-center fusion-title-text fusion-title-size-one\"><div class=\"title-sep-container title-sep-container-left\"><div class=\"title-sep sep-single sep-solid\" style=\"border-color:#e0dede;\"><\/div><\/div><span class=\"awb-title-spacer\"><\/span><h1 class=\"title-heading-center fusion-responsive-typography-calculated\" style=\"margin:0;--fontSize:38;line-height:1.4;\">Una Historia De Innovaci\u00f3n<\/h1><span class=\"awb-title-spacer\"><\/span><div class=\"title-sep-container title-sep-container-right\"><div class=\"title-sep sep-single sep-solid\" style=\"border-color:#e0dede;\"><\/div><\/div><\/div><div class=\"fusion-text fusion-text-1\"><h4 style=\"text-align: center;\">En Septiembre de 1892, un inventor y fabricante llamado Gustav Wiedeke comenz\u00f3 un peque\u00f1o negocio de producci\u00f3n en un modesto edificio en la parte trasera de su casa en Dayton, Ohio. Hoy en d\u00eda, m\u00e1s de 100 a\u00f1os despu\u00e9s. Elliott Tool Technologies Ltd. es el resultado de los esfuerzos del Sr. Wiedeke.<\/h4>\n<\/div><div class=\"fusion-clearfix\"><\/div><\/div><\/div><\/div><\/div><div class=\"fusion-fullwidth fullwidth-box fusion-builder-row-2 nonhundred-percent-fullwidth non-hundred-percent-height-scrolling\" style=\"--awb-border-radius-top-left:0px;--awb-border-radius-top-right:0px;--awb-border-radius-bottom-right:0px;--awb-border-radius-bottom-left:0px;\" ><div class=\"fusion-builder-row fusion-row\"><div class=\"fusion-layout-column fusion_builder_column fusion-builder-column-2 fusion_builder_column_1_2 1_2 fusion-one-half fusion-column-first\" style=\"--awb-bg-size:cover;width:50%;width:calc(50% - ( ( 4% ) * 0.5 ) );margin-right: 4%;\"><div class=\"fusion-column-wrapper fusion-flex-column-wrapper-legacy\"><div class=\"fusion-text fusion-text-2\"><p>El negocio Wiedeke continuo operando como una empresa familiar por los siguientes 32 a\u00f1os. En ese momento, los productos Wiedeke ya hab\u00edan ganado una reputaci\u00f3n de excelencia a nivel mundial en las industrias que atend\u00edan. Las herramientas Wiedeke eran lo suficientemente innovadoras como para estar protegidas por varias patentes y marcas registradas.<\/p>\n<p>En 1916, William Elliott vio la necesidad y la oportunidad en la industria, de equipos eficientes de limpieza para tubos. Con plantas que operaban tanto en Ohio como en Pennsylvania, con el tiempo la compa\u00f1\u00eda se hizo conocida como la Empresa Elliott. A finales de los a\u00f1os 60, la Empresa Elliott gozo de reputaci\u00f3n mundial por sus productos de limpieza y turbo m\u00e1quinas. Y en 1969, adquiri\u00f3 las Empresas de Gustav Wiedeke.<\/p>\n<\/div><div class=\"fusion-clearfix\"><\/div><\/div><\/div><div class=\"fusion-layout-column fusion_builder_column fusion-builder-column-3 fusion_builder_column_1_2 1_2 fusion-one-half fusion-column-last\" style=\"--awb-bg-size:cover;width:50%;width:calc(50% - ( ( 4% ) * 0.5 ) );\"><div class=\"fusion-column-wrapper fusion-flex-column-wrapper-legacy\"><div class=\"fusion-text fusion-text-3\"><p>Hoy en d\u00eda somos una empresa privada conocida como Elliott Tool Technologies, promoviendo equipos de trabajo encaminados a un servicio excepcional de atenci\u00f3n al cliente y un compromiso constante de producir herramientas para tubos que podr\u00edan enorgullecer a Gustav Wiedeke y a William Swan Elliott.<\/p>\n<p><b>Elliott Tool Technologies se enorgullece de representar 125 a\u00f1os de experiencia en fabricaci\u00f3n, ventas y dise\u00f1o.<\/b><\/p>\n<\/div><div class=\"fusion-clearfix\"><\/div><\/div><\/div><\/div><\/div><div class=\"fusion-fullwidth fullwidth-box fusion-builder-row-3 nonhundred-percent-fullwidth non-hundred-percent-height-scrolling\" style=\"--awb-border-radius-top-left:0px;--awb-border-radius-top-right:0px;--awb-border-radius-bottom-right:0px;--awb-border-radius-bottom-left:0px;--awb-padding-top:20px;--awb-padding-bottom:20px;--awb-margin-bottom:50px;--awb-background-color:#bf000d;\" ><div class=\"fusion-builder-row fusion-row\"><div class=\"fusion-layout-column fusion_builder_column fusion-builder-column-4 fusion_builder_column_1_1 1_1 fusion-one-full fusion-column-first fusion-column-last\" style=\"--awb-bg-size:cover;\"><div class=\"fusion-column-wrapper fusion-flex-column-wrapper-legacy\"><div class=\"fusion-sep-clear\"><\/div><div class=\"fusion-separator fusion-full-width-sep\" style=\"margin-left: auto;margin-right: auto;margin-top:20px;width:100%;\"><\/div><div class=\"fusion-sep-clear\"><\/div><div class=\"fusion-text fusion-text-4\"><h1 class=\"ett-white\" style=\"text-align: center;\"><em>Herramientas de calidad para tubos en el mundo de \u00abLo necesito para ayer.\u00bb<\/em><\/h1>\n<\/div><div class=\"fusion-clearfix\"><\/div><\/div><\/div><\/div><\/div><div class=\"fusion-fullwidth fullwidth-box fusion-builder-row-4 nonhundred-percent-fullwidth non-hundred-percent-height-scrolling\" style=\"--awb-border-radius-top-left:0px;--awb-border-radius-top-right:0px;--awb-border-radius-bottom-right:0px;--awb-border-radius-bottom-left:0px;\" ><div class=\"fusion-builder-row fusion-row\"><div class=\"fusion-layout-column fusion_builder_column fusion-builder-column-5 fusion_builder_column_1_1 1_1 fusion-one-full fusion-column-first fusion-column-last\" style=\"--awb-bg-size:cover;\"><div class=\"fusion-column-wrapper fusion-flex-column-wrapper-legacy\"><div class=\"fusion-title title fusion-title-2 fusion-title-center fusion-title-text fusion-title-size-one\"><div class=\"title-sep-container title-sep-container-left\"><div class=\"title-sep sep-single sep-solid\" style=\"border-color:#e0dede;\"><\/div><\/div><span class=\"awb-title-spacer\"><\/span><h1 class=\"title-heading-center fusion-responsive-typography-calculated\" style=\"margin:0;--fontSize:38;line-height:1.4;\">Testimonios<\/h1><span class=\"awb-title-spacer\"><\/span><div class=\"title-sep-container title-sep-container-right\"><div class=\"title-sep sep-single sep-solid\" style=\"border-color:#e0dede;\"><\/div><\/div><\/div><div class=\"fusion-text fusion-text-5\"><h4 style=\"text-align: center;\">Al ser la empresa de herramientas de tubo original desde 1892, puede contar con Elliott Tool Technologies para obtener productos de alta calidad que est\u00e9n disponibles cuando los necesite.<\/h4>\n<\/div><div class=\"fusion-clearfix\"><\/div><\/div><\/div><div class=\"fusion-layout-column fusion_builder_column fusion-builder-column-6 fusion_builder_column_1_2 1_2 fusion-one-half fusion-column-first\" style=\"--awb-bg-size:cover;width:50%;width:calc(50% - ( ( 4% ) * 0.5 ) );margin-right: 4%;\"><div class=\"fusion-column-wrapper fusion-flex-column-wrapper-legacy\"><div class=\"fusion-testimonials clean fusion-testimonials-1\" style=\"--awb-textcolor:#000000;--awb-backgroundcolor:#f6f6f6;\" data-random=\"0\" data-speed=\"7500\"><div class=\"reviews\"><div class=\"review active-testimonial no-avatar\"><blockquote class=\"testimonials-shortcode-blockquote\"><q class=\"fusion-clearfix\">\n<p>\u201cEn el entorno competitivo en el que estamos, Metalforms siempre est\u00e1 buscando formas de reducir los costos, mejorar la calidad, y mejorar la seguridad. Es bueno cuando podemos encontrar un proveedor que puede hacer uno de ellos muy bien. Estamos impresionados cuando un proveedor puede hacer dos de ellos. \u00a1Elliott Tool fue fundamental al ayudarnos con los tres!\u201d<\/p>\n<\/q><\/blockquote><div class=\"author\"><span class=\"company-name\"><strong>Dave Hearn, Presidente<\/strong>, <span>Metalforms, Ltd.<\/span><\/span><\/div><\/div><div class=\"review no-avatar\"><blockquote class=\"testimonials-shortcode-blockquote\"><q class=\"fusion-clearfix\">\n<p>\u201cEllos [Elliott] siempre lucharon para entregar a tiempo, y mantener un niveles de inventario cerca del 100%. Hemos trabajado con varias otras compa\u00f1\u00edas tratando de ofrocernos este servicio, pero result\u00f3 que ninguno de ellos nos provee la atenci\u00f3n, el servicio o la calidad que Elliott siempre nos ha dado. Elliott es un verdadero compa\u00f1ero de equipo.\u201d<\/p>\n<\/q><\/blockquote><div class=\"author\"><span class=\"company-name\"><strong>Anthony Conti, Administrador del Sitio<\/strong>, <span>Bruckner Supply Co.<\/span><\/span><\/div><\/div><div class=\"review no-avatar\"><blockquote class=\"testimonials-shortcode-blockquote\"><q class=\"fusion-clearfix\">\n<p>\u201cEl servicio de Elliott siempre ha sido bueno y confiable y las piezas de repuesto y consumibles est\u00e1n disponibles si los necesitamos.\u201d<\/p>\n<\/q><\/blockquote><div class=\"author\"><span class=\"company-name\"><strong>Charles Gardinier, El Supervisor de Mantenimiento de Chilling Station<\/strong>, <span>University of Texas at Austin<\/span><\/span><\/div><\/div><div class=\"review no-avatar\"><blockquote class=\"testimonials-shortcode-blockquote\"><q class=\"fusion-clearfix\">\n<p>\u201cDesear\u00eda que la mayor parte de mi base de proveedores pudiera mejorar al nivel de satisfacci\u00f3n del cliente del Elliott al que nos hemos acostumbrado aqu\u00ed, en la unidad de negocios Parker Hannifin Aerospace. Ser\u00eda un honor ser llamado para recomendar a Elliott como una fuente de suministros\u201d<\/p>\n<\/q><\/blockquote><div class=\"author\"><span class=\"company-name\"><strong>Paul Irwin, Gerente de Compras<\/strong>, <span>Parker Hannifin- Aerospace<\/span><\/span><\/div><\/div><\/div><div class=\"testimonial-pagination\" id=\"fusion-testimonials-1\"><a href=\"#\" aria-label=\"Testimonial Pagination\"  class=\"activeSlide\"><\/a><a href=\"#\" aria-label=\"Testimonial Pagination\" ><\/a><a href=\"#\" aria-label=\"Testimonial Pagination\" ><\/a><a href=\"#\" aria-label=\"Testimonial Pagination\" ><\/a><\/div><\/div><div class=\"fusion-clearfix\"><\/div><\/div><\/div><div class=\"fusion-layout-column fusion_builder_column fusion-builder-column-7 fusion_builder_column_1_2 1_2 fusion-one-half fusion-column-last\" style=\"--awb-bg-size:cover;width:50%;width:calc(50% - ( ( 4% ) * 0.5 ) );\"><div class=\"fusion-column-wrapper fusion-flex-column-wrapper-legacy\"><div class=\"fusion-image-carousel fusion-image-carousel-auto fusion-image-carousel-1\"><div class=\"awb-carousel awb-swiper awb-swiper-carousel\" data-autoplay=\"yes\" data-columns=\"1\" data-itemmargin=\"13\" data-itemwidth=\"180\" data-touchscroll=\"no\" data-imagesize=\"auto\" style=\"--awb-columns:1;\"><div class=\"swiper-wrapper awb-image-carousel-wrapper fusion-flex-align-items-center\"><div class=\"swiper-slide\"><div class=\"fusion-carousel-item-wrapper\"><div class=\"fusion-image-wrapper hover-type-none\"><img decoding=\"async\" class=\"lazyload\" src=\"data:image\/gif;base64,R0lGODlhAQABAAAAACH5BAEKAAEALAAAAAABAAEAAAICTAEAOw==\" data-orig-src=\"\/wp-content\/uploads\/2017\/06\/Weideke-Old-Shop.png\" alt=\"Wiedeke Team Photo\"\/><\/div><\/div><\/div><div class=\"swiper-slide\"><div class=\"fusion-carousel-item-wrapper\"><div class=\"fusion-image-wrapper hover-type-none\"><img decoding=\"async\" width=\"860\" height=\"550\" src=\"https:\/\/www.elliott-tool.com\/wp-content\/uploads\/2022\/03\/2021-Team-Photo.jpg\" class=\"attachment-full size-full lazyload\" alt=\"\" srcset=\"data:image\/svg+xml,%3Csvg%20xmlns%3D%27http%3A%2F%2Fwww.w3.org%2F2000%2Fsvg%27%20width%3D%27860%27%20height%3D%27550%27%20viewBox%3D%270%200%20860%20550%27%3E%3Crect%20width%3D%27860%27%20height%3D%27550%27%20fill-opacity%3D%220%22%2F%3E%3C%2Fsvg%3E\" data-orig-src=\"https:\/\/www.elliott-tool.com\/wp-content\/uploads\/2022\/03\/2021-Team-Photo.jpg\" data-srcset=\"https:\/\/www.elliott-tool.com\/wp-content\/uploads\/2022\/03\/2021-Team-Photo-200x128.jpg 200w, https:\/\/www.elliott-tool.com\/wp-content\/uploads\/2022\/03\/2021-Team-Photo-300x192.jpg 300w, https:\/\/www.elliott-tool.com\/wp-content\/uploads\/2022\/03\/2021-Team-Photo-400x256.jpg 400w, https:\/\/www.elliott-tool.com\/wp-content\/uploads\/2022\/03\/2021-Team-Photo-460x295.jpg 460w, https:\/\/www.elliott-tool.com\/wp-content\/uploads\/2022\/03\/2021-Team-Photo-600x384.jpg 600w, https:\/\/www.elliott-tool.com\/wp-content\/uploads\/2022\/03\/2021-Team-Photo-768x491.jpg 768w, https:\/\/www.elliott-tool.com\/wp-content\/uploads\/2022\/03\/2021-Team-Photo-800x512.jpg 800w, https:\/\/www.elliott-tool.com\/wp-content\/uploads\/2022\/03\/2021-Team-Photo.jpg 860w\" data-sizes=\"auto\" \/><\/div><\/div><\/div><\/div><\/div><\/div><div class=\"fusion-clearfix\"><\/div><\/div><\/div><\/div><\/div>\n","protected":false},"excerpt":{"rendered":"<p>En Septiembre de 1892, un invenar y fabricante llamado Gustav Wiedeke comenz\u00f3 un peque\u00f1o negocio de producci\u00f3n en un modesa edificio en la parte trasera de su casa en Dayton, Ohio. Hoy en d\u00eda, m\u00e1s de 100 a\u00f1os despu\u00e9s. Elliott Tool Technologies Ltd. Es el resultado de los esfuerzos del Sr. Wiedeke.<\/p>\n","protected":false},"author":2,"featured_media":7711,"parent":0,"menu_order":0,"comment_status":"closed","ping_status":"closed","template":"","meta":{"content-type":"","footnotes":""},"yoast_head":"<!-- This site is optimized with the Yoast SEO plugin v23.1 - https:\/\/yoast.com\/wordpress\/plugins\/seo\/ -->\n<title>Por Qu\u00e9 Elegir Elliott? - Elliott Tool Technologies<\/title>\n<meta name=\"robots\" content=\"index, follow, max-snippet:-1, max-image-preview:large, max-video-preview:-1\" \/>\n<link rel=\"canonical\" href=\"https:\/\/www.elliott-tool.com\/es\/por-que-elegir-elliott\/\" \/>\n<meta property=\"og:locale\" content=\"es_ES\" \/>\n<meta property=\"og:type\" content=\"article\" \/>\n<meta property=\"og:title\" content=\"Por Qu\u00e9 Elegir Elliott? - Elliott Tool Technologies\" \/>\n<meta property=\"og:description\" content=\"En Septiembre de 1892, un invenar y fabricante llamado Gustav Wiedeke comenz\u00f3 un peque\u00f1o negocio de producci\u00f3n en un modesa edificio en la parte trasera de su casa en Dayton, Ohio. Hoy en d\u00eda, m\u00e1s de 100 a\u00f1os despu\u00e9s. Elliott Tool Technologies Ltd. Es el resultado de los esfuerzos del Sr. Wiedeke.\" \/>\n<meta property=\"og:url\" content=\"https:\/\/www.elliott-tool.com\/es\/por-que-elegir-elliott\/\" \/>\n<meta property=\"og:site_name\" content=\"Elliott Tool Technologies\" \/>\n<meta property=\"article:publisher\" content=\"https:\/\/www.facebook.com\/elliotttool\" \/>\n<meta property=\"article:modified_time\" content=\"2022-03-14T15:31:28+00:00\" \/>\n<meta property=\"og:image\" content=\"https:\/\/www.elliott-tool.com\/wp-content\/uploads\/2017\/06\/ETTLogo.Search.png\" \/>\n\t<meta property=\"og:image:width\" content=\"320\" \/>\n\t<meta property=\"og:image:height\" content=\"200\" \/>\n\t<meta property=\"og:image:type\" content=\"image\/png\" \/>\n<meta name=\"twitter:card\" content=\"summary_large_image\" \/>\n<meta name=\"twitter:label1\" content=\"Tiempo de lectura\" \/>\n\t<meta name=\"twitter:data1\" content=\"5 minutos\" \/>\n<script type=\"application\/ld+json\" class=\"yoast-schema-graph\">{\"@context\":\"https:\/\/schema.org\",\"@graph\":[{\"@type\":\"WebPage\",\"@id\":\"https:\/\/www.elliott-tool.com\/es\/por-que-elegir-elliott\/\",\"url\":\"https:\/\/www.elliott-tool.com\/es\/por-que-elegir-elliott\/\",\"name\":\"Por Qu\u00e9 Elegir Elliott? - Elliott Tool Technologies\",\"isPartOf\":{\"@id\":\"https:\/\/www.elliott-tool.com\/#website\"},\"primaryImageOfPage\":{\"@id\":\"https:\/\/www.elliott-tool.com\/es\/por-que-elegir-elliott\/#primaryimage\"},\"image\":{\"@id\":\"https:\/\/www.elliott-tool.com\/es\/por-que-elegir-elliott\/#primaryimage\"},\"thumbnailUrl\":\"https:\/\/www.elliott-tool.com\/wp-content\/uploads\/2017\/06\/ETTLogo.Search.png\",\"datePublished\":\"2017-07-06T12:43:57+00:00\",\"dateModified\":\"2022-03-14T15:31:28+00:00\",\"breadcrumb\":{\"@id\":\"https:\/\/www.elliott-tool.com\/es\/por-que-elegir-elliott\/#breadcrumb\"},\"inLanguage\":\"es\",\"potentialAction\":[{\"@type\":\"ReadAction\",\"target\":[\"https:\/\/www.elliott-tool.com\/es\/por-que-elegir-elliott\/\"]}]},{\"@type\":\"ImageObject\",\"inLanguage\":\"es\",\"@id\":\"https:\/\/www.elliott-tool.com\/es\/por-que-elegir-elliott\/#primaryimage\",\"url\":\"https:\/\/www.elliott-tool.com\/wp-content\/uploads\/2017\/06\/ETTLogo.Search.png\",\"contentUrl\":\"https:\/\/www.elliott-tool.com\/wp-content\/uploads\/2017\/06\/ETTLogo.Search.png\",\"width\":320,\"height\":200},{\"@type\":\"BreadcrumbList\",\"@id\":\"https:\/\/www.elliott-tool.com\/es\/por-que-elegir-elliott\/#breadcrumb\",\"itemListElement\":[{\"@type\":\"ListItem\",\"position\":1,\"name\":\"Home\",\"item\":\"https:\/\/www.elliott-tool.com\/es\/\"},{\"@type\":\"ListItem\",\"position\":2,\"name\":\"Por Qu\u00e9 Elegir Elliott?\"}]},{\"@type\":\"WebSite\",\"@id\":\"https:\/\/www.elliott-tool.com\/#website\",\"url\":\"https:\/\/www.elliott-tool.com\/\",\"name\":\"Elliott Tool Technologies\",\"description\":\"Quality Tube Tools For An &quot;I Need It Yesterday World&quot;.\",\"alternateName\":\"Elliott Tool\",\"potentialAction\":[{\"@type\":\"SearchAction\",\"target\":{\"@type\":\"EntryPoint\",\"urlTemplate\":\"https:\/\/www.elliott-tool.com\/?s={search_term_string}\"},\"query-input\":\"required name=search_term_string\"}],\"inLanguage\":\"es\"}]}<\/script>\n<!-- \/ Yoast SEO plugin. -->","yoast_head_json":{"title":"Por Qu\u00e9 Elegir Elliott? - Elliott Tool Technologies","robots":{"index":"index","follow":"follow","max-snippet":"max-snippet:-1","max-image-preview":"max-image-preview:large","max-video-preview":"max-video-preview:-1"},"canonical":"https:\/\/www.elliott-tool.com\/es\/por-que-elegir-elliott\/","og_locale":"es_ES","og_type":"article","og_title":"Por Qu\u00e9 Elegir Elliott? - Elliott Tool Technologies","og_description":"En Septiembre de 1892, un invenar y fabricante llamado Gustav Wiedeke comenz\u00f3 un peque\u00f1o negocio de producci\u00f3n en un modesa edificio en la parte trasera de su casa en Dayton, Ohio. Hoy en d\u00eda, m\u00e1s de 100 a\u00f1os despu\u00e9s. Elliott Tool Technologies Ltd. Es el resultado de los esfuerzos del Sr. Wiedeke.","og_url":"https:\/\/www.elliott-tool.com\/es\/por-que-elegir-elliott\/","og_site_name":"Elliott Tool Technologies","article_publisher":"https:\/\/www.facebook.com\/elliotttool","article_modified_time":"2022-03-14T15:31:28+00:00","og_image":[{"width":320,"height":200,"url":"https:\/\/www.elliott-tool.com\/wp-content\/uploads\/2017\/06\/ETTLogo.Search.png","type":"image\/png"}],"twitter_card":"summary_large_image","twitter_misc":{"Tiempo de lectura":"5 minutos"},"schema":{"@context":"https:\/\/schema.org","@graph":[{"@type":"WebPage","@id":"https:\/\/www.elliott-tool.com\/es\/por-que-elegir-elliott\/","url":"https:\/\/www.elliott-tool.com\/es\/por-que-elegir-elliott\/","name":"Por Qu\u00e9 Elegir Elliott? - Elliott Tool Technologies","isPartOf":{"@id":"https:\/\/www.elliott-tool.com\/#website"},"primaryImageOfPage":{"@id":"https:\/\/www.elliott-tool.com\/es\/por-que-elegir-elliott\/#primaryimage"},"image":{"@id":"https:\/\/www.elliott-tool.com\/es\/por-que-elegir-elliott\/#primaryimage"},"thumbnailUrl":"https:\/\/www.elliott-tool.com\/wp-content\/uploads\/2017\/06\/ETTLogo.Search.png","datePublished":"2017-07-06T12:43:57+00:00","dateModified":"2022-03-14T15:31:28+00:00","breadcrumb":{"@id":"https:\/\/www.elliott-tool.com\/es\/por-que-elegir-elliott\/#breadcrumb"},"inLanguage":"es","potentialAction":[{"@type":"ReadAction","target":["https:\/\/www.elliott-tool.com\/es\/por-que-elegir-elliott\/"]}]},{"@type":"ImageObject","inLanguage":"es","@id":"https:\/\/www.elliott-tool.com\/es\/por-que-elegir-elliott\/#primaryimage","url":"https:\/\/www.elliott-tool.com\/wp-content\/uploads\/2017\/06\/ETTLogo.Search.png","contentUrl":"https:\/\/www.elliott-tool.com\/wp-content\/uploads\/2017\/06\/ETTLogo.Search.png","width":320,"height":200},{"@type":"BreadcrumbList","@id":"https:\/\/www.elliott-tool.com\/es\/por-que-elegir-elliott\/#breadcrumb","itemListElement":[{"@type":"ListItem","position":1,"name":"Home","item":"https:\/\/www.elliott-tool.com\/es\/"},{"@type":"ListItem","position":2,"name":"Por Qu\u00e9 Elegir Elliott?"}]},{"@type":"WebSite","@id":"https:\/\/www.elliott-tool.com\/#website","url":"https:\/\/www.elliott-tool.com\/","name":"Elliott Tool Technologies","description":"Quality Tube Tools For An &quot;I Need It Yesterday World&quot;.","alternateName":"Elliott Tool","potentialAction":[{"@type":"SearchAction","target":{"@type":"EntryPoint","urlTemplate":"https:\/\/www.elliott-tool.com\/?s={search_term_string}"},"query-input":"required name=search_term_string"}],"inLanguage":"es"}]}},"_links":{"self":[{"href":"https:\/\/www.elliott-tool.com\/es\/wp-json\/wp\/v2\/pages\/529"}],"collection":[{"href":"https:\/\/www.elliott-tool.com\/es\/wp-json\/wp\/v2\/pages"}],"about":[{"href":"https:\/\/www.elliott-tool.com\/es\/wp-json\/wp\/v2\/types\/page"}],"author":[{"embeddable":true,"href":"https:\/\/www.elliott-tool.com\/es\/wp-json\/wp\/v2\/users\/2"}],"replies":[{"embeddable":true,"href":"https:\/\/www.elliott-tool.com\/es\/wp-json\/wp\/v2\/comments?post=529"}],"version-history":[{"count":26,"href":"https:\/\/www.elliott-tool.com\/es\/wp-json\/wp\/v2\/pages\/529\/revisions"}],"predecessor-version":[{"id":14914,"href":"https:\/\/www.elliott-tool.com\/es\/wp-json\/wp\/v2\/pages\/529\/revisions\/14914"}],"wp:featuredmedia":[{"embeddable":true,"href":"https:\/\/www.elliott-tool.com\/es\/wp-json\/wp\/v2\/media\/7711"}],"wp:attachment":[{"href":"https:\/\/www.elliott-tool.com\/es\/wp-json\/wp\/v2\/media?parent=529"}],"curies":[{"name":"wp","href":"https:\/\/api.w.org\/{rel}","templated":true}]}}