{"id":512,"date":"2017-07-05T20:48:51","date_gmt":"2017-07-05T20:48:51","guid":{"rendered":"http:\/\/www.elliott-tool.com\/?page_id=512\/"},"modified":"2022-04-08T09:05:16","modified_gmt":"2022-04-08T14:05:16","slug":"reparaciones-y-devoluciones","status":"publish","type":"page","link":"https:\/\/www.elliott-tool.com\/es\/reparaciones-y-devoluciones\/","title":{"rendered":"Reparaciones y Devoluciones"},"content":{"rendered":"<div class=\"fusion-fullwidth fullwidth-box fusion-builder-row-1 hundred-percent-fullwidth non-hundred-percent-height-scrolling\" style=\"--awb-border-radius-top-left:0px;--awb-border-radius-top-right:0px;--awb-border-radius-bottom-right:0px;--awb-border-radius-bottom-left:0px;--awb-padding-right:5%;--awb-padding-left:5%;\" ><div class=\"fusion-builder-row fusion-row\"><div class=\"fusion-layout-column fusion_builder_column fusion-builder-column-0 fusion_builder_column_1_1 1_1 fusion-one-full fusion-column-first fusion-column-last\" style=\"--awb-bg-size:cover;\"><div class=\"fusion-column-wrapper fusion-flex-column-wrapper-legacy\"><div class=\"fusion-title title fusion-title-1 sep-underline sep-solid fusion-title-text fusion-title-size-one\"><h1 class=\"title-heading-left fusion-responsive-typography-calculated\" style=\"margin:0;--fontSize:38;line-height:1.4;\"><h1 class=\"ett-dark-gray\">Reparaciones y Devoluciones<\/h1><\/h1><\/div><div class=\"fusion-clearfix\"><\/div><\/div><\/div><\/div><\/div><div class=\"fusion-fullwidth fullwidth-box fusion-builder-row-2 hundred-percent-fullwidth non-hundred-percent-height-scrolling\" style=\"--awb-border-radius-top-left:0px;--awb-border-radius-top-right:0px;--awb-border-radius-bottom-right:0px;--awb-border-radius-bottom-left:0px;--awb-padding-right:5%;--awb-padding-left:5%;\" ><div class=\"fusion-builder-row fusion-row\"><div class=\"fusion-layout-column fusion_builder_column fusion-builder-column-1 fusion_builder_column_1_1 1_1 fusion-one-full fusion-column-first fusion-column-last\" style=\"--awb-bg-size:cover;\"><div class=\"fusion-column-wrapper fusion-flex-column-wrapper-legacy\"><div class=\"fusion-title title fusion-title-2 fusion-sep-none fusion-title-text fusion-title-size-four\" style=\"--awb-text-color:#bf000d;\"><h4 class=\"title-heading-left fusion-responsive-typography-calculated\" style=\"margin:0;--fontSize:22;--minFontSize:22;line-height:1.5;\">Pasos Para Un R\u00e1pido y Eficaz Retorno o Reparaci\u00f3n<\/h4><\/div><div class=\"fusion-clearfix\"><\/div><\/div><\/div><\/div><\/div><div class=\"fusion-fullwidth fullwidth-box fusion-builder-row-3 nonhundred-percent-fullwidth non-hundred-percent-height-scrolling\" style=\"--awb-border-radius-top-left:0px;--awb-border-radius-top-right:0px;--awb-border-radius-bottom-right:0px;--awb-border-radius-bottom-left:0px;--awb-padding-right:5%;--awb-padding-left:5%;\" ><div class=\"fusion-builder-row fusion-row\"><div class=\"fusion-layout-column fusion_builder_column fusion-builder-column-2 fusion_builder_column_1_1 1_1 fusion-one-full fusion-column-first fusion-column-last\" style=\"--awb-bg-size:cover;\"><div class=\"fusion-column-wrapper fusion-flex-column-wrapper-legacy\"><div class=\"fusion-text fusion-text-1\"><h3>1. Recopilar esta informaci\u00f3n antes de ponerse en contacto con Elliott.<\/h3>\n<ul>\n<li>\u00bfCu\u00e1l es el problema?<\/li>\n<li>\u00bfCon cu\u00e1l producto tuvo el problema?<\/li>\n<li>\u00bfA qui\u00e9n le sucedi\u00f3?<\/li>\n<li>\u00bfCuando sucedi\u00f3?<\/li>\n<li>\u00bfDonde sucedi\u00f3?<\/li>\n<li>\u00bfCuando lo compro?<\/li>\n<\/ul>\n<h3>2. P\u00f3ngase En Contacto Con Elliott Para Recibir Un N\u00famero De Autorizaci\u00f3n De Retorno<\/h3>\n<p>Para asegurarse de que sus necesidades se cumplan de una manera oportuna y completa, p\u00f3ngase <a href=\"http:\/\/www.elliott-tool.com\/es\/contactenos\/\">encontacto con Elliott<\/a> para que se le entregue un N\u00famero De Autorizaci\u00f3n De Retorno antes de enviar las partes a Elliott.<\/p>\n<\/div><div class=\"fusion-clearfix\"><\/div><\/div><\/div><div class=\"fusion-layout-column fusion_builder_column fusion-builder-column-3 fusion_builder_column_1_4 1_4 fusion-one-fourth fusion-column-first\" style=\"--awb-bg-size:cover;width:22%; margin-right: 4%;\"><div class=\"fusion-column-wrapper fusion-flex-column-wrapper-legacy\"><div class=\"fusion-text fusion-text-2\"><p><strong>OHIO<\/strong><\/p>\n<p>Phone: +1 (937) 253 6133<\/p>\n<p>Email: <a href=\"mailto:sales@elliott-tool.com\">sales@elliott-tool.com<\/a><\/p>\n<\/div><div class=\"fusion-clearfix\"><\/div><\/div><\/div><div class=\"fusion-layout-column fusion_builder_column fusion-builder-column-4 fusion_builder_column_1_1 1_1 fusion-one-full fusion-column-last\" style=\"--awb-bg-size:cover;\"><div class=\"fusion-column-wrapper fusion-flex-column-wrapper-legacy\"><div class=\"fusion-text fusion-text-3\"><h3>3. Elliott Le Enviara Un Formulario De Autorizaci\u00f3n De Retorno<\/h3>\n<p>Elliott le enviara v\u00eda fax o correo electr\u00f3nico un Formulario De Autorizaci\u00f3n De Retorno ya completado. Simplemente incluya este formulario con el envio de retorno.<\/p>\n<h3>4. Envie la Parte a Elliott<\/h3>\n<p>Para asegurarse de que sus necesidades se cumplan de una manera oportuna y completa, por favor haga lo siguiente:<\/p>\n<ul>\n<li>Escriba el N\u00famero De Autorizaci\u00f3n De Retorno en la parte exterior de la caja que va a ser usada para retornar la parte a Elliott.<\/li>\n<li>Incluya dentro del paquete el Formulario De Autorizaci\u00f3n De Retorno as\u00ed como las partes.<\/li>\n<li>Envie el paquete a:<\/li>\n<\/ul>\n<\/div><div class=\"fusion-clearfix\"><\/div><\/div><\/div><div class=\"fusion-layout-column fusion_builder_column fusion-builder-column-5 fusion_builder_column_1_4 1_4 fusion-one-fourth fusion-column-first\" style=\"--awb-bg-size:cover;width:22%; margin-right: 4%;\"><div class=\"fusion-column-wrapper fusion-flex-column-wrapper-legacy\"><div class=\"fusion-text fusion-text-4\"><p><strong>OHIO<\/strong><\/p>\n<p>Elliott Tool Technologies<\/p>\n<p>Attn: Returned Goods<\/p>\n<p>1760 Tuttle Ave<\/p>\n<p>Dayton, OH 45403<\/p>\n<p>USA<\/p>\n<\/div><div class=\"fusion-clearfix\"><\/div><\/div><\/div><div class=\"fusion-layout-column fusion_builder_column fusion-builder-column-6 fusion_builder_column_1_1 1_1 fusion-one-full fusion-column-last\" style=\"--awb-bg-size:cover;\"><div class=\"fusion-column-wrapper fusion-flex-column-wrapper-legacy\"><div class=\"fusion-text fusion-text-5\"><h3>5. Elliott Se Pondr\u00e1 En contacto Con Usted Para La Resoluci\u00f3n<\/h3>\n<p>Despu\u00e9s de que recibamos la parte (s) diagnosticaremos el problema y a continuaci\u00f3n, nos pondremos en contacto con usted para la resoluci\u00f3n.<br \/>\nPara la mayor\u00eda de las partes, usted puede esperar a ser contactado dentro de los 5 d\u00edas h\u00e1biles y 3 semanas para art\u00edculos hidr\u00e1ulicos o electr\u00f3nicos.<\/p>\n<\/div><div class=\"fusion-clearfix\"><\/div><\/div><\/div><\/div><\/div><div class=\"fusion-fullwidth fullwidth-box fusion-builder-row-4 hundred-percent-fullwidth non-hundred-percent-height-scrolling\" style=\"--awb-border-radius-top-left:0px;--awb-border-radius-top-right:0px;--awb-border-radius-bottom-right:0px;--awb-border-radius-bottom-left:0px;--awb-padding-right:5%;--awb-padding-left:5%;\" ><div class=\"fusion-builder-row fusion-row\"><div class=\"fusion-layout-column fusion_builder_column fusion-builder-column-7 fusion_builder_column_1_1 1_1 fusion-one-full fusion-column-first fusion-column-last\" style=\"--awb-bg-size:cover;\"><div class=\"fusion-column-wrapper fusion-flex-column-wrapper-legacy\"><div class=\"fusion-title title fusion-title-3 fusion-sep-none fusion-title-text fusion-title-size-three\" style=\"--awb-text-color:#bf000d;\"><h3 class=\"title-heading-left fusion-responsive-typography-calculated\" style=\"margin:0;--fontSize:22;--minFontSize:22;line-height:1.5;\">Pol\u00edtica de garant\u00eda para herramientas reparadas: solo piezas reci\u00e9n reparadas<\/h3><\/div><div class=\"fusion-clearfix\"><\/div><\/div><\/div><\/div><\/div><div class=\"fusion-fullwidth fullwidth-box fusion-builder-row-5 nonhundred-percent-fullwidth non-hundred-percent-height-scrolling\" style=\"--awb-border-radius-top-left:0px;--awb-border-radius-top-right:0px;--awb-border-radius-bottom-right:0px;--awb-border-radius-bottom-left:0px;--awb-padding-right:5%;--awb-padding-left:5%;\" ><div class=\"fusion-builder-row fusion-row\"><div class=\"fusion-layout-column fusion_builder_column fusion-builder-column-8 fusion_builder_column_1_1 1_1 fusion-one-full fusion-column-first fusion-column-last\" style=\"--awb-bg-size:cover;\"><div class=\"fusion-column-wrapper fusion-flex-column-wrapper-legacy\"><div class=\"fusion-text fusion-text-6\"><p>Should any part being replaced during a repair, of Seller\u2019s own manufacture, prove to have been defective in material or workmanship when shipped (as determined by Seller), Seller warrants that it will, at its sole option, repair said part f.o.b., point of manufacture, provided that the Buyer notifies, in writing, of such defect within twelve (12) months from date of shipment from the manufacturing plant. General labor\/workmanship will be covered for a ninety (90) day period after the repair part ships to the Buyer.<\/p>\n<p>On request of the Seller, the part claimed to be defective will be returned, transportation, insurance, taxes, and duties prepaid, to the factory where made, for inspection.<\/p>\n<p>Any item, which has been purchased by the Seller, is warranted only to the extent of the original manufacturer\u2019s warranty to the Seller. The Seller shall not be liable for any damages or delays caused by defective material or workmanship.<\/p>\n<p>No allowance will be made for repairs or alterations made by others without the Seller\u2019s written consent or approval. If repairs or alterations are attempted without the Seller\u2019s consent, Seller\u2019s warranty is void. Warranty coverage also voids for incorrect application, used beyond capability or misuse and abuse of product.<\/p>\n<\/div><div class=\"fusion-clearfix\"><\/div><\/div><\/div><\/div><\/div>\n","protected":false},"excerpt":{"rendered":"<p>Elliott ofrece reparaciones y acepta devoluciones. Siga estos pasos para obtener reparaciones o devoluciones r\u00e1pidas y efectivas.<\/p>\n","protected":false},"author":2,"featured_media":874,"parent":0,"menu_order":0,"comment_status":"closed","ping_status":"closed","template":"","meta":{"content-type":"","footnotes":""},"yoast_head":"<!-- This site is optimized with the Yoast SEO plugin v23.1 - https:\/\/yoast.com\/wordpress\/plugins\/seo\/ -->\n<title>Reparaciones y Devoluciones - Elliott Tool Technologies<\/title>\n<meta name=\"description\" content=\"Elliott ofrece reparaciones y acepta devoluciones. Siga estos pasos para obtener reparaciones o devoluciones r\u00e1pidas y efectivas.\" \/>\n<meta name=\"robots\" content=\"index, follow, max-snippet:-1, max-image-preview:large, max-video-preview:-1\" \/>\n<link rel=\"canonical\" href=\"https:\/\/www.elliott-tool.com\/es\/reparaciones-y-devoluciones\/\" \/>\n<meta property=\"og:locale\" content=\"es_ES\" \/>\n<meta property=\"og:type\" content=\"article\" \/>\n<meta property=\"og:title\" content=\"Reparaciones y Devoluciones - Elliott Tool Technologies\" \/>\n<meta property=\"og:description\" content=\"Elliott ofrece reparaciones y acepta devoluciones. Siga estos pasos para obtener reparaciones o devoluciones r\u00e1pidas y efectivas.\" \/>\n<meta property=\"og:url\" content=\"https:\/\/www.elliott-tool.com\/es\/reparaciones-y-devoluciones\/\" \/>\n<meta property=\"og:site_name\" content=\"Elliott Tool Technologies\" \/>\n<meta property=\"article:publisher\" content=\"https:\/\/www.facebook.com\/elliotttool\" \/>\n<meta property=\"article:modified_time\" content=\"2022-04-08T14:05:16+00:00\" \/>\n<meta property=\"og:image\" content=\"https:\/\/www.elliott-tool.com\/wp-content\/uploads\/2017\/06\/ETTLogo.Search.png\" \/>\n\t<meta property=\"og:image:width\" content=\"320\" \/>\n\t<meta property=\"og:image:height\" content=\"200\" \/>\n\t<meta property=\"og:image:type\" content=\"image\/png\" \/>\n<meta name=\"twitter:card\" content=\"summary_large_image\" \/>\n<meta name=\"twitter:label1\" content=\"Tiempo de lectura\" \/>\n\t<meta name=\"twitter:data1\" content=\"8 minutos\" \/>\n<script type=\"application\/ld+json\" class=\"yoast-schema-graph\">{\"@context\":\"https:\/\/schema.org\",\"@graph\":[{\"@type\":\"WebPage\",\"@id\":\"https:\/\/www.elliott-tool.com\/es\/reparaciones-y-devoluciones\/\",\"url\":\"https:\/\/www.elliott-tool.com\/es\/reparaciones-y-devoluciones\/\",\"name\":\"Reparaciones y Devoluciones - Elliott Tool Technologies\",\"isPartOf\":{\"@id\":\"https:\/\/www.elliott-tool.com\/#website\"},\"primaryImageOfPage\":{\"@id\":\"https:\/\/www.elliott-tool.com\/es\/reparaciones-y-devoluciones\/#primaryimage\"},\"image\":{\"@id\":\"https:\/\/www.elliott-tool.com\/es\/reparaciones-y-devoluciones\/#primaryimage\"},\"thumbnailUrl\":\"https:\/\/www.elliott-tool.com\/wp-content\/uploads\/2017\/06\/ETTLogo.Search.png\",\"datePublished\":\"2017-07-05T20:48:51+00:00\",\"dateModified\":\"2022-04-08T14:05:16+00:00\",\"description\":\"Elliott ofrece reparaciones y acepta devoluciones. Siga estos pasos para obtener reparaciones o devoluciones r\u00e1pidas y efectivas.\",\"breadcrumb\":{\"@id\":\"https:\/\/www.elliott-tool.com\/es\/reparaciones-y-devoluciones\/#breadcrumb\"},\"inLanguage\":\"es\",\"potentialAction\":[{\"@type\":\"ReadAction\",\"target\":[\"https:\/\/www.elliott-tool.com\/es\/reparaciones-y-devoluciones\/\"]}]},{\"@type\":\"ImageObject\",\"inLanguage\":\"es\",\"@id\":\"https:\/\/www.elliott-tool.com\/es\/reparaciones-y-devoluciones\/#primaryimage\",\"url\":\"https:\/\/www.elliott-tool.com\/wp-content\/uploads\/2017\/06\/ETTLogo.Search.png\",\"contentUrl\":\"https:\/\/www.elliott-tool.com\/wp-content\/uploads\/2017\/06\/ETTLogo.Search.png\",\"width\":320,\"height\":200},{\"@type\":\"BreadcrumbList\",\"@id\":\"https:\/\/www.elliott-tool.com\/es\/reparaciones-y-devoluciones\/#breadcrumb\",\"itemListElement\":[{\"@type\":\"ListItem\",\"position\":1,\"name\":\"Home\",\"item\":\"https:\/\/www.elliott-tool.com\/es\/\"},{\"@type\":\"ListItem\",\"position\":2,\"name\":\"Reparaciones y Devoluciones\"}]},{\"@type\":\"WebSite\",\"@id\":\"https:\/\/www.elliott-tool.com\/#website\",\"url\":\"https:\/\/www.elliott-tool.com\/\",\"name\":\"Elliott Tool Technologies\",\"description\":\"Quality Tube Tools For An &quot;I Need It Yesterday World&quot;.\",\"alternateName\":\"Elliott Tool\",\"potentialAction\":[{\"@type\":\"SearchAction\",\"target\":{\"@type\":\"EntryPoint\",\"urlTemplate\":\"https:\/\/www.elliott-tool.com\/?s={search_term_string}\"},\"query-input\":\"required name=search_term_string\"}],\"inLanguage\":\"es\"}]}<\/script>\n<!-- \/ Yoast SEO plugin. -->","yoast_head_json":{"title":"Reparaciones y Devoluciones - Elliott Tool Technologies","description":"Elliott ofrece reparaciones y acepta devoluciones. Siga estos pasos para obtener reparaciones o devoluciones r\u00e1pidas y efectivas.","robots":{"index":"index","follow":"follow","max-snippet":"max-snippet:-1","max-image-preview":"max-image-preview:large","max-video-preview":"max-video-preview:-1"},"canonical":"https:\/\/www.elliott-tool.com\/es\/reparaciones-y-devoluciones\/","og_locale":"es_ES","og_type":"article","og_title":"Reparaciones y Devoluciones - Elliott Tool Technologies","og_description":"Elliott ofrece reparaciones y acepta devoluciones. Siga estos pasos para obtener reparaciones o devoluciones r\u00e1pidas y efectivas.","og_url":"https:\/\/www.elliott-tool.com\/es\/reparaciones-y-devoluciones\/","og_site_name":"Elliott Tool Technologies","article_publisher":"https:\/\/www.facebook.com\/elliotttool","article_modified_time":"2022-04-08T14:05:16+00:00","og_image":[{"width":320,"height":200,"url":"https:\/\/www.elliott-tool.com\/wp-content\/uploads\/2017\/06\/ETTLogo.Search.png","type":"image\/png"}],"twitter_card":"summary_large_image","twitter_misc":{"Tiempo de lectura":"8 minutos"},"schema":{"@context":"https:\/\/schema.org","@graph":[{"@type":"WebPage","@id":"https:\/\/www.elliott-tool.com\/es\/reparaciones-y-devoluciones\/","url":"https:\/\/www.elliott-tool.com\/es\/reparaciones-y-devoluciones\/","name":"Reparaciones y Devoluciones - Elliott Tool Technologies","isPartOf":{"@id":"https:\/\/www.elliott-tool.com\/#website"},"primaryImageOfPage":{"@id":"https:\/\/www.elliott-tool.com\/es\/reparaciones-y-devoluciones\/#primaryimage"},"image":{"@id":"https:\/\/www.elliott-tool.com\/es\/reparaciones-y-devoluciones\/#primaryimage"},"thumbnailUrl":"https:\/\/www.elliott-tool.com\/wp-content\/uploads\/2017\/06\/ETTLogo.Search.png","datePublished":"2017-07-05T20:48:51+00:00","dateModified":"2022-04-08T14:05:16+00:00","description":"Elliott ofrece reparaciones y acepta devoluciones. Siga estos pasos para obtener reparaciones o devoluciones r\u00e1pidas y efectivas.","breadcrumb":{"@id":"https:\/\/www.elliott-tool.com\/es\/reparaciones-y-devoluciones\/#breadcrumb"},"inLanguage":"es","potentialAction":[{"@type":"ReadAction","target":["https:\/\/www.elliott-tool.com\/es\/reparaciones-y-devoluciones\/"]}]},{"@type":"ImageObject","inLanguage":"es","@id":"https:\/\/www.elliott-tool.com\/es\/reparaciones-y-devoluciones\/#primaryimage","url":"https:\/\/www.elliott-tool.com\/wp-content\/uploads\/2017\/06\/ETTLogo.Search.png","contentUrl":"https:\/\/www.elliott-tool.com\/wp-content\/uploads\/2017\/06\/ETTLogo.Search.png","width":320,"height":200},{"@type":"BreadcrumbList","@id":"https:\/\/www.elliott-tool.com\/es\/reparaciones-y-devoluciones\/#breadcrumb","itemListElement":[{"@type":"ListItem","position":1,"name":"Home","item":"https:\/\/www.elliott-tool.com\/es\/"},{"@type":"ListItem","position":2,"name":"Reparaciones y Devoluciones"}]},{"@type":"WebSite","@id":"https:\/\/www.elliott-tool.com\/#website","url":"https:\/\/www.elliott-tool.com\/","name":"Elliott Tool Technologies","description":"Quality Tube Tools For An &quot;I Need It Yesterday World&quot;.","alternateName":"Elliott Tool","potentialAction":[{"@type":"SearchAction","target":{"@type":"EntryPoint","urlTemplate":"https:\/\/www.elliott-tool.com\/?s={search_term_string}"},"query-input":"required name=search_term_string"}],"inLanguage":"es"}]}},"_links":{"self":[{"href":"https:\/\/www.elliott-tool.com\/es\/wp-json\/wp\/v2\/pages\/512"}],"collection":[{"href":"https:\/\/www.elliott-tool.com\/es\/wp-json\/wp\/v2\/pages"}],"about":[{"href":"https:\/\/www.elliott-tool.com\/es\/wp-json\/wp\/v2\/types\/page"}],"author":[{"embeddable":true,"href":"https:\/\/www.elliott-tool.com\/es\/wp-json\/wp\/v2\/users\/2"}],"replies":[{"embeddable":true,"href":"https:\/\/www.elliott-tool.com\/es\/wp-json\/wp\/v2\/comments?post=512"}],"version-history":[{"count":15,"href":"https:\/\/www.elliott-tool.com\/es\/wp-json\/wp\/v2\/pages\/512\/revisions"}],"predecessor-version":[{"id":15070,"href":"https:\/\/www.elliott-tool.com\/es\/wp-json\/wp\/v2\/pages\/512\/revisions\/15070"}],"wp:featuredmedia":[{"embeddable":true,"href":"https:\/\/www.elliott-tool.com\/es\/wp-json\/wp\/v2\/media\/874"}],"wp:attachment":[{"href":"https:\/\/www.elliott-tool.com\/es\/wp-json\/wp\/v2\/media?parent=512"}],"curies":[{"name":"wp","href":"https:\/\/api.w.org\/{rel}","templated":true}]}}