{"id":4917,"date":"2017-10-10T20:51:58","date_gmt":"2017-10-10T20:51:58","guid":{"rendered":"http:\/\/www.elliott-tool.com\/medidor-de-agujeros\/"},"modified":"2025-05-13T09:08:58","modified_gmt":"2025-05-13T14:08:58","slug":"medidor-agujeros","status":"publish","type":"page","link":"https:\/\/www.elliott-tool.com\/es\/medidor-agujeros\/","title":{"rendered":"Medidor de Agujeros"},"content":{"rendered":"<div class=\"fusion-fullwidth fullwidth-box fusion-builder-row-1 nonhundred-percent-fullwidth non-hundred-percent-height-scrolling\" style=\"--awb-border-radius-top-left:0px;--awb-border-radius-top-right:0px;--awb-border-radius-bottom-right:0px;--awb-border-radius-bottom-left:0px;--awb-padding-right:20%;--awb-padding-left:20%;\" ><div class=\"fusion-builder-row fusion-row\"><div class=\"fusion-layout-column fusion_builder_column fusion-builder-column-0 fusion_builder_column_1_2 1_2 fusion-one-half fusion-column-first\" style=\"--awb-bg-size:cover;width:50%;width:calc(50% - ( ( 4% ) * 0.5 ) );margin-right: 4%;\"><div class=\"fusion-column-wrapper fusion-flex-column-wrapper-legacy\"><div class=\"fusion-text fusion-text-1\"><h4 style=\"text-align: left;\">Medidor de Agujeros<\/h4>\n<\/div><div class=\"fusion-clearfix\"><\/div><\/div><\/div><div class=\"fusion-layout-column fusion_builder_column fusion-builder-column-1 fusion_builder_column_1_2 1_2 fusion-one-half fusion-column-last\" style=\"--awb-bg-size:cover;width:50%;width:calc(50% - ( ( 4% ) * 0.5 ) );\"><div class=\"fusion-column-wrapper fusion-flex-column-wrapper-legacy\"><div class=\"fusion-text fusion-text-2\"><p style=\"text-align: right;\"><a href=\"\/es\/medidor-agujeros\/\">Descripci\u00f3n<\/a>\u00a0 \u00a0 \u00a0\u00a0<a href=\"\/es\/medidor-agujeros\/especificaciones\/\">Especificaciones<\/a>\u00a0 \u00a0 \u00a0 <a href=\"\/media\/TM 131S Tube Hole Gauge.pdf\">Manuales de Funcionamiento<\/a><\/p>\n<\/div><div class=\"fusion-clearfix\"><\/div><\/div><\/div><div class=\"fusion-layout-column fusion_builder_column fusion-builder-column-2 fusion_builder_column_1_1 1_1 fusion-one-full fusion-column-first fusion-column-last\" style=\"--awb-bg-size:cover;\"><div class=\"fusion-column-wrapper fusion-flex-column-wrapper-legacy\"><div class=\"fusion-sep-clear\"><\/div><div class=\"fusion-separator fusion-full-width-sep\" style=\"margin-left: auto;margin-right: auto;width:100%;\"><div class=\"fusion-separator-border sep-single sep-solid\" style=\"--awb-height:20px;--awb-amount:20px;border-color:#e0dede;border-top-width:1px;\"><\/div><\/div><div class=\"fusion-sep-clear\"><\/div><div class=\"fusion-clearfix\"><\/div><\/div><\/div><\/div><\/div><div class=\"fusion-fullwidth fullwidth-box fusion-builder-row-2 nonhundred-percent-fullwidth non-hundred-percent-height-scrolling\" style=\"--awb-border-radius-top-left:0px;--awb-border-radius-top-right:0px;--awb-border-radius-bottom-right:0px;--awb-border-radius-bottom-left:0px;--awb-margin-top:30px;--awb-margin-bottom:20px;\" ><div class=\"fusion-builder-row fusion-row\"><div class=\"fusion-layout-column fusion_builder_column fusion-builder-column-3 fusion_builder_column_1_1 1_1 fusion-one-full fusion-column-first fusion-column-last\" style=\"--awb-bg-size:cover;\"><div class=\"fusion-column-wrapper fusion-flex-column-wrapper-legacy\"><div class=\"fusion-title title fusion-title-1 fusion-sep-none fusion-title-center fusion-title-text fusion-title-size-two\"><h2 class=\"title-heading-center fusion-responsive-typography-calculated\" style=\"margin:0;--fontSize:34;line-height:1.5;\"><h1 class=\"ett-red\">M\u00e1s precisas que los calibradores corrientes de 2 puntos.<\/h1><\/h2><\/div><div class=\"fusion-text fusion-text-3\"><h4 style=\"text-align: center;\">El Medidor de Agujeros Elliott hace posible la medici\u00f3n exacta de los DI de los tubos y barrenos que se encuentran en equipos.<\/h4>\n<\/div><div class=\"fusion-clearfix\"><\/div><\/div><\/div><div class=\"fusion-layout-column fusion_builder_column fusion-builder-column-4 fusion_builder_column_1_3 1_3 fusion-one-third fusion-column-first\" style=\"--awb-bg-size:cover;width:33.333333333333%;width:calc(33.333333333333% - ( ( 4% ) * 0.33333333333333 ) );margin-right: 4%;\"><div class=\"fusion-column-wrapper fusion-flex-column-wrapper-legacy\"><ul style=\"--awb-size:13px;--awb-line-height:22.1px;--awb-icon-width:22.1px;--awb-icon-height:22.1px;--awb-icon-margin:9.1px;--awb-content-margin:31.2px;--awb-circlecolor:#aa0500;--awb-circle-yes-font-size:11.44px;\" class=\"fusion-checklist fusion-checklist-1 fusion-checklist-default type-icons\"><li class=\"fusion-li-item\" style=\"\"><span class=\"icon-wrapper circle-yes\"><i class=\"fusion-li-icon fa fa-check\" aria-hidden=\"true\"><\/i><\/span><div class=\"fusion-li-item-content\">\n<h3 class=\"ett-dark-gray\" data-fontsize=\"22\" data-lineheight=\"33\">Medida del Tubo: 0.375&#8243; a 2.000\u2033 (9.5 &#8211; 50.8mm) DE<\/h3>\n<\/div><\/li><\/ul><div class=\"fusion-clearfix\"><\/div><\/div><\/div><div class=\"fusion-layout-column fusion_builder_column fusion-builder-column-5 fusion_builder_column_2_3 2_3 fusion-two-third fusion-column-last\" style=\"--awb-bg-size:cover;width:66.666666666667%;width:calc(66.666666666667% - ( ( 4% ) * 0.66666666666667 ) );\"><div class=\"fusion-column-wrapper fusion-flex-column-wrapper-legacy\"><div class=\"fusion-image-element fusion-image-align-center in-legacy-container\" style=\"text-align:center;--awb-caption-title-font-family:var(--h2_typography-font-family);--awb-caption-title-font-weight:var(--h2_typography-font-weight);--awb-caption-title-font-style:var(--h2_typography-font-style);--awb-caption-title-size:var(--h2_typography-font-size);--awb-caption-title-transform:var(--h2_typography-text-transform);--awb-caption-title-line-height:var(--h2_typography-line-height);--awb-caption-title-letter-spacing:var(--h2_typography-letter-spacing);\"><div class=\"imageframe-align-center\"><span class=\" fusion-imageframe imageframe-none imageframe-1 hover-type-none\" class=\"image-magnify\" class=\"image-scroll\"><img decoding=\"async\" alt=\"Tube Gauge\" src=\"data:image\/gif;base64,R0lGODlhAQABAAAAACH5BAEKAAEALAAAAAABAAEAAAICTAEAOw==\" data-orig-src=\"\/images\/products\/Tube-Hole-Gauge.jpg\" class=\"lazyload img-responsive\"\/><\/span><\/div><\/div><div class=\"fusion-clearfix\"><\/div><\/div><\/div><\/div><\/div><div class=\"fusion-fullwidth fullwidth-box fusion-builder-row-3 nonhundred-percent-fullwidth non-hundred-percent-height-scrolling\" style=\"--awb-border-radius-top-left:0px;--awb-border-radius-top-right:0px;--awb-border-radius-bottom-right:0px;--awb-border-radius-bottom-left:0px;--awb-padding-top:30px;--awb-padding-bottom:30px;--awb-background-color:#bf000d;\" id=\"Video\" ><div class=\"fusion-builder-row fusion-row\"><div class=\"fusion-layout-column fusion_builder_column fusion-builder-column-6 fusion_builder_column_1_1 1_1 fusion-one-full fusion-column-first fusion-column-last\" style=\"--awb-bg-size:cover;\"><div class=\"fusion-column-wrapper fusion-flex-column-wrapper-legacy\"><div class=\"fusion-video fusion-youtube\" style=\"--awb-max-width:800px;--awb-max-height:450px;\"><div class=\"video-shortcode\"><div class=\"fluid-width-video-wrapper\" style=\"padding-top:56.25%;\" ><iframe title=\"YouTube video player 1\" src=\"https:\/\/www.youtube.com\/embed\/SsI1TZCiteY?wmode=transparent&autoplay=0\" width=\"800\" height=\"450\" allowfullscreen allow=\"autoplay; fullscreen\"><\/iframe><\/div><\/div><\/div><div class=\"fusion-clearfix\"><\/div><\/div><\/div><\/div><\/div><div class=\"fusion-fullwidth fullwidth-box fusion-builder-row-4 hundred-percent-fullwidth non-hundred-percent-height-scrolling\" style=\"--awb-border-radius-top-left:0px;--awb-border-radius-top-right:0px;--awb-border-radius-bottom-right:0px;--awb-border-radius-bottom-left:0px;--awb-padding-top:40px;--awb-padding-right:0px;--awb-padding-bottom:20px;--awb-padding-left:0px;--awb-background-color:#8e8e8e;\" ><div class=\"fusion-builder-row fusion-row\"><div class=\"fusion-layout-column fusion_builder_column fusion-builder-column-7 fusion_builder_column_1_1 1_1 fusion-one-full fusion-column-first fusion-column-last\" style=\"--awb-padding-right:20px;--awb-padding-left:20px;--awb-bg-size:cover;\"><div class=\"fusion-column-wrapper fusion-flex-column-wrapper-legacy\"><div class=\"fusion-title title fusion-title-2 fusion-sep-none fusion-title-center fusion-title-text fusion-title-size-two\"><h2 class=\"title-heading-center fusion-responsive-typography-calculated\" style=\"margin:0;--fontSize:34;line-height:1.5;\"><h2 class=\"ett-white\">3 puntos de contacto en donde se realizar\u00e1 el rolado actual.<\/h2><\/h2><\/div><div class=\"fusion-text fusion-text-4\"><h4 class=\"ett-white\" style=\"text-align: center;\">Simplemente inserte el medidor en el tubo o barreno y use los tres puntos de contacto para obtener la medida exacta.<\/h4>\n<\/div><div class=\"fusion-clearfix\"><\/div><\/div><\/div><\/div><\/div><div class=\"fusion-fullwidth fullwidth-box fusion-builder-row-5 hundred-percent-fullwidth non-hundred-percent-height-scrolling\" style=\"--awb-border-radius-top-left:0px;--awb-border-radius-top-right:0px;--awb-border-radius-bottom-right:0px;--awb-border-radius-bottom-left:0px;--awb-padding-left:0px;\" ><div class=\"fusion-builder-row fusion-row\"><div class=\"fusion-layout-column fusion_builder_column fusion-builder-column-8 fusion_builder_column_1_1 1_1 fusion-one-full fusion-column-first fusion-column-last\" style=\"--awb-bg-size:cover;--awb-margin-bottom:0px;\"><div class=\"fusion-column-wrapper fusion-flex-column-wrapper-legacy\"><div class=\"fusion-section-separator section-separator triangle fusion-section-separator-1\" style=\"--awb-border-bottom:11px solid #8e8e8e;--awb-spacer-height:11px;--awb-svg-margin-left:0;--awb-svg-margin-right:0;--awb-icon-color:#ffffff;--awb-icon-top:auto;--awb-icon-bottom:-21px;\"><div class=\"fusion-section-separator-svg\"><div class=\"divider-candy-arrow bottom\" style=\"top:11px;border-top-color: #8e8e8e;\"><\/div><div class=\"divider-candy bottom\" style=\"bottom:-31px;border-bottom:1px solid #8e8e8e;border-left:1px solid #8e8e8e;\"><\/div><\/div><div class=\"fusion-section-separator-spacer\"><div class=\"fusion-section-separator-spacer-height\"><\/div><\/div><\/div><div class=\"fusion-clearfix\"><\/div><\/div><\/div><\/div><\/div><div class=\"fusion-fullwidth fullwidth-box fusion-builder-row-6 hundred-percent-fullwidth non-hundred-percent-height-scrolling\" style=\"--awb-border-radius-top-left:0px;--awb-border-radius-top-right:0px;--awb-border-radius-bottom-right:0px;--awb-border-radius-bottom-left:0px;--awb-padding-left:0px;--awb-margin-top:50px;--awb-margin-bottom:20px;\" ><div class=\"fusion-builder-row fusion-row\"><div class=\"fusion-layout-column fusion_builder_column fusion-builder-column-9 fusion_builder_column_2_3 2_3 fusion-two-third fusion-column-first\" style=\"--awb-bg-size:cover;width:66.666666666667%;width:calc(66.666666666667% - ( ( 4% ) * 0.66666666666667 ) );margin-right: 4%;\"><div class=\"fusion-column-wrapper fusion-flex-column-wrapper-legacy\"><div class=\"fusion-image-element in-legacy-container\" style=\"--awb-caption-title-font-family:var(--h2_typography-font-family);--awb-caption-title-font-weight:var(--h2_typography-font-weight);--awb-caption-title-font-style:var(--h2_typography-font-style);--awb-caption-title-size:var(--h2_typography-font-size);--awb-caption-title-transform:var(--h2_typography-text-transform);--awb-caption-title-line-height:var(--h2_typography-line-height);--awb-caption-title-letter-spacing:var(--h2_typography-letter-spacing);\"><span class=\" fusion-imageframe imageframe-none imageframe-2 hover-type-none\" class=\"image-magnify\" class=\"image-scroll\"><img decoding=\"async\" src=\"data:image\/gif;base64,R0lGODlhAQABAAAAACH5BAEKAAEALAAAAAABAAEAAAICTAEAOw==\" data-orig-src=\"\/images\/products\/Tube-Hole-Gauge-Dial.png\" alt class=\"lazyload img-responsive\"\/><\/span><\/div><div class=\"fusion-clearfix\"><\/div><\/div><\/div><div class=\"fusion-layout-column fusion_builder_column fusion-builder-column-10 fusion_builder_column_1_3 1_3 fusion-one-third fusion-column-last\" style=\"--awb-bg-size:cover;width:33.333333333333%;width:calc(33.333333333333% - ( ( 4% ) * 0.33333333333333 ) );\"><div class=\"fusion-column-wrapper fusion-flex-column-wrapper-legacy\"><div class=\"fusion-text fusion-text-5\"><h2 class=\"ett-red\" style=\"text-align: left;\">Soluci\u00f3n Econ\u00f3mico<\/h2>\n<h4 style=\"text-align: left;\">M\u00e1s econ\u00f3mico y resistente que los calibradores electr\u00f3nicos.<\/h4>\n<\/div><div class=\"fusion-sep-clear\"><\/div><div class=\"fusion-separator fusion-full-width-sep\" style=\"margin-left: auto;margin-right: auto;margin-top:20px;width:100%;\"><\/div><div class=\"fusion-sep-clear\"><\/div><div class=\"fusion-text fusion-text-6\"><h2 class=\"ett-red\" style=\"text-align: left;\">F\u00e1cil de Usar<\/h2>\n<h4 style=\"text-align: left;\">F\u00e1cil de calibrar en el \u00e1rea de actividad, por lo tanto la exactitud se mantiene.<\/h4>\n<\/div><div class=\"fusion-sep-clear\"><\/div><div class=\"fusion-separator fusion-full-width-sep\" style=\"margin-left: auto;margin-right: auto;margin-top:20px;width:100%;\"><\/div><div class=\"fusion-sep-clear\"><\/div><div class=\"fusion-text fusion-text-7\"><h2 class=\"ett-red\" style=\"text-align: left;\">Cuadrante graduado reversible<\/h2>\n<h4 style=\"text-align: left;\">Cara reversible grande, para uso f\u00e1cil en pulgadas y mil\u00edmetros.<\/h4>\n<\/div><div class=\"fusion-clearfix\"><\/div><\/div><\/div><\/div><\/div><div class=\"fusion-fullwidth fullwidth-box fusion-builder-row-7 hundred-percent-fullwidth non-hundred-percent-height-scrolling\" style=\"--awb-border-radius-top-left:0px;--awb-border-radius-top-right:0px;--awb-border-radius-bottom-right:0px;--awb-border-radius-bottom-left:0px;--awb-padding-top:20px;--awb-padding-left:0px;--awb-background-color:#cccccc;\" ><div class=\"fusion-builder-row fusion-row\"><div class=\"fusion-layout-column fusion_builder_column fusion-builder-column-11 fusion_builder_column_1_1 1_1 fusion-one-full fusion-column-first fusion-column-last\" style=\"--awb-bg-size:cover;\"><div class=\"fusion-column-wrapper fusion-flex-column-wrapper-legacy\"><div class=\"fusion-button-wrapper\"><a class=\"fusion-button button-flat button-medium button-custom fusion-button-default button-1 fusion-button-default-span fusion-button-default-type\" style=\"--button_accent_color:#ffffff;--button_accent_hover_color:#ffffff;--button_border_hover_color:#ffffff;--button_gradient_top_color:#bf000d;--button_gradient_bottom_color:#bf000d;--button_gradient_top_color_hover:#545454;--button_gradient_bottom_color_hover:#545454;\" target=\"_self\" href=\"\/es\/contactenos\/\"><span class=\"fusion-button-text\">Contactarnos por m\u00e1s informaci\u00f3n o para pedir una cotizaci\u00f3n<\/span><\/a><\/div><div class=\"fusion-clearfix\"><\/div><\/div><\/div><\/div><\/div>\n","protected":false},"excerpt":{"rendered":"<p>El Medidor de Agujeros Elliott hace posible la medici\u00f3n exacta de los DI de los tubos y barrenos que se encuentran en equipos como, intercambiadores de calor, refrigeraci\u00f3n, y condensadores. <\/p>\n","protected":false},"author":2,"featured_media":2376,"parent":0,"menu_order":10,"comment_status":"closed","ping_status":"closed","template":"","meta":{"content-type":"","footnotes":""},"yoast_head":"<!-- This site is optimized with the Yoast SEO plugin v23.1 - https:\/\/yoast.com\/wordpress\/plugins\/seo\/ -->\n<title>Medidor de Agujeros - Elliott Tool Technologies<\/title>\n<meta name=\"description\" content=\"El Medidor de Agujeros Elliott hace posible la medici\u00f3n exacta de los DI de los tubos y barrenos que se encuentran en equipos como, intercambiadores de calor, refrigeraci\u00f3n, y condensadores.\" \/>\n<meta name=\"robots\" content=\"index, follow, max-snippet:-1, max-image-preview:large, max-video-preview:-1\" \/>\n<link rel=\"canonical\" href=\"https:\/\/www.elliott-tool.com\/es\/medidor-agujeros\/\" \/>\n<meta property=\"og:locale\" content=\"es_ES\" \/>\n<meta property=\"og:type\" content=\"article\" \/>\n<meta property=\"og:title\" content=\"Medidor de Agujeros - Elliott Tool Technologies\" \/>\n<meta property=\"og:description\" content=\"El Medidor de Agujeros Elliott hace posible la medici\u00f3n exacta de los DI de los tubos y barrenos que se encuentran en equipos como, intercambiadores de calor, refrigeraci\u00f3n, y condensadores.\" \/>\n<meta property=\"og:url\" content=\"https:\/\/www.elliott-tool.com\/es\/medidor-agujeros\/\" \/>\n<meta property=\"og:site_name\" content=\"Elliott Tool Technologies\" \/>\n<meta property=\"article:publisher\" content=\"https:\/\/www.facebook.com\/elliotttool\" \/>\n<meta property=\"article:modified_time\" content=\"2025-05-13T14:08:58+00:00\" \/>\n<meta property=\"og:image\" content=\"https:\/\/www.elliott-tool.com\/wp-content\/uploads\/2017\/09\/Tube-Hole-Gauge.Search.jpg\" \/>\n\t<meta property=\"og:image:width\" content=\"320\" \/>\n\t<meta property=\"og:image:height\" content=\"200\" \/>\n\t<meta property=\"og:image:type\" content=\"image\/jpeg\" \/>\n<meta name=\"twitter:card\" content=\"summary_large_image\" \/>\n<meta name=\"twitter:label1\" content=\"Tiempo de lectura\" \/>\n\t<meta name=\"twitter:data1\" content=\"5 minutos\" \/>\n<script type=\"application\/ld+json\" class=\"yoast-schema-graph\">{\"@context\":\"https:\/\/schema.org\",\"@graph\":[{\"@type\":\"WebPage\",\"@id\":\"https:\/\/www.elliott-tool.com\/es\/medidor-agujeros\/\",\"url\":\"https:\/\/www.elliott-tool.com\/es\/medidor-agujeros\/\",\"name\":\"Medidor de Agujeros - Elliott Tool Technologies\",\"isPartOf\":{\"@id\":\"https:\/\/www.elliott-tool.com\/#website\"},\"primaryImageOfPage\":{\"@id\":\"https:\/\/www.elliott-tool.com\/es\/medidor-agujeros\/#primaryimage\"},\"image\":{\"@id\":\"https:\/\/www.elliott-tool.com\/es\/medidor-agujeros\/#primaryimage\"},\"thumbnailUrl\":\"https:\/\/www.elliott-tool.com\/wp-content\/uploads\/2017\/09\/Tube-Hole-Gauge.Search.jpg\",\"datePublished\":\"2017-10-10T20:51:58+00:00\",\"dateModified\":\"2025-05-13T14:08:58+00:00\",\"description\":\"El Medidor de Agujeros Elliott hace posible la medici\u00f3n exacta de los DI de los tubos y barrenos que se encuentran en equipos como, intercambiadores de calor, refrigeraci\u00f3n, y condensadores.\",\"breadcrumb\":{\"@id\":\"https:\/\/www.elliott-tool.com\/es\/medidor-agujeros\/#breadcrumb\"},\"inLanguage\":\"es\",\"potentialAction\":[{\"@type\":\"ReadAction\",\"target\":[\"https:\/\/www.elliott-tool.com\/es\/medidor-agujeros\/\"]}]},{\"@type\":\"ImageObject\",\"inLanguage\":\"es\",\"@id\":\"https:\/\/www.elliott-tool.com\/es\/medidor-agujeros\/#primaryimage\",\"url\":\"https:\/\/www.elliott-tool.com\/wp-content\/uploads\/2017\/09\/Tube-Hole-Gauge.Search.jpg\",\"contentUrl\":\"https:\/\/www.elliott-tool.com\/wp-content\/uploads\/2017\/09\/Tube-Hole-Gauge.Search.jpg\",\"width\":320,\"height\":200},{\"@type\":\"BreadcrumbList\",\"@id\":\"https:\/\/www.elliott-tool.com\/es\/medidor-agujeros\/#breadcrumb\",\"itemListElement\":[{\"@type\":\"ListItem\",\"position\":1,\"name\":\"Home\",\"item\":\"https:\/\/www.elliott-tool.com\/es\/\"},{\"@type\":\"ListItem\",\"position\":2,\"name\":\"Medidor de Agujeros\"}]},{\"@type\":\"WebSite\",\"@id\":\"https:\/\/www.elliott-tool.com\/#website\",\"url\":\"https:\/\/www.elliott-tool.com\/\",\"name\":\"Elliott Tool Technologies\",\"description\":\"Quality Tube Tools For An &quot;I Need It Yesterday World&quot;.\",\"alternateName\":\"Elliott Tool\",\"potentialAction\":[{\"@type\":\"SearchAction\",\"target\":{\"@type\":\"EntryPoint\",\"urlTemplate\":\"https:\/\/www.elliott-tool.com\/?s={search_term_string}\"},\"query-input\":\"required name=search_term_string\"}],\"inLanguage\":\"es\"}]}<\/script>\n<!-- \/ Yoast SEO plugin. -->","yoast_head_json":{"title":"Medidor de Agujeros - Elliott Tool Technologies","description":"El Medidor de Agujeros Elliott hace posible la medici\u00f3n exacta de los DI de los tubos y barrenos que se encuentran en equipos como, intercambiadores de calor, refrigeraci\u00f3n, y condensadores.","robots":{"index":"index","follow":"follow","max-snippet":"max-snippet:-1","max-image-preview":"max-image-preview:large","max-video-preview":"max-video-preview:-1"},"canonical":"https:\/\/www.elliott-tool.com\/es\/medidor-agujeros\/","og_locale":"es_ES","og_type":"article","og_title":"Medidor de Agujeros - Elliott Tool Technologies","og_description":"El Medidor de Agujeros Elliott hace posible la medici\u00f3n exacta de los DI de los tubos y barrenos que se encuentran en equipos como, intercambiadores de calor, refrigeraci\u00f3n, y condensadores.","og_url":"https:\/\/www.elliott-tool.com\/es\/medidor-agujeros\/","og_site_name":"Elliott Tool Technologies","article_publisher":"https:\/\/www.facebook.com\/elliotttool","article_modified_time":"2025-05-13T14:08:58+00:00","og_image":[{"width":320,"height":200,"url":"https:\/\/www.elliott-tool.com\/wp-content\/uploads\/2017\/09\/Tube-Hole-Gauge.Search.jpg","type":"image\/jpeg"}],"twitter_card":"summary_large_image","twitter_misc":{"Tiempo de lectura":"5 minutos"},"schema":{"@context":"https:\/\/schema.org","@graph":[{"@type":"WebPage","@id":"https:\/\/www.elliott-tool.com\/es\/medidor-agujeros\/","url":"https:\/\/www.elliott-tool.com\/es\/medidor-agujeros\/","name":"Medidor de Agujeros - Elliott Tool Technologies","isPartOf":{"@id":"https:\/\/www.elliott-tool.com\/#website"},"primaryImageOfPage":{"@id":"https:\/\/www.elliott-tool.com\/es\/medidor-agujeros\/#primaryimage"},"image":{"@id":"https:\/\/www.elliott-tool.com\/es\/medidor-agujeros\/#primaryimage"},"thumbnailUrl":"https:\/\/www.elliott-tool.com\/wp-content\/uploads\/2017\/09\/Tube-Hole-Gauge.Search.jpg","datePublished":"2017-10-10T20:51:58+00:00","dateModified":"2025-05-13T14:08:58+00:00","description":"El Medidor de Agujeros Elliott hace posible la medici\u00f3n exacta de los DI de los tubos y barrenos que se encuentran en equipos como, intercambiadores de calor, refrigeraci\u00f3n, y condensadores.","breadcrumb":{"@id":"https:\/\/www.elliott-tool.com\/es\/medidor-agujeros\/#breadcrumb"},"inLanguage":"es","potentialAction":[{"@type":"ReadAction","target":["https:\/\/www.elliott-tool.com\/es\/medidor-agujeros\/"]}]},{"@type":"ImageObject","inLanguage":"es","@id":"https:\/\/www.elliott-tool.com\/es\/medidor-agujeros\/#primaryimage","url":"https:\/\/www.elliott-tool.com\/wp-content\/uploads\/2017\/09\/Tube-Hole-Gauge.Search.jpg","contentUrl":"https:\/\/www.elliott-tool.com\/wp-content\/uploads\/2017\/09\/Tube-Hole-Gauge.Search.jpg","width":320,"height":200},{"@type":"BreadcrumbList","@id":"https:\/\/www.elliott-tool.com\/es\/medidor-agujeros\/#breadcrumb","itemListElement":[{"@type":"ListItem","position":1,"name":"Home","item":"https:\/\/www.elliott-tool.com\/es\/"},{"@type":"ListItem","position":2,"name":"Medidor de Agujeros"}]},{"@type":"WebSite","@id":"https:\/\/www.elliott-tool.com\/#website","url":"https:\/\/www.elliott-tool.com\/","name":"Elliott Tool Technologies","description":"Quality Tube Tools For An &quot;I Need It Yesterday World&quot;.","alternateName":"Elliott Tool","potentialAction":[{"@type":"SearchAction","target":{"@type":"EntryPoint","urlTemplate":"https:\/\/www.elliott-tool.com\/?s={search_term_string}"},"query-input":"required name=search_term_string"}],"inLanguage":"es"}]}},"_links":{"self":[{"href":"https:\/\/www.elliott-tool.com\/es\/wp-json\/wp\/v2\/pages\/4917"}],"collection":[{"href":"https:\/\/www.elliott-tool.com\/es\/wp-json\/wp\/v2\/pages"}],"about":[{"href":"https:\/\/www.elliott-tool.com\/es\/wp-json\/wp\/v2\/types\/page"}],"author":[{"embeddable":true,"href":"https:\/\/www.elliott-tool.com\/es\/wp-json\/wp\/v2\/users\/2"}],"replies":[{"embeddable":true,"href":"https:\/\/www.elliott-tool.com\/es\/wp-json\/wp\/v2\/comments?post=4917"}],"version-history":[{"count":21,"href":"https:\/\/www.elliott-tool.com\/es\/wp-json\/wp\/v2\/pages\/4917\/revisions"}],"predecessor-version":[{"id":21811,"href":"https:\/\/www.elliott-tool.com\/es\/wp-json\/wp\/v2\/pages\/4917\/revisions\/21811"}],"wp:featuredmedia":[{"embeddable":true,"href":"https:\/\/www.elliott-tool.com\/es\/wp-json\/wp\/v2\/media\/2376"}],"wp:attachment":[{"href":"https:\/\/www.elliott-tool.com\/es\/wp-json\/wp\/v2\/media?parent=4917"}],"curies":[{"name":"wp","href":"https:\/\/api.w.org\/{rel}","templated":true}]}}