{"id":4100,"date":"2017-10-06T17:30:06","date_gmt":"2017-10-06T17:30:06","guid":{"rendered":"http:\/\/www.elliott-tool.com\/serie-6621\/especificaciones-de-la-serie-6621\/"},"modified":"2019-11-25T14:09:56","modified_gmt":"2019-11-25T14:09:56","slug":"especificaciones","status":"publish","type":"page","link":"https:\/\/www.elliott-tool.com\/es\/serie-6621\/especificaciones\/","title":{"rendered":"Especificaciones de la Serie 6621"},"content":{"rendered":"<div class=\"fusion-fullwidth fullwidth-box fusion-builder-row-1 nonhundred-percent-fullwidth non-hundred-percent-height-scrolling\" style=\"--awb-border-radius-top-left:0px;--awb-border-radius-top-right:0px;--awb-border-radius-bottom-right:0px;--awb-border-radius-bottom-left:0px;--awb-padding-right:20%;--awb-padding-left:20%;\" ><div class=\"fusion-builder-row fusion-row\"><div class=\"fusion-layout-column fusion_builder_column fusion-builder-column-0 fusion_builder_column_1_2 1_2 fusion-one-half fusion-column-first\" style=\"--awb-bg-size:cover;width:50%;width:calc(50% - ( ( 4% ) * 0.5 ) );margin-right: 4%;\"><div class=\"fusion-column-wrapper fusion-flex-column-wrapper-legacy\"><div class=\"fusion-text fusion-text-1\"><h4 style=\"text-align: left;\">Serie 6621<\/h4>\n<\/div><div class=\"fusion-text fusion-text-2\"><h5>Expansores Para Tachos De Ingenios Azucareros<\/h5>\n<\/div><div class=\"fusion-clearfix\"><\/div><\/div><\/div><div class=\"fusion-layout-column fusion_builder_column fusion-builder-column-1 fusion_builder_column_1_2 1_2 fusion-one-half fusion-column-last\" style=\"--awb-bg-size:cover;width:50%;width:calc(50% - ( ( 4% ) * 0.5 ) );\"><div class=\"fusion-column-wrapper fusion-flex-column-wrapper-legacy\"><div class=\"fusion-text fusion-text-3\"><p style=\"text-align: right;\"><a href=\"\/es\/serie-6621\/\">Descripci\u00f3n<\/a>\u00a0 \u00a0 \u00a0\u00a0<a href=\"\/es\/serie-6621\/especificaciones\/\">Especificaciones<\/a><\/p>\n<\/div><div class=\"fusion-clearfix\"><\/div><\/div><\/div><div class=\"fusion-layout-column fusion_builder_column fusion-builder-column-2 fusion_builder_column_1_1 1_1 fusion-one-full fusion-column-first fusion-column-last\" style=\"--awb-bg-size:cover;\"><div class=\"fusion-column-wrapper fusion-flex-column-wrapper-legacy\"><div class=\"fusion-sep-clear\"><\/div><div class=\"fusion-separator fusion-full-width-sep\" style=\"margin-left: auto;margin-right: auto;width:100%;\"><div class=\"fusion-separator-border sep-single sep-solid\" style=\"--awb-height:20px;--awb-amount:20px;border-color:#e0dede;border-top-width:1px;\"><\/div><\/div><div class=\"fusion-sep-clear\"><\/div><div class=\"fusion-clearfix\"><\/div><\/div><\/div><\/div><\/div><div class=\"fusion-fullwidth fullwidth-box fusion-builder-row-2 nonhundred-percent-fullwidth non-hundred-percent-height-scrolling fusion-equal-height-columns\" style=\"--awb-border-radius-top-left:0px;--awb-border-radius-top-right:0px;--awb-border-radius-bottom-right:0px;--awb-border-radius-bottom-left:0px;\" ><div class=\"fusion-builder-row fusion-row\"><div class=\"fusion-layout-column fusion_builder_column fusion-builder-column-3 fusion_builder_column_1_1 1_1 fusion-one-full fusion-column-first fusion-column-last\" style=\"--awb-bg-size:cover;\"><div class=\"fusion-column-wrapper fusion-flex-column-wrapper-legacy\"><div class=\"fusion-title title fusion-title-1 fusion-sep-none fusion-title-text fusion-title-size-two\" style=\"--awb-margin-bottom:0px;--awb-sep-color:#e2e0e0;\"><h2 class=\"title-heading-left fusion-responsive-typography-calculated\" style=\"margin:0;--fontSize:34;line-height:1.5;\"><h2>Especificaciones de la Serie 6621<\/h2><\/h2><\/div><div class=\"fusion-clearfix\"><\/div><\/div><\/div><\/div><\/div><div class=\"fusion-fullwidth fullwidth-box fusion-builder-row-3 nonhundred-percent-fullwidth non-hundred-percent-height-scrolling\" style=\"--awb-border-radius-top-left:0px;--awb-border-radius-top-right:0px;--awb-border-radius-bottom-right:0px;--awb-border-radius-bottom-left:0px;\" ><div class=\"fusion-builder-row fusion-row\"><div class=\"fusion-layout-column fusion_builder_column fusion-builder-column-4 fusion_builder_column_1_4 1_4 fusion-one-fourth fusion-column-first\" style=\"--awb-bg-size:cover;width:25%;width:calc(25% - ( ( 4% + 4% ) * 0.25 ) );margin-right: 4%;\"><div class=\"fusion-column-wrapper fusion-flex-column-wrapper-legacy\"><div class=\"fusion-clearfix\"><\/div><\/div><\/div><div class=\"fusion-layout-column fusion_builder_column fusion-builder-column-5 fusion_builder_column_1_2 1_2 fusion-one-half\" style=\"--awb-bg-size:cover;width:50%;width:calc(50% - ( ( 4% + 4% ) * 0.5 ) );margin-right: 4%;\"><div class=\"fusion-column-wrapper fusion-flex-column-wrapper-legacy\"><div class=\"fusion-image-element fusion-image-align-center in-legacy-container\" style=\"text-align:center;--awb-caption-title-font-family:var(--h2_typography-font-family);--awb-caption-title-font-weight:var(--h2_typography-font-weight);--awb-caption-title-font-style:var(--h2_typography-font-style);--awb-caption-title-size:var(--h2_typography-font-size);--awb-caption-title-transform:var(--h2_typography-text-transform);--awb-caption-title-line-height:var(--h2_typography-line-height);--awb-caption-title-letter-spacing:var(--h2_typography-letter-spacing);\"><div class=\"imageframe-align-center\"><span class=\" fusion-imageframe imageframe-none imageframe-1 hover-type-none\" class=\"image-magnify\" class=\"image-scroll\"><img decoding=\"async\" src=\"data:image\/gif;base64,R0lGODlhAQABAAAAACH5BAEKAAEALAAAAAABAAEAAAICTAEAOw==\" data-orig-src=\"\/images\/products\/6621-Series.Search.jpg\" alt class=\"lazyload img-responsive\"\/><\/span><\/div><\/div><div class=\"fusion-clearfix\"><\/div><\/div><\/div><div class=\"fusion-layout-column fusion_builder_column fusion-builder-column-6 fusion_builder_column_1_4 1_4 fusion-one-fourth fusion-column-last\" style=\"--awb-bg-size:cover;width:25%;width:calc(25% - ( ( 4% + 4% ) * 0.25 ) );\"><div class=\"fusion-column-wrapper fusion-flex-column-wrapper-legacy\"><div class=\"fusion-clearfix\"><\/div><\/div><\/div><\/div><\/div><div class=\"fusion-fullwidth fullwidth-box fusion-builder-row-4 hundred-percent-fullwidth non-hundred-percent-height-scrolling\" style=\"--awb-border-radius-top-left:0px;--awb-border-radius-top-right:0px;--awb-border-radius-bottom-right:0px;--awb-border-radius-bottom-left:0px;--awb-padding-left:0px;\" ><div class=\"fusion-builder-row fusion-row\"><div class=\"fusion-layout-column fusion_builder_column fusion-builder-column-7 fusion_builder_column_1_1 1_1 fusion-one-full fusion-column-first fusion-column-last\" style=\"--awb-bg-size:cover;\"><div class=\"fusion-column-wrapper fusion-flex-column-wrapper-legacy\"><div class=\"fusion-sep-clear\"><\/div><div class=\"fusion-separator fusion-full-width-sep\" style=\"margin-left: auto;margin-right: auto;margin-top:10px;width:100%;max-width:100%;\"><div class=\"fusion-separator-border sep-single sep-solid\" style=\"--awb-height:20px;--awb-amount:20px;--awb-sep-color:#e2e0e0;border-color:#e2e0e0;border-top-width:1px;\"><\/div><\/div><div class=\"fusion-sep-clear\"><\/div><div class=\"fusion-clearfix\"><\/div><\/div><\/div><\/div><\/div><div class=\"fusion-fullwidth fullwidth-box fusion-builder-row-5 nonhundred-percent-fullwidth non-hundred-percent-height-scrolling\" style=\"--awb-border-radius-top-left:0px;--awb-border-radius-top-right:0px;--awb-border-radius-bottom-right:0px;--awb-border-radius-bottom-left:0px;--awb-margin-top:15px;\" ><div class=\"fusion-builder-row fusion-row\"><div class=\"fusion-layout-column fusion_builder_column fusion-builder-column-8 fusion_builder_column_1_4 1_4 fusion-one-fourth fusion-column-first\" style=\"--awb-bg-size:cover;width:25%;width:calc(25% - ( ( 4% ) * 0.25 ) );margin-right: 4%;\"><div class=\"fusion-column-wrapper fusion-flex-column-wrapper-legacy\"><div class=\"fusion-title title fusion-title-2 fusion-sep-none fusion-title-text fusion-title-size-one\"><h1 class=\"title-heading-left fusion-responsive-typography-calculated\" style=\"margin:0;--fontSize:38;line-height:1.4;\"><h3 class=\"ett-red\">Medida Del Tubo<\/h3><\/h1><\/div><div class=\"fusion-clearfix\"><\/div><\/div><\/div><div class=\"fusion-layout-column fusion_builder_column fusion-builder-column-9 fusion_builder_column_1_2 1_2 fusion-one-half fusion-column-last\" style=\"--awb-bg-size:cover;width:50%;width:calc(50% - ( ( 4% ) * 0.5 ) );\"><div class=\"fusion-column-wrapper fusion-flex-column-wrapper-legacy\"><div class=\"fusion-text fusion-text-4\"><h4 style=\"text-align: center;\">3.000&#8243; to 4.000&#8243; DE<br \/>\n(76.2 &#8211; 101.6mm)<\/h4>\n<\/div><div class=\"fusion-clearfix\"><\/div><\/div><\/div><\/div><\/div><div class=\"fusion-fullwidth fullwidth-box fusion-builder-row-6 hundred-percent-fullwidth non-hundred-percent-height-scrolling\" style=\"--awb-border-radius-top-left:0px;--awb-border-radius-top-right:0px;--awb-border-radius-bottom-right:0px;--awb-border-radius-bottom-left:0px;--awb-padding-left:0px;\" ><div class=\"fusion-builder-row fusion-row\"><div class=\"fusion-layout-column fusion_builder_column fusion-builder-column-10 fusion_builder_column_1_1 1_1 fusion-one-full fusion-column-first fusion-column-last\" style=\"--awb-bg-size:cover;\"><div class=\"fusion-column-wrapper fusion-flex-column-wrapper-legacy\"><div class=\"fusion-sep-clear\"><\/div><div class=\"fusion-separator fusion-full-width-sep\" style=\"margin-left: auto;margin-right: auto;margin-top:10px;width:100%;max-width:100%;\"><div class=\"fusion-separator-border sep-single sep-solid\" style=\"--awb-height:20px;--awb-amount:20px;--awb-sep-color:#e2e0e0;border-color:#e2e0e0;border-top-width:1px;\"><\/div><\/div><div class=\"fusion-sep-clear\"><\/div><div class=\"fusion-clearfix\"><\/div><\/div><\/div><\/div><\/div><div class=\"fusion-fullwidth fullwidth-box fusion-builder-row-7 nonhundred-percent-fullwidth non-hundred-percent-height-scrolling\" style=\"--awb-border-radius-top-left:0px;--awb-border-radius-top-right:0px;--awb-border-radius-bottom-right:0px;--awb-border-radius-bottom-left:0px;--awb-margin-top:15px;\" ><div class=\"fusion-builder-row fusion-row\"><div class=\"fusion-layout-column fusion_builder_column fusion-builder-column-11 fusion_builder_column_1_4 1_4 fusion-one-fourth fusion-column-first\" style=\"--awb-bg-size:cover;width:25%;width:calc(25% - ( ( 4% ) * 0.25 ) );margin-right: 4%;\"><div class=\"fusion-column-wrapper fusion-flex-column-wrapper-legacy\"><div class=\"fusion-title title fusion-title-3 fusion-sep-none fusion-title-text fusion-title-size-one\"><h1 class=\"title-heading-left fusion-responsive-typography-calculated\" style=\"margin:0;--fontSize:38;line-height:1.4;\"><h3 class=\"ett-red\">Expansores Para Tachos De Ingenios Azucareros<\/h3><\/h1><\/div><div class=\"fusion-clearfix\"><\/div><\/div><\/div><div class=\"fusion-layout-column fusion_builder_column fusion-builder-column-12 fusion_builder_column_1_2 1_2 fusion-one-half fusion-column-last\" style=\"--awb-bg-size:cover;width:50%;width:calc(50% - ( ( 4% ) * 0.5 ) );\"><div class=\"fusion-column-wrapper fusion-flex-column-wrapper-legacy\"><div class=\"fusion-text fusion-text-5\"><h4 style=\"text-align: center;\">Ensamble Expansor<br \/>\nExtensi\u00f3n para Jaulas<br \/>\nExtensi\u00f3n del Mandril<br \/>\nGu\u00eda de Mandril<br \/>\nConector Cuadrado Hembra<br \/>\n3 Juegos de Tornillos<\/h4>\n<\/div><div class=\"fusion-sep-clear\"><\/div><div class=\"fusion-separator fusion-full-width-sep\" style=\"margin-left: auto;margin-right: auto;margin-top:20px;width:100%;\"><\/div><div class=\"fusion-sep-clear\"><\/div>\n<div class=\"table-1\">\n<table width=\"100%\">\n<thead>\n<tr>\n<th style=\"text-align: center;\" align=\"left\">Tube Size<\/th>\n<th style=\"text-align: center;\" align=\"left\">Kit Part Number*<\/th>\n<\/tr>\n<\/thead>\n<tbody>\n<tr>\n<td style=\"text-align: center;\" align=\"left\">4&#8243; x 13-16<\/td>\n<td style=\"text-align: center;\" align=\"left\">6621-60-36<br \/>\n6621-60-48<br \/>\n6621-60-60<\/td>\n<\/tr>\n<tr>\n<td style=\"text-align: center;\" align=\"left\">3- 1\/2&#8243; x 14-16<\/td>\n<td style=\"text-align: center;\" align=\"left\">6621-53-36<br \/>\n6621-53-48<br \/>\n6621-53-60<\/td>\n<\/tr>\n<tr>\n<td style=\"text-align: center;\" align=\"left\">3&#8243; x 14-16<\/td>\n<td style=\"text-align: center;\" align=\"left\">6621-44-36<br \/>\n6621-44-48<br \/>\n6621-44-60<\/td>\n<\/tr>\n<\/tbody>\n<\/table>\n<p>* -36 = 30&#8243; &#8211; 42&#8243; Reach<br \/>\n-48 = 42&#8243; &#8211; 54&#8243; Reach<br \/>\n-60 = 54&#8243; &#8211; 66&#8243; Reach<\/p>\n<\/div>\n<div class=\"fusion-clearfix\"><\/div><\/div><\/div><\/div><\/div><div class=\"fusion-fullwidth fullwidth-box fusion-builder-row-8 hundred-percent-fullwidth non-hundred-percent-height-scrolling\" style=\"--awb-border-radius-top-left:0px;--awb-border-radius-top-right:0px;--awb-border-radius-bottom-right:0px;--awb-border-radius-bottom-left:0px;--awb-padding-left:0px;\" ><div class=\"fusion-builder-row fusion-row\"><div class=\"fusion-layout-column fusion_builder_column fusion-builder-column-13 fusion_builder_column_1_1 1_1 fusion-one-full fusion-column-first fusion-column-last\" style=\"--awb-bg-size:cover;\"><div class=\"fusion-column-wrapper fusion-flex-column-wrapper-legacy\"><div class=\"fusion-sep-clear\"><\/div><div class=\"fusion-separator fusion-full-width-sep\" style=\"margin-left: auto;margin-right: auto;margin-top:10px;width:100%;max-width:100%;\"><div class=\"fusion-separator-border sep-single sep-solid\" style=\"--awb-height:20px;--awb-amount:20px;--awb-sep-color:#e2e0e0;border-color:#e2e0e0;border-top-width:1px;\"><\/div><\/div><div class=\"fusion-sep-clear\"><\/div><div class=\"fusion-clearfix\"><\/div><\/div><\/div><\/div><\/div><div class=\"fusion-fullwidth fullwidth-box fusion-builder-row-9 nonhundred-percent-fullwidth non-hundred-percent-height-scrolling\" style=\"--awb-border-radius-top-left:0px;--awb-border-radius-top-right:0px;--awb-border-radius-bottom-right:0px;--awb-border-radius-bottom-left:0px;--awb-margin-top:15px;\" ><div class=\"fusion-builder-row fusion-row\"><div class=\"fusion-layout-column fusion_builder_column fusion-builder-column-14 fusion_builder_column_1_4 1_4 fusion-one-fourth fusion-column-first\" style=\"--awb-bg-size:cover;width:25%;width:calc(25% - ( ( 4% ) * 0.25 ) );margin-right: 4%;\"><div class=\"fusion-column-wrapper fusion-flex-column-wrapper-legacy\"><div class=\"fusion-title title fusion-title-4 fusion-sep-none fusion-title-text fusion-title-size-one\"><h1 class=\"title-heading-left fusion-responsive-typography-calculated\" style=\"margin:0;--fontSize:38;line-height:1.4;\"><h3 class=\"ett-red\">Repuestos y Accesorios<\/h3><\/h1><\/div><div class=\"fusion-clearfix\"><\/div><\/div><\/div><div class=\"fusion-layout-column fusion_builder_column fusion-builder-column-15 fusion_builder_column_1_2 1_2 fusion-one-half fusion-column-last\" style=\"--awb-bg-size:cover;width:50%;width:calc(50% - ( ( 4% ) * 0.5 ) );\"><div class=\"fusion-column-wrapper fusion-flex-column-wrapper-legacy\"><div class=\"fusion-text fusion-text-6\"><h4 style=\"text-align: center;\">Juego de Extensi\u00f3n Incluye:<\/h4>\n<p style=\"text-align: center;\">1 Extensi\u00f3n para Jaulas, 1 Extensi\u00f3n del Mandril, 1 Gu\u00eda de Mandril, 1 Conector Cuadrado Hembra, and 3 Juegos de Tornillos.<\/p>\n<h4 style=\"text-align: center;\">Juego de Rodillos<\/h4>\n<h4 style=\"text-align: center;\">Mandril<\/h4>\n<\/div><div class=\"fusion-sep-clear\"><\/div><div class=\"fusion-separator fusion-full-width-sep\" style=\"margin-left: auto;margin-right: auto;margin-top:20px;width:100%;\"><\/div><div class=\"fusion-sep-clear\"><\/div>\n<div class=\"table-1\">\n<table width=\"100%\">\n<thead>\n<tr>\n<th style=\"text-align: center;\" align=\"left\">Tube Sheet Thickness<br \/>\nOD BWG<\/th>\n<th style=\"text-align: center;\" align=\"left\">Expander Assembly<\/th>\n<th style=\"text-align: center;\" align=\"left\">Roll Set<br \/>\n(Qty: 5)<\/th>\n<th style=\"text-align: center;\" align=\"left\">Spare Mandrel<\/th>\n<\/tr>\n<\/thead>\n<tbody>\n<tr>\n<td style=\"text-align: center;\" align=\"left\">4&#8243; x 13-18<\/td>\n<td style=\"text-align: center;\" align=\"left\">6621-60<\/td>\n<td style=\"text-align: center;\" align=\"left\">662105-60-5<\/td>\n<td style=\"text-align: center;\" align=\"left\">662103-60<\/td>\n<\/tr>\n<tr>\n<td style=\"text-align: center;\" align=\"left\">3-1\/2&#8243; x 14-16<\/td>\n<td style=\"text-align: center;\" align=\"left\">6621-53<\/td>\n<td style=\"text-align: center;\" align=\"left\">662105-53-5<\/td>\n<td style=\"text-align: center;\" align=\"left\">662103-53<\/td>\n<\/tr>\n<tr>\n<td style=\"text-align: center;\" align=\"left\">3&#8243; x 14-16<\/td>\n<td style=\"text-align: center;\" align=\"left\">6621-44<\/td>\n<td style=\"text-align: center;\" align=\"left\">662105-44-5<\/td>\n<td style=\"text-align: center;\" align=\"left\">662103-44<\/td>\n<\/tr>\n<\/tbody>\n<\/table>\n<\/div>\n<div class=\"fusion-clearfix\"><\/div><\/div><\/div><\/div><\/div><div class=\"fusion-fullwidth fullwidth-box fusion-builder-row-10 hundred-percent-fullwidth non-hundred-percent-height-scrolling\" style=\"--awb-border-radius-top-left:0px;--awb-border-radius-top-right:0px;--awb-border-radius-bottom-right:0px;--awb-border-radius-bottom-left:0px;--awb-padding-top:20px;--awb-padding-left:0px;--awb-background-color:#cccccc;\" ><div class=\"fusion-builder-row fusion-row\"><div class=\"fusion-layout-column fusion_builder_column fusion-builder-column-16 fusion_builder_column_1_1 1_1 fusion-one-full fusion-column-first fusion-column-last\" style=\"--awb-bg-size:cover;\"><div class=\"fusion-column-wrapper fusion-flex-column-wrapper-legacy\"><div class=\"fusion-button-wrapper\"><a class=\"fusion-button button-flat button-medium button-custom fusion-button-default button-1 fusion-button-default-span fusion-button-default-type\" style=\"--button_accent_color:#ffffff;--button_accent_hover_color:#ffffff;--button_border_hover_color:#ffffff;--button_gradient_top_color:#bf000d;--button_gradient_bottom_color:#bf000d;--button_gradient_top_color_hover:#545454;--button_gradient_bottom_color_hover:#545454;\" target=\"_self\" href=\"\/es\/contactenos\/\"><span class=\"fusion-button-text\">Contactarnos por m\u00e1s informaci\u00f3n o para pedir una cotizaci\u00f3n<\/span><\/a><\/div><div class=\"fusion-clearfix\"><\/div><\/div><\/div><\/div><\/div>\n","protected":false},"excerpt":{"rendered":"<p>Especificaciones, n\u00fameros de pieza y accesorios de la Serie 6621.<\/p>\n","protected":false},"author":2,"featured_media":2142,"parent":4082,"menu_order":0,"comment_status":"closed","ping_status":"closed","template":"100-width.php","meta":{"content-type":"","footnotes":""},"yoast_head":"<!-- This site is optimized with the Yoast SEO plugin v23.1 - https:\/\/yoast.com\/wordpress\/plugins\/seo\/ -->\n<title>Especificaciones de la Serie 6621 - Elliott Tool Technologies<\/title>\n<meta name=\"description\" content=\"Especificaciones, n\u00fameros de pieza y accesorios de la Serie 6621.\" \/>\n<meta name=\"robots\" content=\"index, follow, max-snippet:-1, max-image-preview:large, max-video-preview:-1\" \/>\n<link rel=\"canonical\" href=\"https:\/\/www.elliott-tool.com\/es\/serie-6621\/especificaciones\/\" \/>\n<meta property=\"og:locale\" content=\"es_ES\" \/>\n<meta property=\"og:type\" content=\"article\" \/>\n<meta property=\"og:title\" content=\"Especificaciones de la Serie 6621 - Elliott Tool Technologies\" \/>\n<meta property=\"og:description\" content=\"Especificaciones, n\u00fameros de pieza y accesorios de la Serie 6621.\" \/>\n<meta property=\"og:url\" content=\"https:\/\/www.elliott-tool.com\/es\/serie-6621\/especificaciones\/\" \/>\n<meta property=\"og:site_name\" content=\"Elliott Tool Technologies\" \/>\n<meta property=\"article:publisher\" content=\"https:\/\/www.facebook.com\/elliotttool\" \/>\n<meta property=\"article:modified_time\" content=\"2019-11-25T14:09:56+00:00\" \/>\n<meta property=\"og:image\" content=\"https:\/\/www.elliott-tool.com\/wp-content\/uploads\/2017\/09\/6621-Series.Search.jpg\" \/>\n\t<meta property=\"og:image:width\" content=\"320\" \/>\n\t<meta property=\"og:image:height\" content=\"200\" \/>\n\t<meta property=\"og:image:type\" content=\"image\/jpeg\" \/>\n<meta name=\"twitter:card\" content=\"summary_large_image\" \/>\n<meta name=\"twitter:label1\" content=\"Tiempo de lectura\" \/>\n\t<meta name=\"twitter:data1\" content=\"13 minutos\" \/>\n<script type=\"application\/ld+json\" class=\"yoast-schema-graph\">{\"@context\":\"https:\/\/schema.org\",\"@graph\":[{\"@type\":\"WebPage\",\"@id\":\"https:\/\/www.elliott-tool.com\/es\/serie-6621\/especificaciones\/\",\"url\":\"https:\/\/www.elliott-tool.com\/es\/serie-6621\/especificaciones\/\",\"name\":\"Especificaciones de la Serie 6621 - Elliott Tool Technologies\",\"isPartOf\":{\"@id\":\"https:\/\/www.elliott-tool.com\/#website\"},\"primaryImageOfPage\":{\"@id\":\"https:\/\/www.elliott-tool.com\/es\/serie-6621\/especificaciones\/#primaryimage\"},\"image\":{\"@id\":\"https:\/\/www.elliott-tool.com\/es\/serie-6621\/especificaciones\/#primaryimage\"},\"thumbnailUrl\":\"https:\/\/www.elliott-tool.com\/wp-content\/uploads\/2017\/09\/6621-Series.Search.jpg\",\"datePublished\":\"2017-10-06T17:30:06+00:00\",\"dateModified\":\"2019-11-25T14:09:56+00:00\",\"description\":\"Especificaciones, n\u00fameros de pieza y accesorios de la Serie 6621.\",\"breadcrumb\":{\"@id\":\"https:\/\/www.elliott-tool.com\/es\/serie-6621\/especificaciones\/#breadcrumb\"},\"inLanguage\":\"es\",\"potentialAction\":[{\"@type\":\"ReadAction\",\"target\":[\"https:\/\/www.elliott-tool.com\/es\/serie-6621\/especificaciones\/\"]}]},{\"@type\":\"ImageObject\",\"inLanguage\":\"es\",\"@id\":\"https:\/\/www.elliott-tool.com\/es\/serie-6621\/especificaciones\/#primaryimage\",\"url\":\"https:\/\/www.elliott-tool.com\/wp-content\/uploads\/2017\/09\/6621-Series.Search.jpg\",\"contentUrl\":\"https:\/\/www.elliott-tool.com\/wp-content\/uploads\/2017\/09\/6621-Series.Search.jpg\",\"width\":320,\"height\":200,\"caption\":\"6621 Series\"},{\"@type\":\"BreadcrumbList\",\"@id\":\"https:\/\/www.elliott-tool.com\/es\/serie-6621\/especificaciones\/#breadcrumb\",\"itemListElement\":[{\"@type\":\"ListItem\",\"position\":1,\"name\":\"Home\",\"item\":\"https:\/\/www.elliott-tool.com\/es\/\"},{\"@type\":\"ListItem\",\"position\":2,\"name\":\"Serie 6621\",\"item\":\"https:\/\/www.elliott-tool.com\/es\/serie-6621\/\"},{\"@type\":\"ListItem\",\"position\":3,\"name\":\"Especificaciones de la Serie 6621\"}]},{\"@type\":\"WebSite\",\"@id\":\"https:\/\/www.elliott-tool.com\/#website\",\"url\":\"https:\/\/www.elliott-tool.com\/\",\"name\":\"Elliott Tool Technologies\",\"description\":\"Quality Tube Tools For An &quot;I Need It Yesterday World&quot;.\",\"alternateName\":\"Elliott Tool\",\"potentialAction\":[{\"@type\":\"SearchAction\",\"target\":{\"@type\":\"EntryPoint\",\"urlTemplate\":\"https:\/\/www.elliott-tool.com\/?s={search_term_string}\"},\"query-input\":\"required name=search_term_string\"}],\"inLanguage\":\"es\"}]}<\/script>\n<!-- \/ Yoast SEO plugin. -->","yoast_head_json":{"title":"Especificaciones de la Serie 6621 - Elliott Tool Technologies","description":"Especificaciones, n\u00fameros de pieza y accesorios de la Serie 6621.","robots":{"index":"index","follow":"follow","max-snippet":"max-snippet:-1","max-image-preview":"max-image-preview:large","max-video-preview":"max-video-preview:-1"},"canonical":"https:\/\/www.elliott-tool.com\/es\/serie-6621\/especificaciones\/","og_locale":"es_ES","og_type":"article","og_title":"Especificaciones de la Serie 6621 - Elliott Tool Technologies","og_description":"Especificaciones, n\u00fameros de pieza y accesorios de la Serie 6621.","og_url":"https:\/\/www.elliott-tool.com\/es\/serie-6621\/especificaciones\/","og_site_name":"Elliott Tool Technologies","article_publisher":"https:\/\/www.facebook.com\/elliotttool","article_modified_time":"2019-11-25T14:09:56+00:00","og_image":[{"width":320,"height":200,"url":"https:\/\/www.elliott-tool.com\/wp-content\/uploads\/2017\/09\/6621-Series.Search.jpg","type":"image\/jpeg"}],"twitter_card":"summary_large_image","twitter_misc":{"Tiempo de lectura":"13 minutos"},"schema":{"@context":"https:\/\/schema.org","@graph":[{"@type":"WebPage","@id":"https:\/\/www.elliott-tool.com\/es\/serie-6621\/especificaciones\/","url":"https:\/\/www.elliott-tool.com\/es\/serie-6621\/especificaciones\/","name":"Especificaciones de la Serie 6621 - Elliott Tool Technologies","isPartOf":{"@id":"https:\/\/www.elliott-tool.com\/#website"},"primaryImageOfPage":{"@id":"https:\/\/www.elliott-tool.com\/es\/serie-6621\/especificaciones\/#primaryimage"},"image":{"@id":"https:\/\/www.elliott-tool.com\/es\/serie-6621\/especificaciones\/#primaryimage"},"thumbnailUrl":"https:\/\/www.elliott-tool.com\/wp-content\/uploads\/2017\/09\/6621-Series.Search.jpg","datePublished":"2017-10-06T17:30:06+00:00","dateModified":"2019-11-25T14:09:56+00:00","description":"Especificaciones, n\u00fameros de pieza y accesorios de la Serie 6621.","breadcrumb":{"@id":"https:\/\/www.elliott-tool.com\/es\/serie-6621\/especificaciones\/#breadcrumb"},"inLanguage":"es","potentialAction":[{"@type":"ReadAction","target":["https:\/\/www.elliott-tool.com\/es\/serie-6621\/especificaciones\/"]}]},{"@type":"ImageObject","inLanguage":"es","@id":"https:\/\/www.elliott-tool.com\/es\/serie-6621\/especificaciones\/#primaryimage","url":"https:\/\/www.elliott-tool.com\/wp-content\/uploads\/2017\/09\/6621-Series.Search.jpg","contentUrl":"https:\/\/www.elliott-tool.com\/wp-content\/uploads\/2017\/09\/6621-Series.Search.jpg","width":320,"height":200,"caption":"6621 Series"},{"@type":"BreadcrumbList","@id":"https:\/\/www.elliott-tool.com\/es\/serie-6621\/especificaciones\/#breadcrumb","itemListElement":[{"@type":"ListItem","position":1,"name":"Home","item":"https:\/\/www.elliott-tool.com\/es\/"},{"@type":"ListItem","position":2,"name":"Serie 6621","item":"https:\/\/www.elliott-tool.com\/es\/serie-6621\/"},{"@type":"ListItem","position":3,"name":"Especificaciones de la Serie 6621"}]},{"@type":"WebSite","@id":"https:\/\/www.elliott-tool.com\/#website","url":"https:\/\/www.elliott-tool.com\/","name":"Elliott Tool Technologies","description":"Quality Tube Tools For An &quot;I Need It Yesterday World&quot;.","alternateName":"Elliott Tool","potentialAction":[{"@type":"SearchAction","target":{"@type":"EntryPoint","urlTemplate":"https:\/\/www.elliott-tool.com\/?s={search_term_string}"},"query-input":"required name=search_term_string"}],"inLanguage":"es"}]}},"_links":{"self":[{"href":"https:\/\/www.elliott-tool.com\/es\/wp-json\/wp\/v2\/pages\/4100"}],"collection":[{"href":"https:\/\/www.elliott-tool.com\/es\/wp-json\/wp\/v2\/pages"}],"about":[{"href":"https:\/\/www.elliott-tool.com\/es\/wp-json\/wp\/v2\/types\/page"}],"author":[{"embeddable":true,"href":"https:\/\/www.elliott-tool.com\/es\/wp-json\/wp\/v2\/users\/2"}],"replies":[{"embeddable":true,"href":"https:\/\/www.elliott-tool.com\/es\/wp-json\/wp\/v2\/comments?post=4100"}],"version-history":[{"count":13,"href":"https:\/\/www.elliott-tool.com\/es\/wp-json\/wp\/v2\/pages\/4100\/revisions"}],"predecessor-version":[{"id":10782,"href":"https:\/\/www.elliott-tool.com\/es\/wp-json\/wp\/v2\/pages\/4100\/revisions\/10782"}],"up":[{"embeddable":true,"href":"https:\/\/www.elliott-tool.com\/es\/wp-json\/wp\/v2\/pages\/4082"}],"wp:featuredmedia":[{"embeddable":true,"href":"https:\/\/www.elliott-tool.com\/es\/wp-json\/wp\/v2\/media\/2142"}],"wp:attachment":[{"href":"https:\/\/www.elliott-tool.com\/es\/wp-json\/wp\/v2\/media?parent=4100"}],"curies":[{"name":"wp","href":"https:\/\/api.w.org\/{rel}","templated":true}]}}