{"id":3298,"date":"2017-09-27T20:27:43","date_gmt":"2017-09-27T20:27:43","guid":{"rendered":"http:\/\/www.elliott-tool.com\/rapidhawk\/reportes-de-resultados-de-rapid-hawk\/"},"modified":"2021-02-02T15:13:14","modified_gmt":"2021-02-02T20:13:14","slug":"reportes-resultados","status":"publish","type":"page","link":"https:\/\/www.elliott-tool.com\/es\/rapidhawk\/reportes-resultados\/","title":{"rendered":"Reportes de Resultados de Rapid Hawk"},"content":{"rendered":"<div class=\"fusion-fullwidth fullwidth-box fusion-builder-row-1 nonhundred-percent-fullwidth non-hundred-percent-height-scrolling\" style=\"--awb-border-radius-top-left:0px;--awb-border-radius-top-right:0px;--awb-border-radius-bottom-right:0px;--awb-border-radius-bottom-left:0px;--awb-padding-right:20%;--awb-padding-left:20%;\" ><div class=\"fusion-builder-row fusion-row\"><div class=\"fusion-layout-column fusion_builder_column fusion-builder-column-0 fusion_builder_column_1_2 1_2 fusion-one-half fusion-column-first\" style=\"--awb-bg-size:cover;width:50%;width:calc(50% - ( ( 4% ) * 0.5 ) );margin-right: 4%;\"><div class=\"fusion-column-wrapper fusion-flex-column-wrapper-legacy\"><div class=\"fusion-text fusion-text-1\"><h4 style=\"text-align: left;\">Rapid Hawk<\/h4>\n<\/div><div class=\"fusion-text fusion-text-2\"><h5>Sistema Asistido Para El Rolado De Tubos<\/h5>\n<\/div><div class=\"fusion-clearfix\"><\/div><\/div><\/div><div class=\"fusion-layout-column fusion_builder_column fusion-builder-column-1 fusion_builder_column_1_2 1_2 fusion-one-half fusion-column-last\" style=\"--awb-bg-size:cover;width:50%;width:calc(50% - ( ( 4% ) * 0.5 ) );\"><div class=\"fusion-column-wrapper fusion-flex-column-wrapper-legacy\"><div class=\"fusion-text fusion-text-3\"><p style=\"text-align: right;\"><a href=\"http:\/\/www.elliottool.com\/es\/rapidhawk\/\">Descripci\u00f3n<\/a>\u00a0 \u00a0 \u00a0 <a href=\"http:\/\/www.elliott-tool.com\/es\/rapidhawk\/serie-electrica\/\">Serie El\u00e9ctrica<\/a> \u00a0 \u00a0 \u00a0<a href=\"http:\/\/www.elliott-tool.com\/es\/rapidhawk\/serie-hibrida\/\">Serie H\u00edbrida<\/a>\u00a0 \u00a0 \u00a0 \u00a0<a href=\"http:\/\/www.elliott-tool.com\/es\/rapidhawk\/reportes-resultados\/\">Reportes de Resultados<\/a> \u00a0 \u00a0\u00a0<a href=\"\/es\/rapidhawk\/especificaciones\/\">Especificaciones<\/a><\/p>\n<\/div><div class=\"fusion-clearfix\"><\/div><\/div><\/div><div class=\"fusion-layout-column fusion_builder_column fusion-builder-column-2 fusion_builder_column_1_1 1_1 fusion-one-full fusion-column-first fusion-column-last\" style=\"--awb-bg-size:cover;\"><div class=\"fusion-column-wrapper fusion-flex-column-wrapper-legacy\"><div class=\"fusion-sep-clear\"><\/div><div class=\"fusion-separator fusion-full-width-sep\" style=\"margin-left: auto;margin-right: auto;width:100%;\"><div class=\"fusion-separator-border sep-single sep-solid\" style=\"--awb-height:20px;--awb-amount:20px;border-color:#e0dede;border-top-width:1px;\"><\/div><\/div><div class=\"fusion-sep-clear\"><\/div><div class=\"fusion-clearfix\"><\/div><\/div><\/div><\/div><\/div><div class=\"fusion-fullwidth fullwidth-box fusion-builder-row-2 nonhundred-percent-fullwidth non-hundred-percent-height-scrolling\" style=\"--awb-border-radius-top-left:0px;--awb-border-radius-top-right:0px;--awb-border-radius-bottom-right:0px;--awb-border-radius-bottom-left:0px;--awb-margin-top:0px;\" ><div class=\"fusion-builder-row fusion-row\"><div class=\"fusion-layout-column fusion_builder_column fusion-builder-column-3 fusion_builder_column_1_1 1_1 fusion-one-full fusion-column-first fusion-column-last\" style=\"--awb-bg-size:cover;\"><div class=\"fusion-column-wrapper fusion-flex-column-wrapper-legacy\"><div class=\"fusion-title title fusion-title-1 fusion-sep-none fusion-title-text fusion-title-size-one\"><h1 class=\"title-heading-left fusion-responsive-typography-calculated\" style=\"margin:0;--fontSize:38;line-height:1.4;\">Reportes de Resultados de Rapid Hawk<\/h1><\/div><div class=\"fusion-clearfix\"><\/div><\/div><\/div><\/div><\/div><div class=\"fusion-fullwidth fullwidth-box fusion-builder-row-3 nonhundred-percent-fullwidth non-hundred-percent-height-scrolling\" style=\"--awb-border-radius-top-left:0px;--awb-border-radius-top-right:0px;--awb-border-radius-bottom-right:0px;--awb-border-radius-bottom-left:0px;--awb-margin-top:30px;\" ><div class=\"fusion-builder-row fusion-row\"><div class=\"fusion-layout-column fusion_builder_column fusion-builder-column-4 fusion_builder_column_1_2 1_2 fusion-one-half fusion-column-first\" style=\"--awb-bg-size:cover;width:50%;width:calc(50% - ( ( 4% ) * 0.5 ) );margin-right: 4%;\"><div class=\"fusion-column-wrapper fusion-flex-column-wrapper-legacy\"><div class=\"fusion-image-element fusion-image-align-center in-legacy-container\" style=\"text-align:center;--awb-caption-title-font-family:var(--h2_typography-font-family);--awb-caption-title-font-weight:var(--h2_typography-font-weight);--awb-caption-title-font-style:var(--h2_typography-font-style);--awb-caption-title-size:var(--h2_typography-font-size);--awb-caption-title-transform:var(--h2_typography-text-transform);--awb-caption-title-line-height:var(--h2_typography-line-height);--awb-caption-title-letter-spacing:var(--h2_typography-letter-spacing);\"><div class=\"imageframe-align-center\"><span class=\" fusion-imageframe imageframe-none imageframe-1 hover-type-none\" class=\"image-scroll\"><a class=\"fusion-no-lightbox\" href=\"\/es\/rapid-hawk-resuelve-desafios-ergonomicos\/\" target=\"_blank\" aria-label=\"RHElecImg\" rel=\"noopener noreferrer\"><img decoding=\"async\" width=\"600\" height=\"400\" alt=\"Reportes de Resultados de Rapid Hawk Serie El\u00e9ctrica\" src=\"https:\/\/www.elliott-tool.com\/wp-content\/uploads\/2021\/02\/RHElecImg.jpg\" data-orig-src=\"https:\/\/www.elliott-tool.com\/wp-content\/uploads\/2021\/02\/RHElecImg.jpg\" class=\"lazyload img-responsive wp-image-13018\" srcset=\"data:image\/svg+xml,%3Csvg%20xmlns%3D%27http%3A%2F%2Fwww.w3.org%2F2000%2Fsvg%27%20width%3D%27600%27%20height%3D%27400%27%20viewBox%3D%270%200%20600%20400%27%3E%3Crect%20width%3D%27600%27%20height%3D%27400%27%20fill-opacity%3D%220%22%2F%3E%3C%2Fsvg%3E\" data-srcset=\"https:\/\/www.elliott-tool.com\/wp-content\/uploads\/2021\/02\/RHElecImg-200x133.jpg 200w, https:\/\/www.elliott-tool.com\/wp-content\/uploads\/2021\/02\/RHElecImg-400x267.jpg 400w, https:\/\/www.elliott-tool.com\/wp-content\/uploads\/2021\/02\/RHElecImg.jpg 600w\" data-sizes=\"auto\" data-orig-sizes=\"(max-width: 800px) 100vw, 600px\" \/><\/a><\/span><\/div><\/div><div class=\"fusion-text fusion-text-4\"><h3 class=\"ett-red\" style=\"text-align: left;\">Serie El\u00e9ctrica<\/h3>\n<\/div><div class=\"fusion-text fusion-text-5\"><h4 style=\"text-align: center;\">Rapid Hawk Resuelve Desaf\u00edos Ergon\u00f3micos<br \/>\nPara Los Operarios En La F\u00e1brica<\/h4>\n<\/div><div class=\"fusion-sep-clear\"><\/div><div class=\"fusion-separator fusion-full-width-sep\" style=\"margin-left: auto;margin-right: auto;margin-top:10px;width:100%;\"><\/div><div class=\"fusion-sep-clear\"><\/div><div class=\"fusion-aligncenter\"><a class=\"fusion-button button-flat button-small button-custom fusion-button-default button-1 fusion-button-default-span fusion-button-default-type\" style=\"--button_accent_color:#ffffff;--button_accent_hover_color:#ffffff;--button_border_hover_color:#ffffff;--button-border-radius-top-left:0;--button-border-radius-top-right:0;--button-border-radius-bottom-right:0;--button-border-radius-bottom-left:0;--button_gradient_top_color:#bf0000;--button_gradient_bottom_color:#bf0000;--button_gradient_top_color_hover:#565656;--button_gradient_bottom_color_hover:#565656;\" target=\"_blank\" rel=\"noopener noreferrer\" href=\"\/es\/rapid-hawk-resuelve-desafios-ergonomicos\/\"><span class=\"fusion-button-text\">Leer el\u00a0reporte de resultados<\/span><\/a><\/div><div class=\"fusion-clearfix\"><\/div><\/div><\/div><div class=\"fusion-layout-column fusion_builder_column fusion-builder-column-5 fusion_builder_column_1_2 1_2 fusion-one-half fusion-column-last\" style=\"--awb-bg-size:cover;width:50%;width:calc(50% - ( ( 4% ) * 0.5 ) );\"><div class=\"fusion-column-wrapper fusion-flex-column-wrapper-legacy\"><div class=\"fusion-image-element fusion-image-align-center in-legacy-container\" style=\"text-align:center;--awb-caption-title-font-family:var(--h2_typography-font-family);--awb-caption-title-font-weight:var(--h2_typography-font-weight);--awb-caption-title-font-style:var(--h2_typography-font-style);--awb-caption-title-size:var(--h2_typography-font-size);--awb-caption-title-transform:var(--h2_typography-text-transform);--awb-caption-title-line-height:var(--h2_typography-line-height);--awb-caption-title-letter-spacing:var(--h2_typography-letter-spacing);\"><div class=\"imageframe-align-center\"><span class=\" fusion-imageframe imageframe-none imageframe-2 hover-type-none\" class=\"image-scroll\"><a class=\"fusion-no-lightbox\" href=\"https:\/\/www.elliott-tool.com\/es\/alfa-laval-reduce-los-tiempos-del-ciclo-de-expansion-en-un-50\/\" target=\"_blank\" aria-label=\"Alfa-Laval-Team\" rel=\"noopener noreferrer\"><img decoding=\"async\" width=\"600\" height=\"400\" alt=\"Reportes de Resultados de Rapid Hawk Serie H\u00edbrida\" src=\"https:\/\/www.elliott-tool.com\/wp-content\/uploads\/2021\/02\/Alfa-Laval-Team.jpg\" data-orig-src=\"https:\/\/www.elliott-tool.com\/wp-content\/uploads\/2021\/02\/Alfa-Laval-Team.jpg\" class=\"lazyload img-responsive wp-image-13006\" srcset=\"data:image\/svg+xml,%3Csvg%20xmlns%3D%27http%3A%2F%2Fwww.w3.org%2F2000%2Fsvg%27%20width%3D%27600%27%20height%3D%27400%27%20viewBox%3D%270%200%20600%20400%27%3E%3Crect%20width%3D%27600%27%20height%3D%27400%27%20fill-opacity%3D%220%22%2F%3E%3C%2Fsvg%3E\" data-srcset=\"https:\/\/www.elliott-tool.com\/wp-content\/uploads\/2021\/02\/Alfa-Laval-Team-200x133.jpg 200w, https:\/\/www.elliott-tool.com\/wp-content\/uploads\/2021\/02\/Alfa-Laval-Team-400x267.jpg 400w, https:\/\/www.elliott-tool.com\/wp-content\/uploads\/2021\/02\/Alfa-Laval-Team.jpg 600w\" data-sizes=\"auto\" data-orig-sizes=\"(max-width: 800px) 100vw, 600px\" \/><\/a><\/span><\/div><\/div><div class=\"fusion-sep-clear\"><\/div><div class=\"fusion-separator fusion-full-width-sep\" style=\"margin-left: auto;margin-right: auto;margin-top:10px;width:100%;\"><\/div><div class=\"fusion-sep-clear\"><\/div><div class=\"fusion-text fusion-text-6\"><h3 class=\"ett-red\">Serie H\u00edbrida<\/h3>\n<\/div><div class=\"fusion-text fusion-text-7\"><h4 style=\"text-align: center;\">Alfa Laval ACE Reduce Los Tiempos Del Ciclo De Expansi\u00f3n En Un 50%<\/h4>\n<\/div><div class=\"fusion-sep-clear\"><\/div><div class=\"fusion-separator fusion-full-width-sep\" style=\"margin-left: auto;margin-right: auto;margin-top:10px;width:100%;\"><\/div><div class=\"fusion-sep-clear\"><\/div><div class=\"fusion-aligncenter\"><a class=\"fusion-button button-flat button-small button-custom fusion-button-default button-2 fusion-button-default-span fusion-button-default-type\" style=\"--button_accent_color:#ffffff;--button_accent_hover_color:#ffffff;--button_border_hover_color:#ffffff;--button-border-radius-top-left:0;--button-border-radius-top-right:0;--button-border-radius-bottom-right:0;--button-border-radius-bottom-left:0;--button_gradient_top_color:#bf0000;--button_gradient_bottom_color:#bf0000;--button_gradient_top_color_hover:#565656;--button_gradient_bottom_color_hover:#565656;\" target=\"_blank\" rel=\"noopener noreferrer\" href=\"https:\/\/www.elliott-tool.com\/es\/alfa-laval-reduce-los-tiempos-del-ciclo-de-expansion-en-un-50\/\"><span class=\"fusion-button-text\">Leer el\u00a0reporte de resultados<\/span><\/a><\/div><div class=\"fusion-clearfix\"><\/div><\/div><\/div><div class=\"fusion-layout-column fusion_builder_column fusion-builder-column-6 fusion_builder_column_1_2 1_2 fusion-one-half fusion-column-first\" style=\"--awb-bg-size:cover;width:50%;width:calc(50% - ( ( 4% ) * 0.5 ) );margin-right: 4%;\"><div class=\"fusion-column-wrapper fusion-flex-column-wrapper-legacy\"><div class=\"fusion-clearfix\"><\/div><\/div><\/div><div class=\"fusion-layout-column fusion_builder_column fusion-builder-column-7 fusion_builder_column_1_2 1_2 fusion-one-half fusion-column-last\" style=\"--awb-bg-size:cover;width:50%;width:calc(50% - ( ( 4% ) * 0.5 ) );\"><div class=\"fusion-column-wrapper fusion-flex-column-wrapper-legacy\"><div class=\"fusion-image-element fusion-image-align-center in-legacy-container\" style=\"text-align:center;--awb-caption-title-font-family:var(--h2_typography-font-family);--awb-caption-title-font-weight:var(--h2_typography-font-weight);--awb-caption-title-font-style:var(--h2_typography-font-style);--awb-caption-title-size:var(--h2_typography-font-size);--awb-caption-title-transform:var(--h2_typography-text-transform);--awb-caption-title-line-height:var(--h2_typography-line-height);--awb-caption-title-letter-spacing:var(--h2_typography-letter-spacing);\"><div class=\"imageframe-align-center\"><span class=\" fusion-imageframe imageframe-none imageframe-3 hover-type-none\" class=\"image-scroll\"><a class=\"fusion-no-lightbox\" href=\"\/es\/fabricante-metalforms-aumenta-productividad\/\" target=\"_blank\" rel=\"noopener noreferrer\"><img decoding=\"async\" alt=\"Reportes de Resultados de Rapid Hawk Serie H\u00edbrida\" src=\"data:image\/gif;base64,R0lGODlhAQABAAAAACH5BAEKAAEALAAAAAABAAEAAAICTAEAOw==\" data-orig-src=\"http:\/\/www.elliott-tool.com\/media\/results-reports\/eng\/MetalformsTeam.jpg\" class=\"lazyload img-responsive\"\/><\/a><\/span><\/div><\/div><div class=\"fusion-sep-clear\"><\/div><div class=\"fusion-separator fusion-full-width-sep\" style=\"margin-left: auto;margin-right: auto;margin-top:10px;width:100%;\"><\/div><div class=\"fusion-sep-clear\"><\/div><div class=\"fusion-text fusion-text-8\"><h3 class=\"ett-red\">Serie H\u00edbrida<\/h3>\n<\/div><div class=\"fusion-text fusion-text-9\"><h4 style=\"text-align: center;\">Fabricante Metalforms, de los Estados Unidos, Aumenta la Productividad y Reduce los Costos en un 50%<\/h4>\n<\/div><div class=\"fusion-sep-clear\"><\/div><div class=\"fusion-separator fusion-full-width-sep\" style=\"margin-left: auto;margin-right: auto;margin-top:10px;width:100%;\"><\/div><div class=\"fusion-sep-clear\"><\/div><div class=\"fusion-aligncenter\"><a class=\"fusion-button button-flat button-small button-custom fusion-button-default button-3 fusion-button-default-span fusion-button-default-type\" style=\"--button_accent_color:#ffffff;--button_accent_hover_color:#ffffff;--button_border_hover_color:#ffffff;--button-border-radius-top-left:0;--button-border-radius-top-right:0;--button-border-radius-bottom-right:0;--button-border-radius-bottom-left:0;--button_gradient_top_color:#bf0000;--button_gradient_bottom_color:#bf0000;--button_gradient_top_color_hover:#565656;--button_gradient_bottom_color_hover:#565656;\" target=\"_blank\" rel=\"noopener noreferrer\" href=\"\/es\/fabricante-metalforms-aumenta-productividad\/\"><span class=\"fusion-button-text\">Leer el\u00a0reporte de resultados<\/span><\/a><\/div><div class=\"fusion-clearfix\"><\/div><\/div><\/div><\/div><\/div><div class=\"fusion-fullwidth fullwidth-box fusion-builder-row-4 hundred-percent-fullwidth non-hundred-percent-height-scrolling\" style=\"--awb-border-radius-top-left:0px;--awb-border-radius-top-right:0px;--awb-border-radius-bottom-right:0px;--awb-border-radius-bottom-left:0px;--awb-padding-top:20px;--awb-padding-left:0px;--awb-background-color:#cccccc;\" ><div class=\"fusion-builder-row fusion-row\"><div class=\"fusion-layout-column fusion_builder_column fusion-builder-column-8 fusion_builder_column_1_1 1_1 fusion-one-full fusion-column-first fusion-column-last\" style=\"--awb-bg-size:cover;\"><div class=\"fusion-column-wrapper fusion-flex-column-wrapper-legacy\"><div class=\"fusion-button-wrapper\"><a class=\"fusion-button button-flat button-medium button-custom fusion-button-default button-4 fusion-button-default-span fusion-button-default-type\" style=\"--button_accent_color:#ffffff;--button_accent_hover_color:#ffffff;--button_border_hover_color:#ffffff;--button_gradient_top_color:#bf000d;--button_gradient_bottom_color:#bf000d;--button_gradient_top_color_hover:#545454;--button_gradient_bottom_color_hover:#545454;\" target=\"_self\" href=\"\/es\/contactenos\/\"><span class=\"fusion-button-text\">Contactarnos por m\u00e1s informaci\u00f3n o para pedir una cotizaci\u00f3n<\/span><\/a><\/div><div class=\"fusion-clearfix\"><\/div><\/div><\/div><\/div><\/div>\n","protected":false},"excerpt":{"rendered":"<p>\u00abEl brazo articulado de Rapid Hawk alivi\u00f3 la fuerza de torsi\u00f3n de nuestros operarios y resolvi\u00f3 todos nuestros problemas con la ergonom\u00eda. Los operarios lo aman.\u00bb &#8211; El Ingeniero General de Medio Ambiente y Fabricaci\u00f3n<\/p>\n","protected":false},"author":2,"featured_media":7792,"parent":3228,"menu_order":0,"comment_status":"closed","ping_status":"closed","template":"","meta":{"content-type":"","footnotes":""},"yoast_head":"<!-- This site is optimized with the Yoast SEO plugin v23.1 - https:\/\/yoast.com\/wordpress\/plugins\/seo\/ -->\n<title>Reportes de Resultados de Rapid Hawk - Elliott Tool Technologies<\/title>\n<meta name=\"description\" content=\"El sistema de laminado de tubos de Elliott realiza el trabajo de forma correcta al primer intento. Lea los reporte de resultados para obtener m\u00e1s informaci\u00f3n.\" \/>\n<meta name=\"robots\" content=\"index, follow, max-snippet:-1, max-image-preview:large, max-video-preview:-1\" \/>\n<link rel=\"canonical\" href=\"https:\/\/www.elliott-tool.com\/es\/rapidhawk\/reportes-resultados\/\" \/>\n<meta property=\"og:locale\" content=\"es_ES\" \/>\n<meta property=\"og:type\" content=\"article\" \/>\n<meta property=\"og:title\" content=\"Reportes de Resultados de Rapid Hawk - Elliott Tool Technologies\" \/>\n<meta property=\"og:description\" content=\"El sistema de laminado de tubos de Elliott realiza el trabajo de forma correcta al primer intento. Lea los reporte de resultados para obtener m\u00e1s informaci\u00f3n.\" \/>\n<meta property=\"og:url\" content=\"https:\/\/www.elliott-tool.com\/es\/rapidhawk\/reportes-resultados\/\" \/>\n<meta property=\"og:site_name\" content=\"Elliott Tool Technologies\" \/>\n<meta property=\"article:publisher\" content=\"https:\/\/www.facebook.com\/elliotttool\" \/>\n<meta property=\"article:modified_time\" content=\"2021-02-02T20:13:14+00:00\" \/>\n<meta property=\"og:image\" content=\"https:\/\/www.elliott-tool.com\/wp-content\/uploads\/2017\/09\/RHElec.Search.jpg\" \/>\n\t<meta property=\"og:image:width\" content=\"270\" \/>\n\t<meta property=\"og:image:height\" content=\"200\" \/>\n\t<meta property=\"og:image:type\" content=\"image\/jpeg\" \/>\n<meta name=\"twitter:card\" content=\"summary_large_image\" \/>\n<meta name=\"twitter:label1\" content=\"Tiempo de lectura\" \/>\n\t<meta name=\"twitter:data1\" content=\"10 minutos\" \/>\n<script type=\"application\/ld+json\" class=\"yoast-schema-graph\">{\"@context\":\"https:\/\/schema.org\",\"@graph\":[{\"@type\":\"WebPage\",\"@id\":\"https:\/\/www.elliott-tool.com\/es\/rapidhawk\/reportes-resultados\/\",\"url\":\"https:\/\/www.elliott-tool.com\/es\/rapidhawk\/reportes-resultados\/\",\"name\":\"Reportes de Resultados de Rapid Hawk - Elliott Tool Technologies\",\"isPartOf\":{\"@id\":\"https:\/\/www.elliott-tool.com\/#website\"},\"primaryImageOfPage\":{\"@id\":\"https:\/\/www.elliott-tool.com\/es\/rapidhawk\/reportes-resultados\/#primaryimage\"},\"image\":{\"@id\":\"https:\/\/www.elliott-tool.com\/es\/rapidhawk\/reportes-resultados\/#primaryimage\"},\"thumbnailUrl\":\"https:\/\/www.elliott-tool.com\/wp-content\/uploads\/2017\/09\/RHElec.Search.jpg\",\"datePublished\":\"2017-09-27T20:27:43+00:00\",\"dateModified\":\"2021-02-02T20:13:14+00:00\",\"description\":\"El sistema de laminado de tubos de Elliott realiza el trabajo de forma correcta al primer intento. Lea los reporte de resultados para obtener m\u00e1s informaci\u00f3n.\",\"breadcrumb\":{\"@id\":\"https:\/\/www.elliott-tool.com\/es\/rapidhawk\/reportes-resultados\/#breadcrumb\"},\"inLanguage\":\"es\",\"potentialAction\":[{\"@type\":\"ReadAction\",\"target\":[\"https:\/\/www.elliott-tool.com\/es\/rapidhawk\/reportes-resultados\/\"]}]},{\"@type\":\"ImageObject\",\"inLanguage\":\"es\",\"@id\":\"https:\/\/www.elliott-tool.com\/es\/rapidhawk\/reportes-resultados\/#primaryimage\",\"url\":\"https:\/\/www.elliott-tool.com\/wp-content\/uploads\/2017\/09\/RHElec.Search.jpg\",\"contentUrl\":\"https:\/\/www.elliott-tool.com\/wp-content\/uploads\/2017\/09\/RHElec.Search.jpg\",\"width\":270,\"height\":200},{\"@type\":\"BreadcrumbList\",\"@id\":\"https:\/\/www.elliott-tool.com\/es\/rapidhawk\/reportes-resultados\/#breadcrumb\",\"itemListElement\":[{\"@type\":\"ListItem\",\"position\":1,\"name\":\"Home\",\"item\":\"https:\/\/www.elliott-tool.com\/es\/\"},{\"@type\":\"ListItem\",\"position\":2,\"name\":\"Rapid Hawk\",\"item\":\"https:\/\/www.elliott-tool.com\/es\/rapidhawk\/\"},{\"@type\":\"ListItem\",\"position\":3,\"name\":\"Reportes de Resultados de Rapid Hawk\"}]},{\"@type\":\"WebSite\",\"@id\":\"https:\/\/www.elliott-tool.com\/#website\",\"url\":\"https:\/\/www.elliott-tool.com\/\",\"name\":\"Elliott Tool Technologies\",\"description\":\"Quality Tube Tools For An &quot;I Need It Yesterday World&quot;.\",\"alternateName\":\"Elliott Tool\",\"potentialAction\":[{\"@type\":\"SearchAction\",\"target\":{\"@type\":\"EntryPoint\",\"urlTemplate\":\"https:\/\/www.elliott-tool.com\/?s={search_term_string}\"},\"query-input\":\"required name=search_term_string\"}],\"inLanguage\":\"es\"}]}<\/script>\n<!-- \/ Yoast SEO plugin. -->","yoast_head_json":{"title":"Reportes de Resultados de Rapid Hawk - Elliott Tool Technologies","description":"El sistema de laminado de tubos de Elliott realiza el trabajo de forma correcta al primer intento. Lea los reporte de resultados para obtener m\u00e1s informaci\u00f3n.","robots":{"index":"index","follow":"follow","max-snippet":"max-snippet:-1","max-image-preview":"max-image-preview:large","max-video-preview":"max-video-preview:-1"},"canonical":"https:\/\/www.elliott-tool.com\/es\/rapidhawk\/reportes-resultados\/","og_locale":"es_ES","og_type":"article","og_title":"Reportes de Resultados de Rapid Hawk - Elliott Tool Technologies","og_description":"El sistema de laminado de tubos de Elliott realiza el trabajo de forma correcta al primer intento. Lea los reporte de resultados para obtener m\u00e1s informaci\u00f3n.","og_url":"https:\/\/www.elliott-tool.com\/es\/rapidhawk\/reportes-resultados\/","og_site_name":"Elliott Tool Technologies","article_publisher":"https:\/\/www.facebook.com\/elliotttool","article_modified_time":"2021-02-02T20:13:14+00:00","og_image":[{"width":270,"height":200,"url":"https:\/\/www.elliott-tool.com\/wp-content\/uploads\/2017\/09\/RHElec.Search.jpg","type":"image\/jpeg"}],"twitter_card":"summary_large_image","twitter_misc":{"Tiempo de lectura":"10 minutos"},"schema":{"@context":"https:\/\/schema.org","@graph":[{"@type":"WebPage","@id":"https:\/\/www.elliott-tool.com\/es\/rapidhawk\/reportes-resultados\/","url":"https:\/\/www.elliott-tool.com\/es\/rapidhawk\/reportes-resultados\/","name":"Reportes de Resultados de Rapid Hawk - Elliott Tool Technologies","isPartOf":{"@id":"https:\/\/www.elliott-tool.com\/#website"},"primaryImageOfPage":{"@id":"https:\/\/www.elliott-tool.com\/es\/rapidhawk\/reportes-resultados\/#primaryimage"},"image":{"@id":"https:\/\/www.elliott-tool.com\/es\/rapidhawk\/reportes-resultados\/#primaryimage"},"thumbnailUrl":"https:\/\/www.elliott-tool.com\/wp-content\/uploads\/2017\/09\/RHElec.Search.jpg","datePublished":"2017-09-27T20:27:43+00:00","dateModified":"2021-02-02T20:13:14+00:00","description":"El sistema de laminado de tubos de Elliott realiza el trabajo de forma correcta al primer intento. Lea los reporte de resultados para obtener m\u00e1s informaci\u00f3n.","breadcrumb":{"@id":"https:\/\/www.elliott-tool.com\/es\/rapidhawk\/reportes-resultados\/#breadcrumb"},"inLanguage":"es","potentialAction":[{"@type":"ReadAction","target":["https:\/\/www.elliott-tool.com\/es\/rapidhawk\/reportes-resultados\/"]}]},{"@type":"ImageObject","inLanguage":"es","@id":"https:\/\/www.elliott-tool.com\/es\/rapidhawk\/reportes-resultados\/#primaryimage","url":"https:\/\/www.elliott-tool.com\/wp-content\/uploads\/2017\/09\/RHElec.Search.jpg","contentUrl":"https:\/\/www.elliott-tool.com\/wp-content\/uploads\/2017\/09\/RHElec.Search.jpg","width":270,"height":200},{"@type":"BreadcrumbList","@id":"https:\/\/www.elliott-tool.com\/es\/rapidhawk\/reportes-resultados\/#breadcrumb","itemListElement":[{"@type":"ListItem","position":1,"name":"Home","item":"https:\/\/www.elliott-tool.com\/es\/"},{"@type":"ListItem","position":2,"name":"Rapid Hawk","item":"https:\/\/www.elliott-tool.com\/es\/rapidhawk\/"},{"@type":"ListItem","position":3,"name":"Reportes de Resultados de Rapid Hawk"}]},{"@type":"WebSite","@id":"https:\/\/www.elliott-tool.com\/#website","url":"https:\/\/www.elliott-tool.com\/","name":"Elliott Tool Technologies","description":"Quality Tube Tools For An &quot;I Need It Yesterday World&quot;.","alternateName":"Elliott Tool","potentialAction":[{"@type":"SearchAction","target":{"@type":"EntryPoint","urlTemplate":"https:\/\/www.elliott-tool.com\/?s={search_term_string}"},"query-input":"required name=search_term_string"}],"inLanguage":"es"}]}},"_links":{"self":[{"href":"https:\/\/www.elliott-tool.com\/es\/wp-json\/wp\/v2\/pages\/3298"}],"collection":[{"href":"https:\/\/www.elliott-tool.com\/es\/wp-json\/wp\/v2\/pages"}],"about":[{"href":"https:\/\/www.elliott-tool.com\/es\/wp-json\/wp\/v2\/types\/page"}],"author":[{"embeddable":true,"href":"https:\/\/www.elliott-tool.com\/es\/wp-json\/wp\/v2\/users\/2"}],"replies":[{"embeddable":true,"href":"https:\/\/www.elliott-tool.com\/es\/wp-json\/wp\/v2\/comments?post=3298"}],"version-history":[{"count":26,"href":"https:\/\/www.elliott-tool.com\/es\/wp-json\/wp\/v2\/pages\/3298\/revisions"}],"predecessor-version":[{"id":13021,"href":"https:\/\/www.elliott-tool.com\/es\/wp-json\/wp\/v2\/pages\/3298\/revisions\/13021"}],"up":[{"embeddable":true,"href":"https:\/\/www.elliott-tool.com\/es\/wp-json\/wp\/v2\/pages\/3228"}],"wp:featuredmedia":[{"embeddable":true,"href":"https:\/\/www.elliott-tool.com\/es\/wp-json\/wp\/v2\/media\/7792"}],"wp:attachment":[{"href":"https:\/\/www.elliott-tool.com\/es\/wp-json\/wp\/v2\/media?parent=3298"}],"curies":[{"name":"wp","href":"https:\/\/api.w.org\/{rel}","templated":true}]}}