{"id":3008,"date":"2017-09-26T19:12:30","date_gmt":"2017-09-26T19:12:30","guid":{"rendered":"http:\/\/www.elliott-tool.com\/jiffy-gun\/"},"modified":"2020-10-30T09:24:03","modified_gmt":"2020-10-30T14:24:03","slug":"jiffy-gun","status":"publish","type":"page","link":"https:\/\/www.elliott-tool.com\/es\/jiffy-gun\/","title":{"rendered":"Jiffy Gun"},"content":{"rendered":"<div class=\"fusion-fullwidth fullwidth-box fusion-builder-row-1 nonhundred-percent-fullwidth non-hundred-percent-height-scrolling\" style=\"--awb-border-radius-top-left:0px;--awb-border-radius-top-right:0px;--awb-border-radius-bottom-right:0px;--awb-border-radius-bottom-left:0px;--awb-padding-right:20%;--awb-padding-left:20%;\" ><div class=\"fusion-builder-row fusion-row\"><div class=\"fusion-layout-column fusion_builder_column fusion-builder-column-0 fusion_builder_column_1_2 1_2 fusion-one-half fusion-column-first\" style=\"--awb-bg-size:cover;width:50%;width:calc(50% - ( ( 4% ) * 0.5 ) );margin-right: 4%;\"><div class=\"fusion-column-wrapper fusion-flex-column-wrapper-legacy\"><div class=\"fusion-text fusion-text-1\"><h4 style=\"text-align: left;\">Jiffy Gun<\/h4>\n<\/div><div class=\"fusion-text fusion-text-2\"><h5>Sistema De Limpieza De Tubos Con Soplado A Presi\u00f3n<\/h5>\n<\/div><div class=\"fusion-clearfix\"><\/div><\/div><\/div><div class=\"fusion-layout-column fusion_builder_column fusion-builder-column-1 fusion_builder_column_1_2 1_2 fusion-one-half fusion-column-last\" style=\"--awb-bg-size:cover;width:50%;width:calc(50% - ( ( 4% ) * 0.5 ) );\"><div class=\"fusion-column-wrapper fusion-flex-column-wrapper-legacy\"><div class=\"fusion-text fusion-text-3\"><p style=\"text-align: right;\"><a href=\"\/es\/jiffy-gun\/\">Descripci\u00f3n<\/a>\u00a0 \u00a0 \u00a0 \u00a0<a href=\"\/es\/jiffy-gun\/especificaciones\/\">Especificaciones<\/a>\u00a0 \u00a0 \u00a0 <a href=\"\/media\/TM-119 Jiffy Gun.pdf\">Manual de Funcionamiento<\/a><\/p>\n<\/div><div class=\"fusion-clearfix\"><\/div><\/div><\/div><div class=\"fusion-layout-column fusion_builder_column fusion-builder-column-2 fusion_builder_column_1_1 1_1 fusion-one-full fusion-column-first fusion-column-last\" style=\"--awb-bg-size:cover;\"><div class=\"fusion-column-wrapper fusion-flex-column-wrapper-legacy\"><div class=\"fusion-sep-clear\"><\/div><div class=\"fusion-separator fusion-full-width-sep\" style=\"margin-left: auto;margin-right: auto;width:100%;\"><div class=\"fusion-separator-border sep-single sep-solid\" style=\"--awb-height:20px;--awb-amount:20px;border-color:#e0dede;border-top-width:1px;\"><\/div><\/div><div class=\"fusion-sep-clear\"><\/div><div class=\"fusion-clearfix\"><\/div><\/div><\/div><\/div><\/div><div class=\"fusion-fullwidth fullwidth-box fusion-builder-row-2 nonhundred-percent-fullwidth non-hundred-percent-height-scrolling\" style=\"--awb-border-radius-top-left:0px;--awb-border-radius-top-right:0px;--awb-border-radius-bottom-right:0px;--awb-border-radius-bottom-left:0px;--awb-margin-top:30px;\" ><div class=\"fusion-builder-row fusion-row\"><div class=\"fusion-layout-column fusion_builder_column fusion-builder-column-3 fusion_builder_column_1_1 1_1 fusion-one-full fusion-column-first fusion-column-last\" style=\"--awb-bg-size:cover;\"><div class=\"fusion-column-wrapper fusion-flex-column-wrapper-legacy\"><div class=\"fusion-title title fusion-title-1 fusion-sep-none fusion-title-center fusion-title-text fusion-title-size-two\"><h2 class=\"title-heading-center fusion-responsive-typography-calculated\" style=\"margin:0;--fontSize:34;line-height:1.5;\"><h1 class=\"ett-red\">Remover Dep\u00f3sitos Suaves en Segundos.<\/h1><\/h2><\/div><div class=\"fusion-text fusion-text-4\"><h4 style=\"text-align: center;\">Accionado por una combinaci\u00f3n del aire y del agua, el Jiffy Gun puede propulsar una amplia gama de brotes reutilizables a trav\u00e9s de los dispositivos, tubos de la limpieza en segundos!<\/h4>\n<\/div><div class=\"fusion-clearfix\"><\/div><\/div><\/div><\/div><\/div><div class=\"fusion-fullwidth fullwidth-box fusion-builder-row-3 hundred-percent-fullwidth non-hundred-percent-height-scrolling\" style=\"--awb-border-radius-top-left:0px;--awb-border-radius-top-right:0px;--awb-border-radius-bottom-right:0px;--awb-border-radius-bottom-left:0px;--awb-padding-top:40px;--awb-padding-right:0px;--awb-padding-bottom:20px;--awb-padding-left:0px;--awb-margin-top:30px;--awb-background-color:#d3d3d3;\" ><div class=\"fusion-builder-row fusion-row\"><div class=\"fusion-layout-column fusion_builder_column fusion-builder-column-4 fusion_builder_column_1_1 1_1 fusion-one-full fusion-column-first fusion-column-last\" style=\"--awb-bg-size:cover;--awb-margin-bottom:30px;\"><div class=\"fusion-column-wrapper fusion-flex-column-wrapper-legacy\"><div class=\"fusion-title title fusion-title-2 fusion-sep-none fusion-title-center fusion-title-text fusion-title-size-three\"><h3 class=\"title-heading-center fusion-responsive-typography-calculated\" style=\"margin:0;--fontSize:22;--minFontSize:22;line-height:1.5;\">Este producto ha sido reemplazado por el Jumbo Jiffy Gun<\/h3><\/div><div class=\"fusion-aligncenter\"><a class=\"fusion-button button-flat fusion-button-default-size button-default fusion-button-default button-1 fusion-button-default-span fusion-button-default-type\" target=\"_self\" href=\"https:\/\/www.elliott-tool.com\/es\/jumbo-jiffy-gun\/\"><span class=\"fusion-button-text\">Clic aqu\u00ed para saber m\u00e1s<\/span><\/a><\/div><div class=\"fusion-clearfix\"><\/div><\/div><\/div><\/div><\/div><div class=\"fusion-fullwidth fullwidth-box fusion-builder-row-4 nonhundred-percent-fullwidth non-hundred-percent-height-scrolling\" style=\"--awb-border-radius-top-left:0px;--awb-border-radius-top-right:0px;--awb-border-radius-bottom-right:0px;--awb-border-radius-bottom-left:0px;--awb-margin-top:30px;\" ><div class=\"fusion-builder-row fusion-row\"><div class=\"fusion-layout-column fusion_builder_column fusion-builder-column-5 fusion_builder_column_2_3 2_3 fusion-two-third fusion-column-first\" style=\"--awb-bg-size:cover;width:66.666666666667%;width:calc(66.666666666667% - ( ( 4% ) * 0.66666666666667 ) );margin-right: 4%;\"><div class=\"fusion-column-wrapper fusion-flex-column-wrapper-legacy\"><div class=\"fusion-image-element fusion-image-align-center in-legacy-container\" style=\"text-align:center;--awb-caption-title-font-family:var(--h2_typography-font-family);--awb-caption-title-font-weight:var(--h2_typography-font-weight);--awb-caption-title-font-style:var(--h2_typography-font-style);--awb-caption-title-size:var(--h2_typography-font-size);--awb-caption-title-transform:var(--h2_typography-text-transform);--awb-caption-title-line-height:var(--h2_typography-line-height);--awb-caption-title-letter-spacing:var(--h2_typography-letter-spacing);\"><div class=\"imageframe-align-center\"><span class=\" fusion-imageframe imageframe-none imageframe-1 hover-type-none fusion-animated\" data-animationType=\"slideInLeft\" data-animationDuration=\"0.3\" data-animationOffset=\"top-mid-of-view\" class=\"image-magnify\" class=\"image-scroll\"><img decoding=\"async\" alt=\"Jiffy Gun\" src=\"data:image\/gif;base64,R0lGODlhAQABAAAAACH5BAEKAAEALAAAAAABAAEAAAICTAEAOw==\" data-orig-src=\"\/images\/products\/Jiffy-Gun.jpg\" class=\"lazyload img-responsive\"\/><\/span><\/div><\/div><div class=\"fusion-clearfix\"><\/div><\/div><\/div><div class=\"fusion-layout-column fusion_builder_column fusion-builder-column-6 fusion_builder_column_1_3 1_3 fusion-one-third fusion-column-last\" style=\"--awb-bg-size:cover;--awb-margin-top:200px;width:33.333333333333%;width:calc(33.333333333333% - ( ( 4% ) * 0.33333333333333 ) );\"><div class=\"fusion-column-wrapper fusion-flex-column-wrapper-legacy\"><ul style=\"--awb-size:13px;--awb-line-height:22.1px;--awb-icon-width:22.1px;--awb-icon-height:22.1px;--awb-icon-margin:9.1px;--awb-content-margin:31.2px;--awb-circlecolor:#aa0500;--awb-circle-yes-font-size:11.44px;\" class=\"fusion-checklist fusion-checklist-1 fusion-checklist-default type-icons\"><li class=\"fusion-li-item\" style=\"\"><span class=\"icon-wrapper circle-yes\"><i class=\"fusion-li-icon fa fa-check\" aria-hidden=\"true\"><\/i><\/span><div class=\"fusion-li-item-content\">\n<h3 class=\"ett-dark-gray\">Medida Del Tubo: 3\/8&#8243; a 3\/4&#8243; (9.5mm to 19.0mm) DE<\/h3>\n<\/div><\/li><li class=\"fusion-li-item\" style=\"\"><span class=\"icon-wrapper circle-yes\"><i class=\"fusion-li-icon fa fa-check\" aria-hidden=\"true\"><\/i><\/span><div class=\"fusion-li-item-content\">\n<h3 class=\"ett-dark-gray\">Tipo De Tubo: Recto<\/h3>\n<\/div><\/li><li class=\"fusion-li-item\" style=\"\"><span class=\"icon-wrapper circle-yes\"><i class=\"fusion-li-icon fa fa-check\" aria-hidden=\"true\"><\/i><\/span><div class=\"fusion-li-item-content\">\n<h3 class=\"ett-dark-gray\">Tipo De Seimento: Suave, pegajoso, u org\u00e1nico<\/h3>\n<\/div><\/li><li class=\"fusion-li-item\" style=\"\"><span class=\"icon-wrapper circle-yes\"><i class=\"fusion-li-icon fa fa-check\" aria-hidden=\"true\"><\/i><\/span><div class=\"fusion-li-item-content\">\n<h3 class=\"ett-dark-gray\">Espresor Del Sedimento: Ligero y Mediano<\/h3>\n<\/div><\/li><li class=\"fusion-li-item\" style=\"\"><span class=\"icon-wrapper circle-yes\"><i class=\"fusion-li-icon fa fa-check\" aria-hidden=\"true\"><\/i><\/span><div class=\"fusion-li-item-content\">\n<h3 class=\"ett-dark-gray\">Limpieza: Con Agua<\/h3>\n<\/div><\/li><\/ul><div class=\"fusion-clearfix\"><\/div><\/div><\/div><\/div><\/div><div class=\"fusion-fullwidth fullwidth-box fusion-builder-row-5 hundred-percent-fullwidth non-hundred-percent-height-scrolling\" style=\"--awb-border-radius-top-left:0px;--awb-border-radius-top-right:0px;--awb-border-radius-bottom-right:0px;--awb-border-radius-bottom-left:0px;--awb-padding-top:40px;--awb-padding-right:0px;--awb-padding-bottom:20px;--awb-padding-left:0px;--awb-margin-top:30px;--awb-background-color:#aaaaaa;\" ><div class=\"fusion-builder-row fusion-row\"><div class=\"fusion-layout-column fusion_builder_column fusion-builder-column-7 fusion_builder_column_1_1 1_1 fusion-one-full fusion-column-first fusion-column-last\" style=\"--awb-bg-size:cover;--awb-margin-bottom:30px;\"><div class=\"fusion-column-wrapper fusion-flex-column-wrapper-legacy\"><div class=\"fusion-title title fusion-title-3 fusion-sep-none fusion-title-center fusion-title-text fusion-title-size-two\"><h2 class=\"title-heading-center fusion-responsive-typography-calculated\" style=\"margin:0;--fontSize:34;line-height:1.5;\"><h2 class=\"ett-white\" style=\"text-align: center;\">M\u00e9todo de Limpiar Preferido<\/h2><\/h2><\/div><div class=\"fusion-text fusion-text-5\"><h4 class=\"ett-white\" style=\"text-align: center;\">Los Sistemas de limpieza Jiffy son las herramientas preferidas para la limpieza de tubos en condensadores de plantas generadoras para servicios p\u00fablicos, molinos de pulpa, papeleras, sider\u00fargicas y plantas petroqu\u00edmicas.<\/h4>\n<\/div><div class=\"fusion-clearfix\"><\/div><\/div><\/div><\/div><\/div><div class=\"fusion-fullwidth fullwidth-box fusion-builder-row-6 hundred-percent-fullwidth non-hundred-percent-height-scrolling\" style=\"--awb-border-radius-top-left:0px;--awb-border-radius-top-right:0px;--awb-border-radius-bottom-right:0px;--awb-border-radius-bottom-left:0px;--awb-padding-left:0px;\" ><div class=\"fusion-builder-row fusion-row\"><div class=\"fusion-layout-column fusion_builder_column fusion-builder-column-8 fusion_builder_column_1_1 1_1 fusion-one-full fusion-column-first fusion-column-last\" style=\"--awb-bg-size:cover;--awb-margin-bottom:0px;\"><div class=\"fusion-column-wrapper fusion-flex-column-wrapper-legacy\"><div class=\"fusion-section-separator section-separator triangle fusion-section-separator-1\" style=\"--awb-border-bottom:11px solid #aaaaaa;--awb-spacer-height:11px;--awb-svg-margin-left:0;--awb-svg-margin-right:0;--awb-icon-color:#ffffff;--awb-icon-top:auto;--awb-icon-bottom:-21px;\"><div class=\"fusion-section-separator-svg\"><div class=\"divider-candy-arrow bottom\" style=\"top:11px;border-top-color: #aaaaaa;\"><\/div><div class=\"divider-candy bottom\" style=\"bottom:-31px;border-bottom:1px solid #aaaaaa;border-left:1px solid #aaaaaa;\"><\/div><\/div><div class=\"fusion-section-separator-spacer\"><div class=\"fusion-section-separator-spacer-height\"><\/div><\/div><\/div><div class=\"fusion-clearfix\"><\/div><\/div><\/div><\/div><\/div><div class=\"fusion-fullwidth fullwidth-box fusion-builder-row-7 nonhundred-percent-fullwidth non-hundred-percent-height-scrolling\" style=\"--awb-border-radius-top-left:0px;--awb-border-radius-top-right:0px;--awb-border-radius-bottom-right:0px;--awb-border-radius-bottom-left:0px;--awb-padding-top:70px;--awb-padding-bottom:40px;--awb-background-color:rgba(242,242,242,0.19);\" ><div class=\"fusion-builder-row fusion-row\"><div class=\"fusion-layout-column fusion_builder_column fusion-builder-column-9 fusion_builder_column_1_3 1_3 fusion-one-third fusion-column-first\" style=\"--awb-bg-size:cover;width:33.333333333333%;width:calc(33.333333333333% - ( ( 4% ) * 0.33333333333333 ) );margin-right: 4%;\"><div class=\"fusion-column-wrapper fusion-flex-column-wrapper-legacy\"><ul style=\"--awb-size:13px;--awb-line-height:22.1px;--awb-icon-width:22.1px;--awb-icon-height:22.1px;--awb-icon-margin:9.1px;--awb-content-margin:31.2px;--awb-circlecolor:#aa0500;--awb-circle-yes-font-size:11.44px;\" class=\"fusion-checklist fusion-checklist-2 fusion-checklist-default type-icons\"><li class=\"fusion-li-item\" style=\"\"><span class=\"icon-wrapper circle-yes\"><i class=\"fusion-li-icon fa fa-check\" aria-hidden=\"true\"><\/i><\/span><div class=\"fusion-li-item-content\">\n<h2 class=\"ett-dark-gray\">Amplia Variedad de Tama\u00f1os<\/h2>\n<h4>La boquilla c\u00f3nica cubre un amplio rango de di\u00e1metros.<\/h4>\n<\/div><\/li><li class=\"fusion-li-item\" style=\"\"><span class=\"icon-wrapper circle-yes\"><i class=\"fusion-li-icon fa fa-check\" aria-hidden=\"true\"><\/i><\/span><div class=\"fusion-li-item-content\">\n<h2 class=\"ett-dark-gray\">Menores Costos<\/h2>\n<h4>Utiliza dispositivos de limpieza reutilizables para disminuir costos.<\/h4>\n<\/div><\/li><\/ul><div class=\"fusion-clearfix\"><\/div><\/div><\/div><div class=\"fusion-layout-column fusion_builder_column fusion-builder-column-10 fusion_builder_column_2_3 2_3 fusion-two-third fusion-column-last\" style=\"--awb-bg-size:cover;width:66.666666666667%;width:calc(66.666666666667% - ( ( 4% ) * 0.66666666666667 ) );\"><div class=\"fusion-column-wrapper fusion-flex-column-wrapper-legacy\"><div class=\"fusion-image-element fusion-image-align-center in-legacy-container\" style=\"text-align:center;--awb-caption-title-font-family:var(--h2_typography-font-family);--awb-caption-title-font-weight:var(--h2_typography-font-weight);--awb-caption-title-font-style:var(--h2_typography-font-style);--awb-caption-title-size:var(--h2_typography-font-size);--awb-caption-title-transform:var(--h2_typography-text-transform);--awb-caption-title-line-height:var(--h2_typography-line-height);--awb-caption-title-letter-spacing:var(--h2_typography-letter-spacing);\"><div class=\"imageframe-align-center\"><span class=\" fusion-imageframe imageframe-none imageframe-2 hover-type-none fusion-animated\" data-animationType=\"fadeInLeft\" data-animationDuration=\"0.3\" data-animationOffset=\"top-mid-of-view\" class=\"image-magnify\" class=\"image-scroll\"><img decoding=\"async\" alt=\"Dispositivos de Limpieza Jiffy Gun\" src=\"data:image\/gif;base64,R0lGODlhAQABAAAAACH5BAEKAAEALAAAAAABAAEAAAICTAEAOw==\" data-orig-src=\"\/images\/products\/5022Scrubber.png\" class=\"lazyload img-responsive\"\/><\/span><\/div><\/div><div class=\"fusion-clearfix\"><\/div><\/div><\/div><\/div><\/div><div class=\"fusion-fullwidth fullwidth-box fusion-builder-row-8 hundred-percent-fullwidth non-hundred-percent-height-scrolling\" style=\"--awb-border-radius-top-left:0px;--awb-border-radius-top-right:0px;--awb-border-radius-bottom-right:0px;--awb-border-radius-bottom-left:0px;--awb-padding-top:20px;--awb-padding-left:0px;--awb-background-color:#cccccc;\" ><div class=\"fusion-builder-row fusion-row\"><div class=\"fusion-layout-column fusion_builder_column fusion-builder-column-11 fusion_builder_column_1_1 1_1 fusion-one-full fusion-column-first fusion-column-last\" style=\"--awb-bg-size:cover;\"><div class=\"fusion-column-wrapper fusion-flex-column-wrapper-legacy\"><div class=\"fusion-button-wrapper\"><a class=\"fusion-button button-flat button-medium button-custom fusion-button-default button-2 fusion-button-default-span fusion-button-default-type\" style=\"--button_accent_color:#ffffff;--button_accent_hover_color:#ffffff;--button_border_hover_color:#ffffff;--button_gradient_top_color:#bf000d;--button_gradient_bottom_color:#bf000d;--button_gradient_top_color_hover:#545454;--button_gradient_bottom_color_hover:#545454;\" target=\"_self\" href=\"\/es\/contactenos\/\"><span class=\"fusion-button-text\">Contactarnos por m\u00e1s informaci\u00f3n o para pedir una cotizaci\u00f3n<\/span><\/a><\/div><div class=\"fusion-clearfix\"><\/div><\/div><\/div><\/div><\/div>\n","protected":false},"excerpt":{"rendered":"<p>El Jiffy Gun es una herramienta que con una combinaci\u00f3n de Neum\u00e1ticoe y agua impulsa o dispara un basto rango de dispositivos de limpieza reutilizables. Los Sistemas de limpieza Jiffy son las herramientas preferidas para la limpieza de tubos en condensadores de plantas generadoras para servicios p\u00fablicos, molinos de pulpa, papeleras, sider\u00fargicas y plantas petroqu\u00edmicas. <\/p>\n","protected":false},"author":2,"featured_media":7981,"parent":0,"menu_order":0,"comment_status":"closed","ping_status":"closed","template":"100-width.php","meta":{"content-type":"","footnotes":""},"yoast_head":"<!-- This site is optimized with the Yoast SEO plugin v23.1 - https:\/\/yoast.com\/wordpress\/plugins\/seo\/ -->\n<title>Jiffy Gun Sistema De Limpieza De Tubos Con Soplado A Presi\u00f3n - Elliott Tool Technologies<\/title>\n<meta name=\"description\" content=\"Los Sistemas de limpieza Jiffy son las herramientas preferidas para la limpieza de tubos en condensadores de plantas generadoras para servicios p\u00fablicos, molinos de pulpa, papeleras, sider\u00fargicas y plantas petroqu\u00edmicas.\" \/>\n<meta name=\"robots\" content=\"index, follow, max-snippet:-1, max-image-preview:large, max-video-preview:-1\" \/>\n<link rel=\"canonical\" href=\"https:\/\/www.elliott-tool.com\/es\/jiffy-gun\/\" \/>\n<meta property=\"og:locale\" content=\"es_ES\" \/>\n<meta property=\"og:type\" content=\"article\" \/>\n<meta property=\"og:title\" content=\"Jiffy Gun Sistema De Limpieza De Tubos Con Soplado A Presi\u00f3n - Elliott Tool Technologies\" \/>\n<meta property=\"og:description\" content=\"Los Sistemas de limpieza Jiffy son las herramientas preferidas para la limpieza de tubos en condensadores de plantas generadoras para servicios p\u00fablicos, molinos de pulpa, papeleras, sider\u00fargicas y plantas petroqu\u00edmicas.\" \/>\n<meta property=\"og:url\" content=\"https:\/\/www.elliott-tool.com\/es\/jiffy-gun\/\" \/>\n<meta property=\"og:site_name\" content=\"Elliott Tool Technologies\" \/>\n<meta property=\"article:publisher\" content=\"https:\/\/www.facebook.com\/elliotttool\" \/>\n<meta property=\"article:modified_time\" content=\"2020-10-30T14:24:03+00:00\" \/>\n<meta property=\"og:image\" content=\"https:\/\/www.elliott-tool.com\/wp-content\/uploads\/2017\/07\/Jiffy-Gun.Search.jpg\" \/>\n\t<meta property=\"og:image:width\" content=\"320\" \/>\n\t<meta property=\"og:image:height\" content=\"200\" \/>\n\t<meta property=\"og:image:type\" content=\"image\/jpeg\" \/>\n<meta name=\"twitter:card\" content=\"summary_large_image\" \/>\n<meta name=\"twitter:label1\" content=\"Tiempo de lectura\" \/>\n\t<meta name=\"twitter:data1\" content=\"12 minutos\" \/>\n<script type=\"application\/ld+json\" class=\"yoast-schema-graph\">{\"@context\":\"https:\/\/schema.org\",\"@graph\":[{\"@type\":\"WebPage\",\"@id\":\"https:\/\/www.elliott-tool.com\/es\/jiffy-gun\/\",\"url\":\"https:\/\/www.elliott-tool.com\/es\/jiffy-gun\/\",\"name\":\"Jiffy Gun Sistema De Limpieza De Tubos Con Soplado A Presi\u00f3n - Elliott Tool Technologies\",\"isPartOf\":{\"@id\":\"https:\/\/www.elliott-tool.com\/#website\"},\"primaryImageOfPage\":{\"@id\":\"https:\/\/www.elliott-tool.com\/es\/jiffy-gun\/#primaryimage\"},\"image\":{\"@id\":\"https:\/\/www.elliott-tool.com\/es\/jiffy-gun\/#primaryimage\"},\"thumbnailUrl\":\"https:\/\/www.elliott-tool.com\/wp-content\/uploads\/2017\/07\/Jiffy-Gun.Search.jpg\",\"datePublished\":\"2017-09-26T19:12:30+00:00\",\"dateModified\":\"2020-10-30T14:24:03+00:00\",\"description\":\"Los Sistemas de limpieza Jiffy son las herramientas preferidas para la limpieza de tubos en condensadores de plantas generadoras para servicios p\u00fablicos, molinos de pulpa, papeleras, sider\u00fargicas y plantas petroqu\u00edmicas.\",\"breadcrumb\":{\"@id\":\"https:\/\/www.elliott-tool.com\/es\/jiffy-gun\/#breadcrumb\"},\"inLanguage\":\"es\",\"potentialAction\":[{\"@type\":\"ReadAction\",\"target\":[\"https:\/\/www.elliott-tool.com\/es\/jiffy-gun\/\"]}]},{\"@type\":\"ImageObject\",\"inLanguage\":\"es\",\"@id\":\"https:\/\/www.elliott-tool.com\/es\/jiffy-gun\/#primaryimage\",\"url\":\"https:\/\/www.elliott-tool.com\/wp-content\/uploads\/2017\/07\/Jiffy-Gun.Search.jpg\",\"contentUrl\":\"https:\/\/www.elliott-tool.com\/wp-content\/uploads\/2017\/07\/Jiffy-Gun.Search.jpg\",\"width\":320,\"height\":200},{\"@type\":\"BreadcrumbList\",\"@id\":\"https:\/\/www.elliott-tool.com\/es\/jiffy-gun\/#breadcrumb\",\"itemListElement\":[{\"@type\":\"ListItem\",\"position\":1,\"name\":\"Home\",\"item\":\"https:\/\/www.elliott-tool.com\/es\/\"},{\"@type\":\"ListItem\",\"position\":2,\"name\":\"Jiffy Gun\"}]},{\"@type\":\"WebSite\",\"@id\":\"https:\/\/www.elliott-tool.com\/#website\",\"url\":\"https:\/\/www.elliott-tool.com\/\",\"name\":\"Elliott Tool Technologies\",\"description\":\"Quality Tube Tools For An &quot;I Need It Yesterday World&quot;.\",\"alternateName\":\"Elliott Tool\",\"potentialAction\":[{\"@type\":\"SearchAction\",\"target\":{\"@type\":\"EntryPoint\",\"urlTemplate\":\"https:\/\/www.elliott-tool.com\/?s={search_term_string}\"},\"query-input\":\"required name=search_term_string\"}],\"inLanguage\":\"es\"}]}<\/script>\n<!-- \/ Yoast SEO plugin. -->","yoast_head_json":{"title":"Jiffy Gun Sistema De Limpieza De Tubos Con Soplado A Presi\u00f3n - Elliott Tool Technologies","description":"Los Sistemas de limpieza Jiffy son las herramientas preferidas para la limpieza de tubos en condensadores de plantas generadoras para servicios p\u00fablicos, molinos de pulpa, papeleras, sider\u00fargicas y plantas petroqu\u00edmicas.","robots":{"index":"index","follow":"follow","max-snippet":"max-snippet:-1","max-image-preview":"max-image-preview:large","max-video-preview":"max-video-preview:-1"},"canonical":"https:\/\/www.elliott-tool.com\/es\/jiffy-gun\/","og_locale":"es_ES","og_type":"article","og_title":"Jiffy Gun Sistema De Limpieza De Tubos Con Soplado A Presi\u00f3n - Elliott Tool Technologies","og_description":"Los Sistemas de limpieza Jiffy son las herramientas preferidas para la limpieza de tubos en condensadores de plantas generadoras para servicios p\u00fablicos, molinos de pulpa, papeleras, sider\u00fargicas y plantas petroqu\u00edmicas.","og_url":"https:\/\/www.elliott-tool.com\/es\/jiffy-gun\/","og_site_name":"Elliott Tool Technologies","article_publisher":"https:\/\/www.facebook.com\/elliotttool","article_modified_time":"2020-10-30T14:24:03+00:00","og_image":[{"width":320,"height":200,"url":"https:\/\/www.elliott-tool.com\/wp-content\/uploads\/2017\/07\/Jiffy-Gun.Search.jpg","type":"image\/jpeg"}],"twitter_card":"summary_large_image","twitter_misc":{"Tiempo de lectura":"12 minutos"},"schema":{"@context":"https:\/\/schema.org","@graph":[{"@type":"WebPage","@id":"https:\/\/www.elliott-tool.com\/es\/jiffy-gun\/","url":"https:\/\/www.elliott-tool.com\/es\/jiffy-gun\/","name":"Jiffy Gun Sistema De Limpieza De Tubos Con Soplado A Presi\u00f3n - Elliott Tool Technologies","isPartOf":{"@id":"https:\/\/www.elliott-tool.com\/#website"},"primaryImageOfPage":{"@id":"https:\/\/www.elliott-tool.com\/es\/jiffy-gun\/#primaryimage"},"image":{"@id":"https:\/\/www.elliott-tool.com\/es\/jiffy-gun\/#primaryimage"},"thumbnailUrl":"https:\/\/www.elliott-tool.com\/wp-content\/uploads\/2017\/07\/Jiffy-Gun.Search.jpg","datePublished":"2017-09-26T19:12:30+00:00","dateModified":"2020-10-30T14:24:03+00:00","description":"Los Sistemas de limpieza Jiffy son las herramientas preferidas para la limpieza de tubos en condensadores de plantas generadoras para servicios p\u00fablicos, molinos de pulpa, papeleras, sider\u00fargicas y plantas petroqu\u00edmicas.","breadcrumb":{"@id":"https:\/\/www.elliott-tool.com\/es\/jiffy-gun\/#breadcrumb"},"inLanguage":"es","potentialAction":[{"@type":"ReadAction","target":["https:\/\/www.elliott-tool.com\/es\/jiffy-gun\/"]}]},{"@type":"ImageObject","inLanguage":"es","@id":"https:\/\/www.elliott-tool.com\/es\/jiffy-gun\/#primaryimage","url":"https:\/\/www.elliott-tool.com\/wp-content\/uploads\/2017\/07\/Jiffy-Gun.Search.jpg","contentUrl":"https:\/\/www.elliott-tool.com\/wp-content\/uploads\/2017\/07\/Jiffy-Gun.Search.jpg","width":320,"height":200},{"@type":"BreadcrumbList","@id":"https:\/\/www.elliott-tool.com\/es\/jiffy-gun\/#breadcrumb","itemListElement":[{"@type":"ListItem","position":1,"name":"Home","item":"https:\/\/www.elliott-tool.com\/es\/"},{"@type":"ListItem","position":2,"name":"Jiffy Gun"}]},{"@type":"WebSite","@id":"https:\/\/www.elliott-tool.com\/#website","url":"https:\/\/www.elliott-tool.com\/","name":"Elliott Tool Technologies","description":"Quality Tube Tools For An &quot;I Need It Yesterday World&quot;.","alternateName":"Elliott Tool","potentialAction":[{"@type":"SearchAction","target":{"@type":"EntryPoint","urlTemplate":"https:\/\/www.elliott-tool.com\/?s={search_term_string}"},"query-input":"required name=search_term_string"}],"inLanguage":"es"}]}},"_links":{"self":[{"href":"https:\/\/www.elliott-tool.com\/es\/wp-json\/wp\/v2\/pages\/3008"}],"collection":[{"href":"https:\/\/www.elliott-tool.com\/es\/wp-json\/wp\/v2\/pages"}],"about":[{"href":"https:\/\/www.elliott-tool.com\/es\/wp-json\/wp\/v2\/types\/page"}],"author":[{"embeddable":true,"href":"https:\/\/www.elliott-tool.com\/es\/wp-json\/wp\/v2\/users\/2"}],"replies":[{"embeddable":true,"href":"https:\/\/www.elliott-tool.com\/es\/wp-json\/wp\/v2\/comments?post=3008"}],"version-history":[{"count":23,"href":"https:\/\/www.elliott-tool.com\/es\/wp-json\/wp\/v2\/pages\/3008\/revisions"}],"predecessor-version":[{"id":3053,"href":"https:\/\/www.elliott-tool.com\/es\/wp-json\/wp\/v2\/pages\/3008\/revisions\/3053"}],"wp:featuredmedia":[{"embeddable":true,"href":"https:\/\/www.elliott-tool.com\/es\/wp-json\/wp\/v2\/media\/7981"}],"wp:attachment":[{"href":"https:\/\/www.elliott-tool.com\/es\/wp-json\/wp\/v2\/media?parent=3008"}],"curies":[{"name":"wp","href":"https:\/\/api.w.org\/{rel}","templated":true}]}}