{"id":17015,"date":"2023-04-20T13:21:36","date_gmt":"2023-04-20T18:21:36","guid":{"rendered":"https:\/\/www.elliott-tool.com\/mangueras-operativas\/especificaciones-de-la-manguera-de-operacion\/"},"modified":"2023-04-20T13:25:11","modified_gmt":"2023-04-20T18:25:11","slug":"especificacion","status":"publish","type":"page","link":"https:\/\/www.elliott-tool.com\/es\/mangueras-operativas\/especificacion\/","title":{"rendered":"Especificaciones de la manguera de operaci\u00f3n"},"content":{"rendered":"<div class=\"fusion-fullwidth fullwidth-box fusion-builder-row-1 nonhundred-percent-fullwidth non-hundred-percent-height-scrolling\" style=\"--awb-border-radius-top-left:0px;--awb-border-radius-top-right:0px;--awb-border-radius-bottom-right:0px;--awb-border-radius-bottom-left:0px;--awb-padding-right:20%;--awb-padding-left:20%;\" ><div class=\"fusion-builder-row fusion-row\"><div class=\"fusion-layout-column fusion_builder_column fusion-builder-column-0 fusion_builder_column_1_2 1_2 fusion-one-half fusion-column-first\" style=\"--awb-bg-size:cover;width:50%;width:calc(50% - ( ( 4% ) * 0.5 ) );margin-right: 4%;\"><div class=\"fusion-column-wrapper fusion-flex-column-wrapper-legacy\"><div class=\"fusion-text fusion-text-1\"><h4 style=\"text-align: left;\">Serie 85<\/h4>\n<\/div><div class=\"fusion-text fusion-text-2\"><h5>Mangueras Operativas<\/h5>\n<\/div><div class=\"fusion-clearfix\"><\/div><\/div><\/div><div class=\"fusion-layout-column fusion_builder_column fusion-builder-column-1 fusion_builder_column_1_2 1_2 fusion-one-half fusion-column-last\" style=\"--awb-bg-size:cover;width:50%;width:calc(50% - ( ( 4% ) * 0.5 ) );\"><div class=\"fusion-column-wrapper fusion-flex-column-wrapper-legacy\"><div class=\"fusion-text fusion-text-3\"><p style=\"text-align: right;\"><a href=\"\/es\/mangueras-operativas\/\">Descripci\u00f3n<\/a> \u00a0 \u00a0 \u00a0\u00a0<a href=\"\/es\/mangueras-operativas\/especificacion\/\">Especificaciones<\/a><\/p>\n<\/div><div class=\"fusion-clearfix\"><\/div><\/div><\/div><div class=\"fusion-layout-column fusion_builder_column fusion-builder-column-2 fusion_builder_column_1_1 1_1 fusion-one-full fusion-column-first fusion-column-last\" style=\"--awb-bg-size:cover;\"><div class=\"fusion-column-wrapper fusion-flex-column-wrapper-legacy\"><div class=\"fusion-sep-clear\"><\/div><div class=\"fusion-separator fusion-full-width-sep\" style=\"margin-left: auto;margin-right: auto;width:100%;\"><div class=\"fusion-separator-border sep-single sep-solid\" style=\"--awb-height:20px;--awb-amount:20px;border-color:#e0dede;border-top-width:1px;\"><\/div><\/div><div class=\"fusion-sep-clear\"><\/div><div class=\"fusion-clearfix\"><\/div><\/div><\/div><\/div><\/div><div class=\"fusion-fullwidth fullwidth-box fusion-builder-row-2 hundred-percent-fullwidth non-hundred-percent-height-scrolling fusion-equal-height-columns\" style=\"--awb-border-radius-top-left:0px;--awb-border-radius-top-right:0px;--awb-border-radius-bottom-right:0px;--awb-border-radius-bottom-left:0px;--awb-padding-right:40px;--awb-padding-left:40px;\" ><div class=\"fusion-builder-row fusion-row\"><div class=\"fusion-layout-column fusion_builder_column fusion-builder-column-3 fusion_builder_column_1_1 1_1 fusion-one-full fusion-column-first fusion-column-last\" style=\"--awb-bg-size:cover;\"><div class=\"fusion-column-wrapper fusion-flex-column-wrapper-legacy\"><div class=\"fusion-title title fusion-title-1 fusion-sep-none fusion-title-text fusion-title-size-two\" style=\"--awb-margin-bottom:0px;--awb-sep-color:#e2e0e0;\"><h2 class=\"title-heading-left fusion-responsive-typography-calculated\" style=\"margin:0;--fontSize:34;line-height:1.5;\"><h2>Mangueras Operativas<\/h2><\/h2><\/div><div class=\"fusion-clearfix\"><\/div><\/div><\/div><\/div><\/div><div class=\"fusion-fullwidth fullwidth-box fusion-builder-row-3 nonhundred-percent-fullwidth non-hundred-percent-height-scrolling\" style=\"--awb-border-radius-top-left:0px;--awb-border-radius-top-right:0px;--awb-border-radius-bottom-right:0px;--awb-border-radius-bottom-left:0px;\" ><div class=\"fusion-builder-row fusion-row\"><div class=\"fusion-layout-column fusion_builder_column fusion-builder-column-4 fusion_builder_column_1_4 1_4 fusion-one-fourth fusion-column-first\" style=\"--awb-bg-size:cover;width:25%;width:calc(25% - ( ( 4% + 4% ) * 0.25 ) );margin-right: 4%;\"><div class=\"fusion-column-wrapper fusion-flex-column-wrapper-legacy\"><div class=\"fusion-clearfix\"><\/div><\/div><\/div><div class=\"fusion-layout-column fusion_builder_column fusion-builder-column-5 fusion_builder_column_1_2 1_2 fusion-one-half\" style=\"--awb-bg-size:cover;width:50%;width:calc(50% - ( ( 4% + 4% ) * 0.5 ) );margin-right: 4%;\"><div class=\"fusion-column-wrapper fusion-flex-column-wrapper-legacy\"><div class=\"fusion-image-element fusion-image-align-center in-legacy-container\" style=\"text-align:center;--awb-caption-title-font-family:var(--h2_typography-font-family);--awb-caption-title-font-weight:var(--h2_typography-font-weight);--awb-caption-title-font-style:var(--h2_typography-font-style);--awb-caption-title-size:var(--h2_typography-font-size);--awb-caption-title-transform:var(--h2_typography-text-transform);--awb-caption-title-line-height:var(--h2_typography-line-height);--awb-caption-title-letter-spacing:var(--h2_typography-letter-spacing);\"><div class=\"imageframe-align-center\"><span class=\" fusion-imageframe imageframe-none imageframe-1 hover-type-none\" class=\"image-magnify\" class=\"image-scroll\"><img decoding=\"async\" width=\"320\" height=\"200\" alt=\"Operating Hose\" title=\"HD-Operating-Hose.Search\" src=\"https:\/\/www.elliott-tool.com\/wp-content\/uploads\/2021\/11\/HD-Operating-Hose.Search.jpg\" data-orig-src=\"https:\/\/www.elliott-tool.com\/wp-content\/uploads\/2021\/11\/HD-Operating-Hose.Search.jpg\" class=\"lazyload img-responsive wp-image-14541\" srcset=\"data:image\/svg+xml,%3Csvg%20xmlns%3D%27http%3A%2F%2Fwww.w3.org%2F2000%2Fsvg%27%20width%3D%27320%27%20height%3D%27200%27%20viewBox%3D%270%200%20320%20200%27%3E%3Crect%20width%3D%27320%27%20height%3D%27200%27%20fill-opacity%3D%220%22%2F%3E%3C%2Fsvg%3E\" data-srcset=\"https:\/\/www.elliott-tool.com\/wp-content\/uploads\/2021\/11\/HD-Operating-Hose.Search-200x125.jpg 200w, https:\/\/www.elliott-tool.com\/wp-content\/uploads\/2021\/11\/HD-Operating-Hose.Search.jpg 320w\" data-sizes=\"auto\" data-orig-sizes=\"(max-width: 800px) 100vw, 320px\" \/><\/span><\/div><\/div><div class=\"fusion-clearfix\"><\/div><\/div><\/div><div class=\"fusion-layout-column fusion_builder_column fusion-builder-column-6 fusion_builder_column_1_4 1_4 fusion-one-fourth fusion-column-last\" style=\"--awb-bg-size:cover;width:25%;width:calc(25% - ( ( 4% + 4% ) * 0.25 ) );\"><div class=\"fusion-column-wrapper fusion-flex-column-wrapper-legacy\"><div class=\"fusion-clearfix\"><\/div><\/div><\/div><\/div><\/div><div class=\"fusion-fullwidth fullwidth-box fusion-builder-row-4 hundred-percent-fullwidth non-hundred-percent-height-scrolling\" style=\"--awb-border-radius-top-left:0px;--awb-border-radius-top-right:0px;--awb-border-radius-bottom-right:0px;--awb-border-radius-bottom-left:0px;\" ><div class=\"fusion-builder-row fusion-row\"><div class=\"fusion-layout-column fusion_builder_column fusion-builder-column-7 fusion_builder_column_1_1 1_1 fusion-one-full fusion-column-first fusion-column-last\" style=\"--awb-bg-size:cover;\"><div class=\"fusion-column-wrapper fusion-flex-column-wrapper-legacy\"><div class=\"fusion-sep-clear\"><\/div><div class=\"fusion-separator fusion-full-width-sep\" style=\"margin-left: auto;margin-right: auto;margin-top:10px;width:100%;max-width:100%;\"><div class=\"fusion-separator-border sep-single sep-solid\" style=\"--awb-height:20px;--awb-amount:20px;--awb-sep-color:#e2e0e0;border-color:#e2e0e0;border-top-width:1px;\"><\/div><\/div><div class=\"fusion-sep-clear\"><\/div><div class=\"fusion-clearfix\"><\/div><\/div><\/div><\/div><\/div><div class=\"fusion-fullwidth fullwidth-box fusion-builder-row-5 nonhundred-percent-fullwidth non-hundred-percent-height-scrolling\" style=\"--awb-border-radius-top-left:0px;--awb-border-radius-top-right:0px;--awb-border-radius-bottom-right:0px;--awb-border-radius-bottom-left:0px;--awb-padding-right:40px;--awb-padding-left:40px;--awb-margin-top:15px;\" ><div class=\"fusion-builder-row fusion-row\"><div class=\"fusion-layout-column fusion_builder_column fusion-builder-column-8 fusion_builder_column_1_4 1_4 fusion-one-fourth fusion-column-first\" style=\"--awb-bg-size:cover;width:25%;width:calc(25% - ( ( 4% ) * 0.25 ) );margin-right: 4%;\"><div class=\"fusion-column-wrapper fusion-flex-column-wrapper-legacy\"><div class=\"fusion-title title fusion-title-2 fusion-sep-none fusion-title-text fusion-title-size-one\"><h1 class=\"title-heading-left fusion-responsive-typography-calculated\" style=\"margin:0;--fontSize:38;line-height:1.4;\"><h3 class=\"ett-red\">Cinta de Tefl\u00f3n<\/h3><\/h1><\/div><div class=\"fusion-clearfix\"><\/div><\/div><\/div><div class=\"fusion-layout-column fusion_builder_column fusion-builder-column-9 fusion_builder_column_1_2 1_2 fusion-one-half fusion-column-last\" style=\"--awb-bg-size:cover;width:50%;width:calc(50% - ( ( 4% ) * 0.5 ) );\"><div class=\"fusion-column-wrapper fusion-flex-column-wrapper-legacy\"><div class=\"fusion-text fusion-text-4\"><h4 style=\"text-align: center;\">1\/8&#8243; a 1-1\/4&#8243;<br \/>\n(3.18 a 31.8mm)<\/h4>\n<\/div><div class=\"fusion-clearfix\"><\/div><\/div><\/div><\/div><\/div><div class=\"fusion-fullwidth fullwidth-box fusion-builder-row-6 hundred-percent-fullwidth non-hundred-percent-height-scrolling\" style=\"--awb-border-radius-top-left:0px;--awb-border-radius-top-right:0px;--awb-border-radius-bottom-right:0px;--awb-border-radius-bottom-left:0px;\" ><div class=\"fusion-builder-row fusion-row\"><div class=\"fusion-layout-column fusion_builder_column fusion-builder-column-10 fusion_builder_column_1_1 1_1 fusion-one-full fusion-column-first fusion-column-last\" style=\"--awb-bg-size:cover;\"><div class=\"fusion-column-wrapper fusion-flex-column-wrapper-legacy\"><div class=\"fusion-sep-clear\"><\/div><div class=\"fusion-separator fusion-full-width-sep\" style=\"margin-left: auto;margin-right: auto;margin-top:10px;width:100%;max-width:100%;\"><div class=\"fusion-separator-border sep-single sep-solid\" style=\"--awb-height:20px;--awb-amount:20px;--awb-sep-color:#e2e0e0;border-color:#e2e0e0;border-top-width:1px;\"><\/div><\/div><div class=\"fusion-sep-clear\"><\/div><div class=\"fusion-clearfix\"><\/div><\/div><\/div><\/div><\/div><div class=\"fusion-fullwidth fullwidth-box fusion-builder-row-7 nonhundred-percent-fullwidth non-hundred-percent-height-scrolling\" style=\"--awb-border-radius-top-left:0px;--awb-border-radius-top-right:0px;--awb-border-radius-bottom-right:0px;--awb-border-radius-bottom-left:0px;--awb-padding-right:40px;--awb-padding-left:40px;--awb-margin-top:15px;\" ><div class=\"fusion-builder-row fusion-row\"><div class=\"fusion-layout-column fusion_builder_column fusion-builder-column-11 fusion_builder_column_1_4 1_4 fusion-one-fourth fusion-column-first\" style=\"--awb-bg-size:cover;width:25%;width:calc(25% - ( ( 4% ) * 0.25 ) );margin-right: 4%;\"><div class=\"fusion-column-wrapper fusion-flex-column-wrapper-legacy\"><div class=\"fusion-title title fusion-title-3 fusion-sep-none fusion-title-text fusion-title-size-one\"><h1 class=\"title-heading-left fusion-responsive-typography-calculated\" style=\"margin:0;--fontSize:38;line-height:1.4;\"><h3 class=\"ett-red\">Mangueras Operativas<\/h3><\/h1><\/div><div class=\"fusion-clearfix\"><\/div><\/div><\/div><div class=\"fusion-layout-column fusion_builder_column fusion-builder-column-12 fusion_builder_column_1_2 1_2 fusion-one-half fusion-column-last\" style=\"--awb-bg-size:cover;width:50%;width:calc(50% - ( ( 4% ) * 0.5 ) );\"><div class=\"fusion-column-wrapper fusion-flex-column-wrapper-legacy\"><div class=\"fusion-column-content-centered\"><div class=\"fusion-column-content\">\n<div class=\"table-1\">\n<table width=\"100%\">\n<thead>\n<tr>\n<th style=\"text-align: center;\" align=\"center\"><b>Cinta de Tefl\u00f3n<\/b><\/th>\n<th style=\"text-align: center;\" align=\"center\"><b>Di\u00e1metro Exterior M\u00e1ximo de la Manguera<\/b><\/th>\n<th style=\"text-align: center;\" align=\"left\"><b>Manguera Est\u00e1ndar<\/b><\/th>\n<th style=\"text-align: center;\" align=\"left\"><b>Manguera de Gran Resistencia<\/b><\/th>\n<th style=\"text-align: center;\" align=\"left\"><b>Manguera para Altas Temperaturas*<\/b><\/th>\n<\/tr>\n<\/thead>\n<tbody>\n<tr>\n<td align=\"center\">1\/8&#8243;<br \/>\n(3.18mm)<\/td>\n<td align=\"center\">15\/32&#8243;<br \/>\n(11.9mm)<\/td>\n<td style=\"text-align: center;\" align=\"left\">85HS012-XX<\/td>\n<td style=\"text-align: center;\" align=\"left\">&#8211;<\/td>\n<td style=\"text-align: center;\" align=\"left\">&#8211;<\/td>\n<\/tr>\n<tr>\n<td align=\"center\">1\/4&#8243;<br \/>\n(6.35mm)<\/td>\n<td align=\"center\">1\/2&#8243;<br \/>\n(12.7mm)<\/td>\n<td style=\"text-align: center;\" align=\"left\">85HS025-XX<\/td>\n<td style=\"text-align: center;\" align=\"left\">&#8211;<\/td>\n<td style=\"text-align: center;\" align=\"left\">85HT025-XX<\/td>\n<\/tr>\n<tr>\n<td align=\"center\">3\/8&#8243;<br \/>\n(9.56mm)<\/td>\n<td align=\"center\">11\/16&#8243;<br \/>\n(17.5mm)<\/td>\n<td style=\"text-align: center;\" align=\"left\">85HS037-XX<\/td>\n<td style=\"text-align: center;\" align=\"left\">&#8211;<\/td>\n<td style=\"text-align: center;\" align=\"left\">85HT037-XX<\/td>\n<\/tr>\n<tr>\n<td align=\"center\">1\/2&#8243;<br \/>\n(12.7mm)<\/td>\n<td align=\"center\">1-1\/8&#8243;<br \/>\n(26.6mm)<\/td>\n<td style=\"text-align: center;\" align=\"left\">&#8211;<\/td>\n<td style=\"text-align: center;\" align=\"left\">85HD050-XX<\/td>\n<td style=\"text-align: center;\" align=\"left\">85HT050-XX<\/td>\n<\/tr>\n<tr>\n<td align=\"center\">3\/4&#8243;<br \/>\n(19.1mm)<\/td>\n<td align=\"center\">1-1\/2&#8243;<br \/>\n(38.1mm)<\/td>\n<td style=\"text-align: center;\" align=\"left\">&#8211;<\/td>\n<td style=\"text-align: center;\" align=\"left\">85HD075-XX<\/td>\n<td style=\"text-align: center;\" align=\"left\">85HT075-XX<\/td>\n<\/tr>\n<tr>\n<td style=\"text-align: center;\" align=\"left\">1&#8243;<br \/>\n(25.4mm)<\/td>\n<td style=\"text-align: center;\" align=\"left\">1-3\/4&#8243;<br \/>\n(44.5mm)<\/td>\n<td style=\"text-align: center;\" align=\"left\">&#8211;<\/td>\n<td style=\"text-align: center;\" align=\"left\">85HD100-XX<\/td>\n<td style=\"text-align: center;\" align=\"left\">85HT100-XX<\/td>\n<\/tr>\n<tr>\n<td style=\"text-align: center;\" align=\"left\">1-1\/4&#8243;<br \/>\n(31.8mm)<\/td>\n<td style=\"text-align: center;\" align=\"left\">2&#8243;<br \/>\n(50.8mm)<\/td>\n<td style=\"text-align: center;\" align=\"left\">&#8211;<\/td>\n<td style=\"text-align: center;\" align=\"left\">85HD125-XX<\/td>\n<td style=\"text-align: center;\" align=\"left\">&#8211;<\/td>\n<\/tr>\n<\/tbody>\n<\/table>\n<p>Reemplace \u201cXX\u201d con \u201c25\u201d o \u201c50\u201d para indicar una longitud de 25&#8242; o 50&#8242;.<br \/>\n*Las mangueras para altas temperaturas est\u00e1n disponibles en longitudes de 10&#8242; y 25&#8242;.<\/p>\n<\/div>\n<\/div><\/div><div class=\"fusion-clearfix\"><\/div><\/div><\/div><\/div><\/div><div class=\"fusion-fullwidth fullwidth-box fusion-builder-row-8 hundred-percent-fullwidth non-hundred-percent-height-scrolling\" style=\"--awb-border-radius-top-left:0px;--awb-border-radius-top-right:0px;--awb-border-radius-bottom-right:0px;--awb-border-radius-bottom-left:0px;--awb-padding-top:20px;--awb-background-color:#cccccc;\" ><div class=\"fusion-builder-row fusion-row\"><div class=\"fusion-layout-column fusion_builder_column fusion-builder-column-13 fusion_builder_column_1_1 1_1 fusion-one-full fusion-column-first fusion-column-last\" style=\"--awb-padding-right:30px;--awb-padding-left:30px;--awb-bg-size:cover;\"><div class=\"fusion-column-wrapper fusion-column-has-shadow fusion-flex-column-wrapper-legacy\"><div class=\"fusion-button-wrapper\"><a class=\"fusion-button button-flat button-medium button-custom fusion-button-default button-1 fusion-button-default-span fusion-button-default-type\" style=\"--button_accent_color:#ffffff;--button_accent_hover_color:#ffffff;--button_border_hover_color:#ffffff;--button_gradient_top_color:#bf000d;--button_gradient_bottom_color:#bf000d;--button_gradient_top_color_hover:#545454;--button_gradient_bottom_color_hover:#545454;\" target=\"_self\" href=\"https:\/\/www.elliott-tool.com\/es\/contactenos\/\"><span class=\"fusion-button-text\">P\u00f3ngase en contacto con nosotros para obtener m\u00e1s informaci\u00f3n o solicitar un presupuesto.<\/span><\/a><\/div><div class=\"fusion-clearfix\"><\/div><\/div><\/div><\/div><\/div>\n","protected":false},"excerpt":{"rendered":"Serie 85 Mangueras Operativas Descripci\u00f3n \u00a0 \u00a0 \u00a0\u00a0Especificaciones Mangueras OperativasCinta de Tefl\u00f3n1\/8\" a 1-1\/4\" (3.18 a 31.8mm) Mangueras Operativas Cinta de Tefl\u00f3n Di\u00e1metro Exterior M\u00e1ximo de la [...]","protected":false},"author":2,"featured_media":14541,"parent":14659,"menu_order":0,"comment_status":"closed","ping_status":"closed","template":"","meta":{"content-type":"","footnotes":""},"yoast_head":"<!-- This site is optimized with the Yoast SEO plugin v23.1 - https:\/\/yoast.com\/wordpress\/plugins\/seo\/ -->\n<title>Especificaciones de la manguera de operaci\u00f3n - Elliott Tool Technologies<\/title>\n<meta name=\"robots\" content=\"index, follow, max-snippet:-1, max-image-preview:large, max-video-preview:-1\" \/>\n<link rel=\"canonical\" href=\"https:\/\/www.elliott-tool.com\/es\/mangueras-operativas\/especificacion\/\" \/>\n<meta property=\"og:locale\" content=\"es_ES\" \/>\n<meta property=\"og:type\" content=\"article\" \/>\n<meta property=\"og:title\" content=\"Especificaciones de la manguera de operaci\u00f3n - Elliott Tool Technologies\" \/>\n<meta property=\"og:url\" content=\"https:\/\/www.elliott-tool.com\/es\/mangueras-operativas\/especificacion\/\" \/>\n<meta property=\"og:site_name\" content=\"Elliott Tool Technologies\" \/>\n<meta property=\"article:publisher\" content=\"https:\/\/www.facebook.com\/elliotttool\" \/>\n<meta property=\"article:modified_time\" content=\"2023-04-20T18:25:11+00:00\" \/>\n<meta property=\"og:image\" content=\"https:\/\/www.elliott-tool.com\/wp-content\/uploads\/2021\/11\/HD-Operating-Hose.Search.jpg\" \/>\n\t<meta property=\"og:image:width\" content=\"320\" \/>\n\t<meta property=\"og:image:height\" content=\"200\" \/>\n\t<meta property=\"og:image:type\" content=\"image\/jpeg\" \/>\n<meta name=\"twitter:card\" content=\"summary_large_image\" \/>\n<meta name=\"twitter:label1\" content=\"Tiempo de lectura\" \/>\n\t<meta name=\"twitter:data1\" content=\"21 minutos\" \/>\n<script type=\"application\/ld+json\" class=\"yoast-schema-graph\">{\"@context\":\"https:\/\/schema.org\",\"@graph\":[{\"@type\":\"WebPage\",\"@id\":\"https:\/\/www.elliott-tool.com\/es\/mangueras-operativas\/especificacion\/\",\"url\":\"https:\/\/www.elliott-tool.com\/es\/mangueras-operativas\/especificacion\/\",\"name\":\"Especificaciones de la manguera de operaci\u00f3n - Elliott Tool Technologies\",\"isPartOf\":{\"@id\":\"https:\/\/www.elliott-tool.com\/#website\"},\"primaryImageOfPage\":{\"@id\":\"https:\/\/www.elliott-tool.com\/es\/mangueras-operativas\/especificacion\/#primaryimage\"},\"image\":{\"@id\":\"https:\/\/www.elliott-tool.com\/es\/mangueras-operativas\/especificacion\/#primaryimage\"},\"thumbnailUrl\":\"https:\/\/www.elliott-tool.com\/wp-content\/uploads\/2021\/11\/HD-Operating-Hose.Search.jpg\",\"datePublished\":\"2023-04-20T18:21:36+00:00\",\"dateModified\":\"2023-04-20T18:25:11+00:00\",\"breadcrumb\":{\"@id\":\"https:\/\/www.elliott-tool.com\/es\/mangueras-operativas\/especificacion\/#breadcrumb\"},\"inLanguage\":\"es\",\"potentialAction\":[{\"@type\":\"ReadAction\",\"target\":[\"https:\/\/www.elliott-tool.com\/es\/mangueras-operativas\/especificacion\/\"]}]},{\"@type\":\"ImageObject\",\"inLanguage\":\"es\",\"@id\":\"https:\/\/www.elliott-tool.com\/es\/mangueras-operativas\/especificacion\/#primaryimage\",\"url\":\"https:\/\/www.elliott-tool.com\/wp-content\/uploads\/2021\/11\/HD-Operating-Hose.Search.jpg\",\"contentUrl\":\"https:\/\/www.elliott-tool.com\/wp-content\/uploads\/2021\/11\/HD-Operating-Hose.Search.jpg\",\"width\":320,\"height\":200},{\"@type\":\"BreadcrumbList\",\"@id\":\"https:\/\/www.elliott-tool.com\/es\/mangueras-operativas\/especificacion\/#breadcrumb\",\"itemListElement\":[{\"@type\":\"ListItem\",\"position\":1,\"name\":\"Home\",\"item\":\"https:\/\/www.elliott-tool.com\/es\/\"},{\"@type\":\"ListItem\",\"position\":2,\"name\":\"Mangueras operativas\",\"item\":\"https:\/\/www.elliott-tool.com\/es\/mangueras-operativas\/\"},{\"@type\":\"ListItem\",\"position\":3,\"name\":\"Especificaciones de la manguera de operaci\u00f3n\"}]},{\"@type\":\"WebSite\",\"@id\":\"https:\/\/www.elliott-tool.com\/#website\",\"url\":\"https:\/\/www.elliott-tool.com\/\",\"name\":\"Elliott Tool Technologies\",\"description\":\"Quality Tube Tools For An &quot;I Need It Yesterday World&quot;.\",\"alternateName\":\"Elliott Tool\",\"potentialAction\":[{\"@type\":\"SearchAction\",\"target\":{\"@type\":\"EntryPoint\",\"urlTemplate\":\"https:\/\/www.elliott-tool.com\/?s={search_term_string}\"},\"query-input\":\"required name=search_term_string\"}],\"inLanguage\":\"es\"}]}<\/script>\n<!-- \/ Yoast SEO plugin. -->","yoast_head_json":{"title":"Especificaciones de la manguera de operaci\u00f3n - Elliott Tool Technologies","robots":{"index":"index","follow":"follow","max-snippet":"max-snippet:-1","max-image-preview":"max-image-preview:large","max-video-preview":"max-video-preview:-1"},"canonical":"https:\/\/www.elliott-tool.com\/es\/mangueras-operativas\/especificacion\/","og_locale":"es_ES","og_type":"article","og_title":"Especificaciones de la manguera de operaci\u00f3n - Elliott Tool Technologies","og_url":"https:\/\/www.elliott-tool.com\/es\/mangueras-operativas\/especificacion\/","og_site_name":"Elliott Tool Technologies","article_publisher":"https:\/\/www.facebook.com\/elliotttool","article_modified_time":"2023-04-20T18:25:11+00:00","og_image":[{"width":320,"height":200,"url":"https:\/\/www.elliott-tool.com\/wp-content\/uploads\/2021\/11\/HD-Operating-Hose.Search.jpg","type":"image\/jpeg"}],"twitter_card":"summary_large_image","twitter_misc":{"Tiempo de lectura":"21 minutos"},"schema":{"@context":"https:\/\/schema.org","@graph":[{"@type":"WebPage","@id":"https:\/\/www.elliott-tool.com\/es\/mangueras-operativas\/especificacion\/","url":"https:\/\/www.elliott-tool.com\/es\/mangueras-operativas\/especificacion\/","name":"Especificaciones de la manguera de operaci\u00f3n - Elliott Tool Technologies","isPartOf":{"@id":"https:\/\/www.elliott-tool.com\/#website"},"primaryImageOfPage":{"@id":"https:\/\/www.elliott-tool.com\/es\/mangueras-operativas\/especificacion\/#primaryimage"},"image":{"@id":"https:\/\/www.elliott-tool.com\/es\/mangueras-operativas\/especificacion\/#primaryimage"},"thumbnailUrl":"https:\/\/www.elliott-tool.com\/wp-content\/uploads\/2021\/11\/HD-Operating-Hose.Search.jpg","datePublished":"2023-04-20T18:21:36+00:00","dateModified":"2023-04-20T18:25:11+00:00","breadcrumb":{"@id":"https:\/\/www.elliott-tool.com\/es\/mangueras-operativas\/especificacion\/#breadcrumb"},"inLanguage":"es","potentialAction":[{"@type":"ReadAction","target":["https:\/\/www.elliott-tool.com\/es\/mangueras-operativas\/especificacion\/"]}]},{"@type":"ImageObject","inLanguage":"es","@id":"https:\/\/www.elliott-tool.com\/es\/mangueras-operativas\/especificacion\/#primaryimage","url":"https:\/\/www.elliott-tool.com\/wp-content\/uploads\/2021\/11\/HD-Operating-Hose.Search.jpg","contentUrl":"https:\/\/www.elliott-tool.com\/wp-content\/uploads\/2021\/11\/HD-Operating-Hose.Search.jpg","width":320,"height":200},{"@type":"BreadcrumbList","@id":"https:\/\/www.elliott-tool.com\/es\/mangueras-operativas\/especificacion\/#breadcrumb","itemListElement":[{"@type":"ListItem","position":1,"name":"Home","item":"https:\/\/www.elliott-tool.com\/es\/"},{"@type":"ListItem","position":2,"name":"Mangueras operativas","item":"https:\/\/www.elliott-tool.com\/es\/mangueras-operativas\/"},{"@type":"ListItem","position":3,"name":"Especificaciones de la manguera de operaci\u00f3n"}]},{"@type":"WebSite","@id":"https:\/\/www.elliott-tool.com\/#website","url":"https:\/\/www.elliott-tool.com\/","name":"Elliott Tool Technologies","description":"Quality Tube Tools For An &quot;I Need It Yesterday World&quot;.","alternateName":"Elliott Tool","potentialAction":[{"@type":"SearchAction","target":{"@type":"EntryPoint","urlTemplate":"https:\/\/www.elliott-tool.com\/?s={search_term_string}"},"query-input":"required name=search_term_string"}],"inLanguage":"es"}]}},"_links":{"self":[{"href":"https:\/\/www.elliott-tool.com\/es\/wp-json\/wp\/v2\/pages\/17015"}],"collection":[{"href":"https:\/\/www.elliott-tool.com\/es\/wp-json\/wp\/v2\/pages"}],"about":[{"href":"https:\/\/www.elliott-tool.com\/es\/wp-json\/wp\/v2\/types\/page"}],"author":[{"embeddable":true,"href":"https:\/\/www.elliott-tool.com\/es\/wp-json\/wp\/v2\/users\/2"}],"replies":[{"embeddable":true,"href":"https:\/\/www.elliott-tool.com\/es\/wp-json\/wp\/v2\/comments?post=17015"}],"version-history":[{"count":7,"href":"https:\/\/www.elliott-tool.com\/es\/wp-json\/wp\/v2\/pages\/17015\/revisions"}],"predecessor-version":[{"id":17022,"href":"https:\/\/www.elliott-tool.com\/es\/wp-json\/wp\/v2\/pages\/17015\/revisions\/17022"}],"up":[{"embeddable":true,"href":"https:\/\/www.elliott-tool.com\/es\/wp-json\/wp\/v2\/pages\/14659"}],"wp:featuredmedia":[{"embeddable":true,"href":"https:\/\/www.elliott-tool.com\/es\/wp-json\/wp\/v2\/media\/14541"}],"wp:attachment":[{"href":"https:\/\/www.elliott-tool.com\/es\/wp-json\/wp\/v2\/media?parent=17015"}],"curies":[{"name":"wp","href":"https:\/\/api.w.org\/{rel}","templated":true}]}}