{"id":15690,"date":"2022-06-24T15:49:13","date_gmt":"2022-06-24T20:49:13","guid":{"rendered":"https:\/\/www.elliott-tool.com\/tapones-y-juntas-de-cabecera\/"},"modified":"2024-05-28T14:14:42","modified_gmt":"2024-05-28T19:14:42","slug":"tapon-cabezal","status":"publish","type":"page","link":"https:\/\/www.elliott-tool.com\/es\/tapon-cabezal\/","title":{"rendered":"Tap\u00f3n de cabezal y sello"},"content":{"rendered":"<div class=\"fusion-fullwidth fullwidth-box fusion-builder-row-1 nonhundred-percent-fullwidth non-hundred-percent-height-scrolling\" style=\"--awb-border-radius-top-left:0px;--awb-border-radius-top-right:0px;--awb-border-radius-bottom-right:0px;--awb-border-radius-bottom-left:0px;--awb-padding-right:20%;--awb-padding-left:20%;\" ><div class=\"fusion-builder-row fusion-row\"><div class=\"fusion-layout-column fusion_builder_column fusion-builder-column-0 fusion_builder_column_1_2 1_2 fusion-one-half fusion-column-first\" style=\"--awb-bg-size:cover;width:50%;width:calc(50% - ( ( 4% ) * 0.5 ) );margin-right: 4%;\"><div class=\"fusion-column-wrapper fusion-flex-column-wrapper-legacy\"><div class=\"fusion-text fusion-text-1\"><h4 style=\"text-align: left;\">Tap\u00f3n de cabezal y sello<\/h4>\n<\/div><div class=\"fusion-clearfix\"><\/div><\/div><\/div><div class=\"fusion-layout-column fusion_builder_column fusion-builder-column-1 fusion_builder_column_1_2 1_2 fusion-one-half fusion-column-last\" style=\"--awb-bg-size:cover;width:50%;width:calc(50% - ( ( 4% ) * 0.5 ) );\"><div class=\"fusion-column-wrapper fusion-flex-column-wrapper-legacy\"><div class=\"fusion-text fusion-text-2\"><p style=\"text-align: right;\"><a href=\"https:\/\/www.elliott-tool.com\/es\/tapon-cabezal\/\">Descripci\u00f3n<\/a>\u00a0 \u00a0 \u00a0\u00a0<a href=\"https:\/\/www.elliott-tool.com\/es\/tapon-cabezal\/especificaciones\/\"> Especificaciones<\/a> \u00a0 \u00a0 <a href=\"\/media\/catalog\/ESP%20CATALOG%20Header%20Plugs.pdf\" target=\"_blank\" rel=\"noopener\">Pagina del Catalogo<\/a><\/p>\n<\/div><div class=\"fusion-clearfix\"><\/div><\/div><\/div><div class=\"fusion-layout-column fusion_builder_column fusion-builder-column-2 fusion_builder_column_1_1 1_1 fusion-one-full fusion-column-first fusion-column-last\" style=\"--awb-bg-size:cover;\"><div class=\"fusion-column-wrapper fusion-flex-column-wrapper-legacy\"><div class=\"fusion-sep-clear\"><\/div><div class=\"fusion-separator fusion-full-width-sep\" style=\"margin-left: auto;margin-right: auto;width:100%;\"><div class=\"fusion-separator-border sep-single sep-solid\" style=\"--awb-height:20px;--awb-amount:20px;border-color:#e0dede;border-top-width:1px;\"><\/div><\/div><div class=\"fusion-sep-clear\"><\/div><div class=\"fusion-clearfix\"><\/div><\/div><\/div><\/div><\/div><div class=\"fusion-fullwidth fullwidth-box fusion-builder-row-2 nonhundred-percent-fullwidth non-hundred-percent-height-scrolling\" style=\"--awb-border-radius-top-left:0px;--awb-border-radius-top-right:0px;--awb-border-radius-bottom-right:0px;--awb-border-radius-bottom-left:0px;--awb-padding-right:5%;--awb-padding-left:5%;--awb-margin-top:30px;--awb-margin-bottom:20px;\" ><div class=\"fusion-builder-row fusion-row\"><div class=\"fusion-layout-column fusion_builder_column fusion-builder-column-3 fusion_builder_column_1_1 1_1 fusion-one-full fusion-column-first fusion-column-last\" style=\"--awb-bg-size:cover;\"><div class=\"fusion-column-wrapper fusion-flex-column-wrapper-legacy\"><div class=\"fusion-title title fusion-title-1 fusion-sep-none fusion-title-center fusion-title-text fusion-title-size-one\" style=\"--awb-text-color:#bf000d;\"><h1 class=\"title-heading-center fusion-responsive-typography-calculated\" style=\"margin:0;--fontSize:38;line-height:1.4;\">Tapones para Cabezal de Aeroenfriadores disponibles cuando los necesite<\/h1><\/div><div class=\"fusion-title title fusion-title-2 fusion-sep-none fusion-title-center fusion-title-text fusion-title-size-four\"><h4 class=\"title-heading-center fusion-responsive-typography-calculated\" style=\"margin:0;--fontSize:22;--minFontSize:22;line-height:1.5;\">No arriesgue su pr\u00f3ximo trabajo con largos plazos de entrega. Elliott ahora ofrece tapones y juntas de cabecera para ayudarlo a mantenerse en funcionamiento en el trabajo.<\/h4><\/div><div class=\"fusion-clearfix\"><\/div><\/div><\/div><div class=\"fusion-layout-column fusion_builder_column fusion-builder-column-4 fusion_builder_column_3_5 3_5 fusion-three-fifth fusion-column-first\" style=\"--awb-bg-size:cover;width:60%;width:calc(60% - ( ( 4% ) * 0.6 ) );margin-right: 4%;\"><div class=\"fusion-column-wrapper fusion-flex-column-wrapper-legacy\"><div class=\"fusion-image-element fusion-image-align-center in-legacy-container\" style=\"text-align:center;--awb-caption-title-font-family:var(--h2_typography-font-family);--awb-caption-title-font-weight:var(--h2_typography-font-weight);--awb-caption-title-font-style:var(--h2_typography-font-style);--awb-caption-title-size:var(--h2_typography-font-size);--awb-caption-title-transform:var(--h2_typography-text-transform);--awb-caption-title-line-height:var(--h2_typography-line-height);--awb-caption-title-letter-spacing:var(--h2_typography-letter-spacing);\"><div class=\"imageframe-align-center\"><span class=\" fusion-imageframe imageframe-none imageframe-1 hover-type-none fusion-animated\" data-animationType=\"slideInLeft\" data-animationDuration=\"0.3\" data-animationOffset=\"top-mid-of-view\" class=\"image-magnify\" class=\"image-scroll\"><img decoding=\"async\" width=\"800\" height=\"400\" alt=\"Header Plugs\" title=\"Header-Plugs\" src=\"https:\/\/www.elliott-tool.com\/wp-content\/uploads\/2022\/06\/Header-Plugs.jpg\" data-orig-src=\"https:\/\/www.elliott-tool.com\/wp-content\/uploads\/2022\/06\/Header-Plugs.jpg\" class=\"lazyload img-responsive wp-image-15400\" srcset=\"data:image\/svg+xml,%3Csvg%20xmlns%3D%27http%3A%2F%2Fwww.w3.org%2F2000%2Fsvg%27%20width%3D%27800%27%20height%3D%27400%27%20viewBox%3D%270%200%20800%20400%27%3E%3Crect%20width%3D%27800%27%20height%3D%27400%27%20fill-opacity%3D%220%22%2F%3E%3C%2Fsvg%3E\" data-srcset=\"https:\/\/www.elliott-tool.com\/wp-content\/uploads\/2022\/06\/Header-Plugs-200x100.jpg 200w, https:\/\/www.elliott-tool.com\/wp-content\/uploads\/2022\/06\/Header-Plugs-400x200.jpg 400w, https:\/\/www.elliott-tool.com\/wp-content\/uploads\/2022\/06\/Header-Plugs-600x300.jpg 600w, https:\/\/www.elliott-tool.com\/wp-content\/uploads\/2022\/06\/Header-Plugs.jpg 800w\" data-sizes=\"auto\" data-orig-sizes=\"(max-width: 800px) 100vw, 800px\" \/><\/span><\/div><\/div><div class=\"fusion-clearfix\"><\/div><\/div><\/div><div class=\"fusion-layout-column fusion_builder_column fusion-builder-column-5 fusion_builder_column_1_3 1_3 fusion-one-third fusion-column-last\" style=\"--awb-bg-size:cover;width:33.333333333333%;width:calc(33.333333333333% - ( ( 4% ) * 0.33333333333333 ) );\"><div class=\"fusion-column-wrapper fusion-flex-column-wrapper-legacy\"><ul style=\"--awb-size:13px;--awb-line-height:22.1px;--awb-icon-width:22.1px;--awb-icon-height:22.1px;--awb-icon-margin:9.1px;--awb-content-margin:31.2px;--awb-circlecolor:#aa0500;--awb-circle-yes-font-size:11.44px;\" class=\"fusion-checklist fusion-checklist-1 fusion-checklist-default type-icons\"><li class=\"fusion-li-item\" style=\"\"><span class=\"icon-wrapper circle-yes\"><i class=\"fusion-li-icon fa-check fas\" aria-hidden=\"true\"><\/i><\/span><div class=\"fusion-li-item-content\">\n<h3 class=\"ett-dark-gray\" data-fontsize=\"22\" data-lineheight=\"33\">Tama\u00f1o del tap\u00f3n: 0.750&#8243; a 1.375\u2033 (19.05 a 34.9mm)<\/h3>\n<\/div><\/li><li class=\"fusion-li-item\" style=\"\"><span class=\"icon-wrapper circle-yes\"><i class=\"fusion-li-icon fa-check fas\" aria-hidden=\"true\"><\/i><\/span><div class=\"fusion-li-item-content\">\n<h3 class=\"ett-dark-gray\" data-fontsize=\"22\" data-lineheight=\"33\">Tipo: Tap\u00f3n de cabezal y sello<\/h3>\n<\/div><\/li><li class=\"fusion-li-item\" style=\"\"><span class=\"icon-wrapper circle-yes\"><i class=\"fusion-li-icon fa-check fas\" aria-hidden=\"true\"><\/i><\/span><div class=\"fusion-li-item-content\">\n<h3 class=\"ett-dark-gray\" data-fontsize=\"22\" data-lineheight=\"33\">Materiales: Acero al carbono y acero inoxidable 316<\/h3>\n<\/div><\/li><\/ul><div class=\"fusion-clearfix\"><\/div><\/div><\/div><\/div><\/div><div class=\"fusion-fullwidth fullwidth-box fusion-builder-row-3 hundred-percent-fullwidth non-hundred-percent-height-scrolling\" style=\"--awb-border-radius-top-left:0px;--awb-border-radius-top-right:0px;--awb-border-radius-bottom-right:0px;--awb-border-radius-bottom-left:0px;--awb-padding-top:20px;--awb-padding-right:5%;--awb-padding-bottom:40px;--awb-padding-left:5%;--awb-background-color:#8e8e8e;\" ><div class=\"fusion-builder-row fusion-row\"><div class=\"fusion-layout-column fusion_builder_column fusion-builder-column-6 fusion_builder_column_1_1 1_1 fusion-one-full fusion-column-first fusion-column-last\" style=\"--awb-padding-right:20px;--awb-padding-left:20px;--awb-bg-size:cover;\"><div class=\"fusion-column-wrapper fusion-flex-column-wrapper-legacy\"><div class=\"fusion-title title fusion-title-3 fusion-sep-none fusion-title-center fusion-title-text fusion-title-size-two\"><h2 class=\"title-heading-center fusion-responsive-typography-calculated\" style=\"margin:0;--fontSize:34;line-height:1.5;\"><h2 class=\"ett-white\">Obtenga un sello de forma f\u00e1cil y efectiva<\/h2><\/h2><\/div><div class=\"fusion-text fusion-text-3\"><h4 class=\"ett-white\" style=\"text-align: center;\">Dise\u00f1ado para ser utilizado en Aeroenfriadores, simplemente enrosque el tap\u00f3n y arandela en el orificio del cabezal o caja de agua antes de poner el equipo en funcionamiento.<\/h4>\n<\/div><div class=\"fusion-clearfix\"><\/div><\/div><\/div><\/div><\/div><div class=\"fusion-fullwidth fullwidth-box fusion-builder-row-4 hundred-percent-fullwidth non-hundred-percent-height-scrolling\" style=\"--awb-border-radius-top-left:0px;--awb-border-radius-top-right:0px;--awb-border-radius-bottom-right:0px;--awb-border-radius-bottom-left:0px;\" ><div class=\"fusion-builder-row fusion-row\"><div class=\"fusion-layout-column fusion_builder_column fusion-builder-column-7 fusion_builder_column_1_1 1_1 fusion-one-full fusion-column-first fusion-column-last\" style=\"--awb-bg-size:cover;--awb-margin-bottom:0px;\"><div class=\"fusion-column-wrapper fusion-flex-column-wrapper-legacy\"><div class=\"fusion-section-separator section-separator triangle fusion-section-separator-1\" style=\"--awb-border-bottom:11px solid #8e8e8e;--awb-spacer-height:11px;--awb-svg-margin-left:0;--awb-svg-margin-right:0;--awb-icon-color:#ffffff;--awb-icon-top:auto;--awb-icon-bottom:-21px;\"><div class=\"fusion-section-separator-svg\"><div class=\"divider-candy-arrow bottom\" style=\"top:11px;border-top-color: #8e8e8e;\"><\/div><div class=\"divider-candy bottom\" style=\"bottom:-31px;border-bottom:1px solid #8e8e8e;border-left:1px solid #8e8e8e;\"><\/div><\/div><div class=\"fusion-section-separator-spacer\"><div class=\"fusion-section-separator-spacer-height\"><\/div><\/div><\/div><div class=\"fusion-clearfix\"><\/div><\/div><\/div><\/div><\/div><div class=\"fusion-fullwidth fullwidth-box fusion-builder-row-5 hundred-percent-fullwidth non-hundred-percent-height-scrolling\" style=\"--awb-border-radius-top-left:0px;--awb-border-radius-top-right:0px;--awb-border-radius-bottom-right:0px;--awb-border-radius-bottom-left:0px;--awb-padding-right:5%;--awb-padding-left:5%;--awb-margin-top:50px;--awb-margin-bottom:20px;\" ><div class=\"fusion-builder-row fusion-row\"><div class=\"fusion-layout-column fusion_builder_column fusion-builder-column-8 fusion_builder_column_3_5 3_5 fusion-three-fifth fusion-column-first\" style=\"--awb-bg-size:cover;width:60%;width:calc(60% - ( ( 4% ) * 0.6 ) );margin-right: 4%;\"><div class=\"fusion-column-wrapper fusion-flex-column-wrapper-legacy\"><div class=\"fusion-image-element in-legacy-container\" style=\"--awb-caption-title-font-family:var(--h2_typography-font-family);--awb-caption-title-font-weight:var(--h2_typography-font-weight);--awb-caption-title-font-style:var(--h2_typography-font-style);--awb-caption-title-size:var(--h2_typography-font-size);--awb-caption-title-transform:var(--h2_typography-text-transform);--awb-caption-title-line-height:var(--h2_typography-line-height);--awb-caption-title-letter-spacing:var(--h2_typography-letter-spacing);\"><span class=\" fusion-imageframe imageframe-none imageframe-2 hover-type-none\" class=\"image-magnify\" class=\"image-scroll\"><img decoding=\"async\" width=\"800\" height=\"400\" alt=\"Air Cooled Exchanger\" title=\"Header-Plugs-Air-Cooler\" src=\"https:\/\/www.elliott-tool.com\/wp-content\/uploads\/2022\/06\/Header-Plugs-Air-Cooler.jpg\" data-orig-src=\"https:\/\/www.elliott-tool.com\/wp-content\/uploads\/2022\/06\/Header-Plugs-Air-Cooler.jpg\" class=\"lazyload img-responsive wp-image-15404\" srcset=\"data:image\/svg+xml,%3Csvg%20xmlns%3D%27http%3A%2F%2Fwww.w3.org%2F2000%2Fsvg%27%20width%3D%27800%27%20height%3D%27400%27%20viewBox%3D%270%200%20800%20400%27%3E%3Crect%20width%3D%27800%27%20height%3D%27400%27%20fill-opacity%3D%220%22%2F%3E%3C%2Fsvg%3E\" data-srcset=\"https:\/\/www.elliott-tool.com\/wp-content\/uploads\/2022\/06\/Header-Plugs-Air-Cooler-200x100.jpg 200w, https:\/\/www.elliott-tool.com\/wp-content\/uploads\/2022\/06\/Header-Plugs-Air-Cooler-400x200.jpg 400w, https:\/\/www.elliott-tool.com\/wp-content\/uploads\/2022\/06\/Header-Plugs-Air-Cooler-600x300.jpg 600w, https:\/\/www.elliott-tool.com\/wp-content\/uploads\/2022\/06\/Header-Plugs-Air-Cooler.jpg 800w\" data-sizes=\"auto\" data-orig-sizes=\"(max-width: 800px) 100vw, 800px\" \/><\/span><\/div><div class=\"fusion-clearfix\"><\/div><\/div><\/div><div class=\"fusion-layout-column fusion_builder_column fusion-builder-column-9 fusion_builder_column_1_3 1_3 fusion-one-third fusion-column-last\" style=\"--awb-bg-size:cover;width:33.333333333333%;width:calc(33.333333333333% - ( ( 4% ) * 0.33333333333333 ) );\"><div class=\"fusion-column-wrapper fusion-flex-column-wrapper-legacy\"><div class=\"fusion-sep-clear\"><\/div><div class=\"fusion-separator fusion-full-width-sep\" style=\"margin-left: auto;margin-right: auto;margin-top:40px;width:100%;\"><\/div><div class=\"fusion-sep-clear\"><\/div><div class=\"fusion-title title fusion-title-4 fusion-sep-none fusion-title-text fusion-title-size-four\"><h4 class=\"title-heading-left fusion-responsive-typography-calculated\" style=\"margin:0;--fontSize:22;--minFontSize:22;line-height:1.5;\"><p>Los tapones y sellos estan disponmibles en acero inoxidable y acero al carbono en tama\u00f1os de 3\/4&#8243; a 1-3\/8\u201d.<\/p>\n<p>Existen tama\u00f1os y configuraciones adicionales disponibles a pedido.<\/p><\/h4><\/div><div class=\"fusion-clearfix\"><\/div><\/div><\/div><\/div><\/div><div class=\"fusion-fullwidth fullwidth-box fusion-builder-row-6 hundred-percent-fullwidth non-hundred-percent-height-scrolling\" style=\"--awb-border-radius-top-left:0px;--awb-border-radius-top-right:0px;--awb-border-radius-bottom-right:0px;--awb-border-radius-bottom-left:0px;--awb-padding-top:20px;--awb-padding-right:5%;--awb-padding-left:5%;--awb-background-color:#cccccc;\" ><div class=\"fusion-builder-row fusion-row\"><div class=\"fusion-layout-column fusion_builder_column fusion-builder-column-10 fusion_builder_column_1_1 1_1 fusion-one-full fusion-column-first fusion-column-last\" style=\"--awb-bg-size:cover;\"><div class=\"fusion-column-wrapper fusion-flex-column-wrapper-legacy\"><div class=\"fusion-button-wrapper\"><a class=\"fusion-button button-flat button-medium button-custom fusion-button-default button-1 fusion-button-default-span fusion-button-default-type\" style=\"--button_accent_color:#ffffff;--button_accent_hover_color:#ffffff;--button_border_hover_color:#ffffff;--button_gradient_top_color:#bf000d;--button_gradient_bottom_color:#bf000d;--button_gradient_top_color_hover:#545454;--button_gradient_bottom_color_hover:#545454;\" target=\"_self\" href=\"https:\/\/www.elliott-tool.com\/es\/contactenos\/\"><span class=\"fusion-button-text\">P\u00f3ngase en contacto con nosotros para obtener m\u00e1s informaci\u00f3n o solicitar un presupuesto.<\/span><\/a><\/div><div class=\"fusion-clearfix\"><\/div><\/div><\/div><\/div><\/div>\n","protected":false},"excerpt":{"rendered":"<p>Dise\u00f1ado para ser utilizado en Aeroenfriadores, simplemente enrosque el tap\u00f3n y arandela en el orificio  del cabezal o caja de agua antes de poner el equipo en funcionamiento.<\/p>\n","protected":false},"author":2,"featured_media":15416,"parent":0,"menu_order":0,"comment_status":"closed","ping_status":"closed","template":"","meta":{"content-type":"","footnotes":""},"yoast_head":"<!-- This site is optimized with the Yoast SEO plugin v23.1 - https:\/\/yoast.com\/wordpress\/plugins\/seo\/ -->\n<title>Tap\u00f3n de cabezal y sello - Elliott Tool Technologies<\/title>\n<meta name=\"robots\" content=\"index, follow, max-snippet:-1, max-image-preview:large, max-video-preview:-1\" \/>\n<link rel=\"canonical\" href=\"https:\/\/www.elliott-tool.com\/es\/tapon-cabezal\/\" \/>\n<meta property=\"og:locale\" content=\"es_ES\" \/>\n<meta property=\"og:type\" content=\"article\" \/>\n<meta property=\"og:title\" content=\"Tap\u00f3n de cabezal y sello - Elliott Tool Technologies\" \/>\n<meta property=\"og:description\" content=\"Dise\u00f1ado para ser utilizado en Aeroenfriadores, simplemente enrosque el tap\u00f3n y arandela en el orificio del cabezal o caja de agua antes de poner el equipo en funcionamiento.\" \/>\n<meta property=\"og:url\" content=\"https:\/\/www.elliott-tool.com\/es\/tapon-cabezal\/\" \/>\n<meta property=\"og:site_name\" content=\"Elliott Tool Technologies\" \/>\n<meta property=\"article:publisher\" content=\"https:\/\/www.facebook.com\/elliotttool\" \/>\n<meta property=\"article:modified_time\" content=\"2024-05-28T19:14:42+00:00\" \/>\n<meta property=\"og:image\" content=\"https:\/\/www.elliott-tool.com\/wp-content\/uploads\/2022\/06\/Header-Plugs_Search.jpg\" \/>\n\t<meta property=\"og:image:width\" content=\"320\" \/>\n\t<meta property=\"og:image:height\" content=\"200\" \/>\n\t<meta property=\"og:image:type\" content=\"image\/jpeg\" \/>\n<meta name=\"twitter:card\" content=\"summary_large_image\" \/>\n<meta name=\"twitter:label1\" content=\"Tiempo de lectura\" \/>\n\t<meta name=\"twitter:data1\" content=\"20 minutos\" \/>\n<script type=\"application\/ld+json\" class=\"yoast-schema-graph\">{\"@context\":\"https:\/\/schema.org\",\"@graph\":[{\"@type\":\"WebPage\",\"@id\":\"https:\/\/www.elliott-tool.com\/es\/tapon-cabezal\/\",\"url\":\"https:\/\/www.elliott-tool.com\/es\/tapon-cabezal\/\",\"name\":\"Tap\u00f3n de cabezal y sello - Elliott Tool Technologies\",\"isPartOf\":{\"@id\":\"https:\/\/www.elliott-tool.com\/#website\"},\"primaryImageOfPage\":{\"@id\":\"https:\/\/www.elliott-tool.com\/es\/tapon-cabezal\/#primaryimage\"},\"image\":{\"@id\":\"https:\/\/www.elliott-tool.com\/es\/tapon-cabezal\/#primaryimage\"},\"thumbnailUrl\":\"https:\/\/www.elliott-tool.com\/wp-content\/uploads\/2022\/06\/Header-Plugs_Search.jpg\",\"datePublished\":\"2022-06-24T20:49:13+00:00\",\"dateModified\":\"2024-05-28T19:14:42+00:00\",\"breadcrumb\":{\"@id\":\"https:\/\/www.elliott-tool.com\/es\/tapon-cabezal\/#breadcrumb\"},\"inLanguage\":\"es\",\"potentialAction\":[{\"@type\":\"ReadAction\",\"target\":[\"https:\/\/www.elliott-tool.com\/es\/tapon-cabezal\/\"]}]},{\"@type\":\"ImageObject\",\"inLanguage\":\"es\",\"@id\":\"https:\/\/www.elliott-tool.com\/es\/tapon-cabezal\/#primaryimage\",\"url\":\"https:\/\/www.elliott-tool.com\/wp-content\/uploads\/2022\/06\/Header-Plugs_Search.jpg\",\"contentUrl\":\"https:\/\/www.elliott-tool.com\/wp-content\/uploads\/2022\/06\/Header-Plugs_Search.jpg\",\"width\":320,\"height\":200},{\"@type\":\"BreadcrumbList\",\"@id\":\"https:\/\/www.elliott-tool.com\/es\/tapon-cabezal\/#breadcrumb\",\"itemListElement\":[{\"@type\":\"ListItem\",\"position\":1,\"name\":\"Home\",\"item\":\"https:\/\/www.elliott-tool.com\/es\/\"},{\"@type\":\"ListItem\",\"position\":2,\"name\":\"Tap\u00f3n de cabezal y sello\"}]},{\"@type\":\"WebSite\",\"@id\":\"https:\/\/www.elliott-tool.com\/#website\",\"url\":\"https:\/\/www.elliott-tool.com\/\",\"name\":\"Elliott Tool Technologies\",\"description\":\"Quality Tube Tools For An &quot;I Need It Yesterday World&quot;.\",\"alternateName\":\"Elliott Tool\",\"potentialAction\":[{\"@type\":\"SearchAction\",\"target\":{\"@type\":\"EntryPoint\",\"urlTemplate\":\"https:\/\/www.elliott-tool.com\/?s={search_term_string}\"},\"query-input\":\"required name=search_term_string\"}],\"inLanguage\":\"es\"}]}<\/script>\n<!-- \/ Yoast SEO plugin. -->","yoast_head_json":{"title":"Tap\u00f3n de cabezal y sello - Elliott Tool Technologies","robots":{"index":"index","follow":"follow","max-snippet":"max-snippet:-1","max-image-preview":"max-image-preview:large","max-video-preview":"max-video-preview:-1"},"canonical":"https:\/\/www.elliott-tool.com\/es\/tapon-cabezal\/","og_locale":"es_ES","og_type":"article","og_title":"Tap\u00f3n de cabezal y sello - Elliott Tool Technologies","og_description":"Dise\u00f1ado para ser utilizado en Aeroenfriadores, simplemente enrosque el tap\u00f3n y arandela en el orificio del cabezal o caja de agua antes de poner el equipo en funcionamiento.","og_url":"https:\/\/www.elliott-tool.com\/es\/tapon-cabezal\/","og_site_name":"Elliott Tool Technologies","article_publisher":"https:\/\/www.facebook.com\/elliotttool","article_modified_time":"2024-05-28T19:14:42+00:00","og_image":[{"width":320,"height":200,"url":"https:\/\/www.elliott-tool.com\/wp-content\/uploads\/2022\/06\/Header-Plugs_Search.jpg","type":"image\/jpeg"}],"twitter_card":"summary_large_image","twitter_misc":{"Tiempo de lectura":"20 minutos"},"schema":{"@context":"https:\/\/schema.org","@graph":[{"@type":"WebPage","@id":"https:\/\/www.elliott-tool.com\/es\/tapon-cabezal\/","url":"https:\/\/www.elliott-tool.com\/es\/tapon-cabezal\/","name":"Tap\u00f3n de cabezal y sello - Elliott Tool Technologies","isPartOf":{"@id":"https:\/\/www.elliott-tool.com\/#website"},"primaryImageOfPage":{"@id":"https:\/\/www.elliott-tool.com\/es\/tapon-cabezal\/#primaryimage"},"image":{"@id":"https:\/\/www.elliott-tool.com\/es\/tapon-cabezal\/#primaryimage"},"thumbnailUrl":"https:\/\/www.elliott-tool.com\/wp-content\/uploads\/2022\/06\/Header-Plugs_Search.jpg","datePublished":"2022-06-24T20:49:13+00:00","dateModified":"2024-05-28T19:14:42+00:00","breadcrumb":{"@id":"https:\/\/www.elliott-tool.com\/es\/tapon-cabezal\/#breadcrumb"},"inLanguage":"es","potentialAction":[{"@type":"ReadAction","target":["https:\/\/www.elliott-tool.com\/es\/tapon-cabezal\/"]}]},{"@type":"ImageObject","inLanguage":"es","@id":"https:\/\/www.elliott-tool.com\/es\/tapon-cabezal\/#primaryimage","url":"https:\/\/www.elliott-tool.com\/wp-content\/uploads\/2022\/06\/Header-Plugs_Search.jpg","contentUrl":"https:\/\/www.elliott-tool.com\/wp-content\/uploads\/2022\/06\/Header-Plugs_Search.jpg","width":320,"height":200},{"@type":"BreadcrumbList","@id":"https:\/\/www.elliott-tool.com\/es\/tapon-cabezal\/#breadcrumb","itemListElement":[{"@type":"ListItem","position":1,"name":"Home","item":"https:\/\/www.elliott-tool.com\/es\/"},{"@type":"ListItem","position":2,"name":"Tap\u00f3n de cabezal y sello"}]},{"@type":"WebSite","@id":"https:\/\/www.elliott-tool.com\/#website","url":"https:\/\/www.elliott-tool.com\/","name":"Elliott Tool Technologies","description":"Quality Tube Tools For An &quot;I Need It Yesterday World&quot;.","alternateName":"Elliott Tool","potentialAction":[{"@type":"SearchAction","target":{"@type":"EntryPoint","urlTemplate":"https:\/\/www.elliott-tool.com\/?s={search_term_string}"},"query-input":"required name=search_term_string"}],"inLanguage":"es"}]}},"_links":{"self":[{"href":"https:\/\/www.elliott-tool.com\/es\/wp-json\/wp\/v2\/pages\/15690"}],"collection":[{"href":"https:\/\/www.elliott-tool.com\/es\/wp-json\/wp\/v2\/pages"}],"about":[{"href":"https:\/\/www.elliott-tool.com\/es\/wp-json\/wp\/v2\/types\/page"}],"author":[{"embeddable":true,"href":"https:\/\/www.elliott-tool.com\/es\/wp-json\/wp\/v2\/users\/2"}],"replies":[{"embeddable":true,"href":"https:\/\/www.elliott-tool.com\/es\/wp-json\/wp\/v2\/comments?post=15690"}],"version-history":[{"count":12,"href":"https:\/\/www.elliott-tool.com\/es\/wp-json\/wp\/v2\/pages\/15690\/revisions"}],"predecessor-version":[{"id":19671,"href":"https:\/\/www.elliott-tool.com\/es\/wp-json\/wp\/v2\/pages\/15690\/revisions\/19671"}],"wp:featuredmedia":[{"embeddable":true,"href":"https:\/\/www.elliott-tool.com\/es\/wp-json\/wp\/v2\/media\/15416"}],"wp:attachment":[{"href":"https:\/\/www.elliott-tool.com\/es\/wp-json\/wp\/v2\/media?parent=15690"}],"curies":[{"name":"wp","href":"https:\/\/api.w.org\/{rel}","templated":true}]}}